{"id":579,"date":"2024-06-26T22:04:27","date_gmt":"2024-06-26T22:04:27","guid":{"rendered":"https:\/\/monisimadelamuerte.es\/?page_id=579"},"modified":"2024-10-10T19:34:26","modified_gmt":"2024-10-10T17:34:26","slug":"casquete","status":"publish","type":"page","link":"https:\/\/monisimadelamuerte.es\/en\/casquete\/","title":{"rendered":"Skullcap"},"content":{"rendered":"<div data-elementor-type=\"wp-page\" data-elementor-id=\"579\" class=\"elementor elementor-579\" data-elementor-post-type=\"page\">\n\t\t\t\t\t\t<section class=\"elementor-section elementor-top-section elementor-element elementor-element-1664e89d elementor-section-height-min-height elementor-section-boxed elementor-section-height-default elementor-section-items-middle\" data-id=\"1664e89d\" data-element_type=\"section\" data-e-type=\"section\" data-settings=\"{&quot;background_background&quot;:&quot;classic&quot;}\">\n\t\t\t\t\t\t\t<div class=\"elementor-background-overlay\"><\/div>\n\t\t\t\t\t\t\t<div class=\"elementor-container elementor-column-gap-default\">\n\t\t\t\t\t<div class=\"elementor-column elementor-col-100 elementor-top-column elementor-element elementor-element-2429ccde\" data-id=\"2429ccde\" data-element_type=\"column\" data-e-type=\"column\">\n\t\t\t<div class=\"elementor-widget-wrap elementor-element-populated\">\n\t\t\t\t\t\t<div class=\"elementor-element elementor-element-47143c2e elementor-invisible elementor-widget elementor-widget-heading\" data-id=\"47143c2e\" data-element_type=\"widget\" data-e-type=\"widget\" data-settings=\"{&quot;_animation&quot;:&quot;fadeIn&quot;}\" data-widget_type=\"heading.default\">\n\t\t\t\t<div class=\"elementor-widget-container\">\n\t\t\t\t\t<h1 class=\"elementor-heading-title elementor-size-default\">Caps: classic and sophisticated style\n\n<\/h1>\t\t\t\t<\/div>\n\t\t\t\t<\/div>\n\t\t\t\t<div class=\"elementor-element elementor-element-60e8acf elementor-widget elementor-widget-text-editor\" data-id=\"60e8acf\" data-element_type=\"widget\" data-e-type=\"widget\" data-widget_type=\"text-editor.default\">\n\t\t\t\t<div class=\"elementor-widget-container\">\n\t\t\t\t\t\t\t\t\t<p><span style=\"font-weight: 400;\">Discover our selection of caps, designed to add a touch of elegance and distinction to your look. From classic designs to modern options, our caps are made from the finest materials to ensure comfort and style. Whether for formal events or everyday wear, find the perfect cap to complement your personal style with class and sophistication.<\/span><\/p>\t\t\t\t\t\t\t\t<\/div>\n\t\t\t\t<\/div>\n\t\t\t\t\t<\/div>\n\t\t<\/div>\n\t\t\t\t\t<\/div>\n\t\t<\/section>\n\t\t<div class=\"elementor-element elementor-element-be20f85 e-flex e-con-boxed e-con e-parent\" data-id=\"be20f85\" data-element_type=\"container\" data-e-type=\"container\" data-settings=\"{&quot;background_background&quot;:&quot;classic&quot;}\">\n\t\t\t\t\t<div class=\"e-con-inner\">\n\t\t<div class=\"elementor-element elementor-element-7173ee8 e-con-full e-flex e-con e-child\" data-id=\"7173ee8\" data-element_type=\"container\" data-e-type=\"container\">\n\t\t\t\t<div class=\"elementor-element elementor-element-2fa9c88 elementor-grid-3 elementor-grid-mobile-1 elementor-grid-tablet-3 elementor-products-grid elementor-wc-products elementor-show-pagination-border-yes elementor-widget elementor-widget-woocommerce-products\" data-id=\"2fa9c88\" data-element_type=\"widget\" data-e-type=\"widget\" data-widget_type=\"woocommerce-products.default\">\n\t\t\t\t<div class=\"elementor-widget-container\">\n\t\t\t\t\t<div class=\"woocommerce columns-3\"><span class=\"wpfHidden\" data-shortcode-attribute=\"{&quot;limit&quot;:&quot;-1&quot;,&quot;columns&quot;:3,&quot;rows&quot;:2,&quot;orderby&quot;:&quot;&quot;,&quot;order&quot;:&quot;&quot;,&quot;ids&quot;:&quot;&quot;,&quot;skus&quot;:&quot;&quot;,&quot;category&quot;:&quot;&quot;,&quot;cat_operator&quot;:&quot;IN&quot;,&quot;attribute&quot;:&quot;&quot;,&quot;terms&quot;:&quot;&quot;,&quot;terms_operator&quot;:&quot;IN&quot;,&quot;tag&quot;:&quot;&quot;,&quot;tag_operator&quot;:&quot;IN&quot;,&quot;visibility&quot;:&quot;visible&quot;,&quot;class&quot;:&quot;&quot;,&quot;page&quot;:1,&quot;paginate&quot;:&quot;yes&quot;,&quot;cache&quot;:false}\"><\/span><div class=\"woocommerce-notices-wrapper\"><\/div><ul class=\"products elementor-grid columns-3\">\n<li class=\"product type-product post-4263 status-publish first instock product_cat-casquete has-post-thumbnail taxable shipping-taxable purchasable product-type-simple\">\n\t<div class=\"nv-card-content-wrapper\"><a href=\"https:\/\/monisimadelamuerte.es\/en\/product\/casquete-alga-invitada-elegante-madrid\/\" class=\"woocommerce-LoopProduct-link woocommerce-loop-product__link\"><div class=\"sp-product-image\"><div class=\"img-wrap\"><img fetchpriority=\"high\" decoding=\"async\" width=\"600\" height=\"1067\" src=\"https:\/\/monisimadelamuerte.es\/wp-content\/uploads\/2024\/07\/IMG_20210304_133424_1ok-scaled-1-600x1067.jpg\" class=\"attachment-woocommerce_thumbnail size-woocommerce_thumbnail\" alt=\"Casquete Alga\" srcset=\"https:\/\/monisimadelamuerte.es\/wp-content\/uploads\/2024\/07\/IMG_20210304_133424_1ok-scaled-1-600x1067.jpg 600w, https:\/\/monisimadelamuerte.es\/wp-content\/uploads\/2024\/07\/IMG_20210304_133424_1ok-scaled-1-800x1422.jpg 800w, https:\/\/monisimadelamuerte.es\/wp-content\/uploads\/2024\/07\/IMG_20210304_133424_1ok-scaled-1.jpg 1440w\" sizes=\"(max-width: 600px) 100vw, 600px\" \/><\/div><\/div><h2 class=\"woocommerce-loop-product__title\">Algae Cap<\/h2>\n\t<span class=\"price\"><span class=\"woocommerce-Price-amount amount\"><bdi>100,00&nbsp;<span class=\"woocommerce-Price-currencySymbol\">\u20ac<\/span><\/bdi><\/span><\/span>\n<\/a><a href=\"\/en\/wp-json\/wp\/v2\/pages\/579?add-to-cart=4263\" aria-describedby=\"woocommerce_loop_add_to_cart_link_describedby_4263\" data-quantity=\"1\" class=\"button product_type_simple add_to_cart_button ajax_add_to_cart\" data-product_id=\"4263\" data-product_sku=\"\" aria-label=\"Add to basket: \u201cCasquete Alga\u201d\" rel=\"nofollow\" data-success_message=\"\u201cCasquete Alga\u201d has been added to your cart\" role=\"button\" data-no-translation=\"\" data-trp-gettext=\"\" data-no-translation-aria-label=\"\" data-no-translation-data-success_message=\"\">Add to basket<\/a>\t<span id=\"woocommerce_loop_add_to_cart_link_describedby_4263\" class=\"screen-reader-text\">\n\t\t\t<\/span>\n<\/div><\/li>\n<li class=\"product type-product post-4262 status-publish instock product_cat-casquete has-post-thumbnail taxable shipping-taxable purchasable product-type-simple\">\n\t<div class=\"nv-card-content-wrapper\"><a href=\"https:\/\/monisimadelamuerte.es\/en\/product\/casquete-violetinas-invitada-elegante-madrid\/\" class=\"woocommerce-LoopProduct-link woocommerce-loop-product__link\"><div class=\"sp-product-image\"><div class=\"img-wrap\"><img decoding=\"async\" width=\"600\" height=\"1067\" src=\"https:\/\/monisimadelamuerte.es\/wp-content\/uploads\/2024\/07\/IMG_20210304_133755ok-scaled-1-600x1067.jpg\" class=\"attachment-woocommerce_thumbnail size-woocommerce_thumbnail\" alt=\"Casquete Violetinas\" srcset=\"https:\/\/monisimadelamuerte.es\/wp-content\/uploads\/2024\/07\/IMG_20210304_133755ok-scaled-1-600x1067.jpg 600w, https:\/\/monisimadelamuerte.es\/wp-content\/uploads\/2024\/07\/IMG_20210304_133755ok-scaled-1-800x1422.jpg 800w, https:\/\/monisimadelamuerte.es\/wp-content\/uploads\/2024\/07\/IMG_20210304_133755ok-scaled-1.jpg 1440w\" sizes=\"(max-width: 600px) 100vw, 600px\" \/><\/div><\/div><h2 class=\"woocommerce-loop-product__title\">Violet Cap<\/h2>\n\t<span class=\"price\"><span class=\"woocommerce-Price-amount amount\"><bdi>100,00&nbsp;<span class=\"woocommerce-Price-currencySymbol\">\u20ac<\/span><\/bdi><\/span><\/span>\n<\/a><a href=\"\/en\/wp-json\/wp\/v2\/pages\/579?add-to-cart=4262\" aria-describedby=\"woocommerce_loop_add_to_cart_link_describedby_4262\" data-quantity=\"1\" class=\"button product_type_simple add_to_cart_button ajax_add_to_cart\" data-product_id=\"4262\" data-product_sku=\"\" aria-label=\"Add to basket: \u201cCasquete Violetinas\u201d\" rel=\"nofollow\" data-success_message=\"\u201cCasquete Violetinas\u201d has been added to your cart\" role=\"button\" data-no-translation=\"\" data-trp-gettext=\"\" data-no-translation-aria-label=\"\" data-no-translation-data-success_message=\"\">Add to basket<\/a>\t<span id=\"woocommerce_loop_add_to_cart_link_describedby_4262\" class=\"screen-reader-text\">\n\t\t\t<\/span>\n<\/div><\/li>\n<li class=\"product type-product post-4260 status-publish last instock product_cat-casquete has-post-thumbnail taxable shipping-taxable purchasable product-type-simple\">\n\t<div class=\"nv-card-content-wrapper\"><a href=\"https:\/\/monisimadelamuerte.es\/en\/product\/casquete-azafata-invitada-elegante-madrid\/\" class=\"woocommerce-LoopProduct-link woocommerce-loop-product__link\"><div class=\"sp-product-image\"><div class=\"img-wrap\"><img decoding=\"async\" width=\"600\" height=\"1067\" src=\"https:\/\/monisimadelamuerte.es\/wp-content\/uploads\/2024\/07\/IMG_20210304_133456_1ok-scaled-1-600x1067.jpg\" class=\"attachment-woocommerce_thumbnail size-woocommerce_thumbnail\" alt=\"Casquete Azafata\" srcset=\"https:\/\/monisimadelamuerte.es\/wp-content\/uploads\/2024\/07\/IMG_20210304_133456_1ok-scaled-1-600x1067.jpg 600w, https:\/\/monisimadelamuerte.es\/wp-content\/uploads\/2024\/07\/IMG_20210304_133456_1ok-scaled-1-800x1422.jpg 800w, https:\/\/monisimadelamuerte.es\/wp-content\/uploads\/2024\/07\/IMG_20210304_133456_1ok-scaled-1.jpg 1440w\" sizes=\"(max-width: 600px) 100vw, 600px\" \/><\/div><\/div><h2 class=\"woocommerce-loop-product__title\">Stewardess Cap<\/h2>\n\t<span class=\"price\"><span class=\"woocommerce-Price-amount amount\"><bdi>100,00&nbsp;<span class=\"woocommerce-Price-currencySymbol\">\u20ac<\/span><\/bdi><\/span><\/span>\n<\/a><a href=\"\/en\/wp-json\/wp\/v2\/pages\/579?add-to-cart=4260\" aria-describedby=\"woocommerce_loop_add_to_cart_link_describedby_4260\" data-quantity=\"1\" class=\"button product_type_simple add_to_cart_button ajax_add_to_cart\" data-product_id=\"4260\" data-product_sku=\"\" aria-label=\"Add to basket: \u201cCasquete Azafata\u201d\" rel=\"nofollow\" data-success_message=\"\u201cCasquete Azafata\u201d has been added to your cart\" role=\"button\" data-no-translation=\"\" data-trp-gettext=\"\" data-no-translation-aria-label=\"\" data-no-translation-data-success_message=\"\">Add to basket<\/a>\t<span id=\"woocommerce_loop_add_to_cart_link_describedby_4260\" class=\"screen-reader-text\">\n\t\t\t<\/span>\n<\/div><\/li>\n<li class=\"product type-product post-4258 status-publish first instock product_cat-casquete has-post-thumbnail taxable shipping-taxable purchasable product-type-simple\">\n\t<div class=\"nv-card-content-wrapper\"><a href=\"https:\/\/monisimadelamuerte.es\/en\/product\/casquete-avestruz-invitadada-elegante-madrid\/\" class=\"woocommerce-LoopProduct-link woocommerce-loop-product__link\"><div class=\"sp-product-image\"><div class=\"img-wrap\"><img loading=\"lazy\" decoding=\"async\" width=\"600\" height=\"1067\" src=\"https:\/\/monisimadelamuerte.es\/wp-content\/uploads\/2024\/07\/IMG_20210304_120826ok-scaled-1-600x1067.jpg\" class=\"attachment-woocommerce_thumbnail size-woocommerce_thumbnail\" alt=\"Casquete Esbelta\" srcset=\"https:\/\/monisimadelamuerte.es\/wp-content\/uploads\/2024\/07\/IMG_20210304_120826ok-scaled-1-600x1067.jpg 600w, https:\/\/monisimadelamuerte.es\/wp-content\/uploads\/2024\/07\/IMG_20210304_120826ok-scaled-1-800x1422.jpg 800w, https:\/\/monisimadelamuerte.es\/wp-content\/uploads\/2024\/07\/IMG_20210304_120826ok-scaled-1.jpg 1440w\" sizes=\"(max-width: 600px) 100vw, 600px\" \/><\/div><\/div><h2 class=\"woocommerce-loop-product__title\">Slender Cap<\/h2>\n\t<span class=\"price\"><span class=\"woocommerce-Price-amount amount\"><bdi>120,00&nbsp;<span class=\"woocommerce-Price-currencySymbol\">\u20ac<\/span><\/bdi><\/span><\/span>\n<\/a><a href=\"\/en\/wp-json\/wp\/v2\/pages\/579?add-to-cart=4258\" aria-describedby=\"woocommerce_loop_add_to_cart_link_describedby_4258\" data-quantity=\"1\" class=\"button product_type_simple add_to_cart_button ajax_add_to_cart\" data-product_id=\"4258\" data-product_sku=\"\" aria-label=\"Add to basket: \u201cCasquete Esbelta\u201d\" rel=\"nofollow\" data-success_message=\"\u201cCasquete Esbelta\u201d has been added to your cart\" role=\"button\" data-no-translation=\"\" data-trp-gettext=\"\" data-no-translation-aria-label=\"\" data-no-translation-data-success_message=\"\">Add to basket<\/a>\t<span id=\"woocommerce_loop_add_to_cart_link_describedby_4258\" class=\"screen-reader-text\">\n\t\t\t<\/span>\n<\/div><\/li>\n<\/ul>\n<\/div>\t\t\t\t<\/div>\n\t\t\t\t<\/div>\n\t\t\t\t<\/div>\n\t\t\t\t\t<\/div>\n\t\t\t\t<\/div>\n\t\t\t\t<\/div>","protected":false},"excerpt":{"rendered":"<p>Skullcaps: Classic and Sophisticated Style Discover our selection of skullcaps, designed to add a touch of elegance and distinction to your look. From classic designs to modern options, our skullcaps are crafted from the finest materials to ensure comfort and style. Whether for formal events or everyday wear, find the\u2026&nbsp;<a href=\"https:\/\/monisimadelamuerte.es\/en\/casquete\/\" rel=\"bookmark\">Read More \u00bb<span class=\"screen-reader-text\">Skullcap<\/span><\/a><\/p>","protected":false},"author":1,"featured_media":0,"parent":0,"menu_order":0,"comment_status":"closed","ping_status":"closed","template":"page-templates\/template-pagebuilder-full-width.php","meta":{"neve_meta_sidebar":"","neve_meta_container":"","neve_meta_enable_content_width":"off","neve_meta_content_width":100,"neve_meta_title_alignment":"","neve_meta_author_avatar":"","neve_post_elements_order":"","neve_meta_disable_header":"","neve_meta_disable_footer":"","neve_meta_disable_title":"","_joinchat":[],"footnotes":""},"class_list":["post-579","page","type-page","status-publish","hentry"],"yoast_head":"<!-- This site is optimized with the Yoast SEO plugin v27.0 - https:\/\/yoast.com\/product\/yoast-seo-wordpress\/ -->\n<title>Casquete - Mon\u00edsima de la Muerte<\/title>\n<meta name=\"robots\" content=\"index, follow, max-snippet:-1, max-image-preview:large, max-video-preview:-1\" \/>\n<link rel=\"canonical\" href=\"https:\/\/monisimadelamuerte.es\/en\/casquete\/\" \/>\n<meta property=\"og:locale\" content=\"en_GB\" \/>\n<meta property=\"og:type\" content=\"article\" \/>\n<meta property=\"og:title\" content=\"Casquete - Mon\u00edsima de la Muerte\" \/>\n<meta property=\"og:description\" content=\"Casquetes: estilo cl\u00e1sico y sofisticado Descubre nuestra selecci\u00f3n de casquetes, dise\u00f1ados para a\u00f1adir un toque de elegancia y distinci\u00f3n a tu look. Desde dise\u00f1os cl\u00e1sicos hasta opciones modernas, nuestros casquetes est\u00e1n confeccionados con los materiales m\u00e1s finos para garantizar confort y estilo. Ya sea para eventos formales o para el d\u00eda a d\u00eda, encuentra el&hellip;&nbsp;Read More &raquo;Casquete\" \/>\n<meta property=\"og:url\" content=\"https:\/\/monisimadelamuerte.es\/en\/casquete\/\" \/>\n<meta property=\"og:site_name\" content=\"Mon\u00edsima de la Muerte\" \/>\n<meta property=\"article:publisher\" content=\"https:\/\/www.facebook.com\/people\/monisimadelamuertees\/100046440565329\/?ref=page_internal&amp;path=monisimadelamuertees-297880507039784\" \/>\n<meta property=\"article:modified_time\" content=\"2024-10-10T17:34:26+00:00\" \/>\n<meta name=\"twitter:card\" content=\"summary_large_image\" \/>\n<script type=\"application\/ld+json\" class=\"yoast-schema-graph\">{\"@context\":\"https:\/\/schema.org\",\"@graph\":[{\"@type\":\"WebPage\",\"@id\":\"https:\/\/monisimadelamuerte.es\/casquete\/\",\"url\":\"https:\/\/monisimadelamuerte.es\/casquete\/\",\"name\":\"Casquete - Mon\u00edsima de la Muerte\",\"isPartOf\":{\"@id\":\"https:\/\/monisimadelamuerte.es\/#website\"},\"datePublished\":\"2024-06-26T22:04:27+00:00\",\"dateModified\":\"2024-10-10T17:34:26+00:00\",\"breadcrumb\":{\"@id\":\"https:\/\/monisimadelamuerte.es\/casquete\/#breadcrumb\"},\"inLanguage\":\"en-GB\",\"potentialAction\":[{\"@type\":\"ReadAction\",\"target\":[\"https:\/\/monisimadelamuerte.es\/casquete\/\"]}]},{\"@type\":\"BreadcrumbList\",\"@id\":\"https:\/\/monisimadelamuerte.es\/casquete\/#breadcrumb\",\"itemListElement\":[{\"@type\":\"ListItem\",\"position\":1,\"name\":\"Portada\",\"item\":\"https:\/\/monisimadelamuerte.es\/\"},{\"@type\":\"ListItem\",\"position\":2,\"name\":\"Casquete\"}]},{\"@type\":\"WebSite\",\"@id\":\"https:\/\/monisimadelamuerte.es\/#website\",\"url\":\"https:\/\/monisimadelamuerte.es\/\",\"name\":\"monisimadelamuerte.es\",\"description\":\"\",\"potentialAction\":[{\"@type\":\"SearchAction\",\"target\":{\"@type\":\"EntryPoint\",\"urlTemplate\":\"https:\/\/monisimadelamuerte.es\/?s={search_term_string}\"},\"query-input\":{\"@type\":\"PropertyValueSpecification\",\"valueRequired\":true,\"valueName\":\"search_term_string\"}}],\"inLanguage\":\"en-GB\"}]}<\/script>\n<!-- \/ Yoast SEO plugin. -->","yoast_head_json":{"title":"Casquete - Mon\u00edsima de la Muerte","robots":{"index":"index","follow":"follow","max-snippet":"max-snippet:-1","max-image-preview":"max-image-preview:large","max-video-preview":"max-video-preview:-1"},"canonical":"https:\/\/monisimadelamuerte.es\/en\/casquete\/","og_locale":"en_GB","og_type":"article","og_title":"Casquete - Mon\u00edsima de la Muerte","og_description":"Casquetes: estilo cl\u00e1sico y sofisticado Descubre nuestra selecci\u00f3n de casquetes, dise\u00f1ados para a\u00f1adir un toque de elegancia y distinci\u00f3n a tu look. Desde dise\u00f1os cl\u00e1sicos hasta opciones modernas, nuestros casquetes est\u00e1n confeccionados con los materiales m\u00e1s finos para garantizar confort y estilo. Ya sea para eventos formales o para el d\u00eda a d\u00eda, encuentra el&hellip;&nbsp;Read More &raquo;Casquete","og_url":"https:\/\/monisimadelamuerte.es\/en\/casquete\/","og_site_name":"Mon\u00edsima de la Muerte","article_publisher":"https:\/\/www.facebook.com\/people\/monisimadelamuertees\/100046440565329\/?ref=page_internal&path=monisimadelamuertees-297880507039784","article_modified_time":"2024-10-10T17:34:26+00:00","twitter_card":"summary_large_image","schema":{"@context":"https:\/\/schema.org","@graph":[{"@type":"WebPage","@id":"https:\/\/monisimadelamuerte.es\/casquete\/","url":"https:\/\/monisimadelamuerte.es\/casquete\/","name":"Casquete - Mon\u00edsima de la Muerte","isPartOf":{"@id":"https:\/\/monisimadelamuerte.es\/#website"},"datePublished":"2024-06-26T22:04:27+00:00","dateModified":"2024-10-10T17:34:26+00:00","breadcrumb":{"@id":"https:\/\/monisimadelamuerte.es\/casquete\/#breadcrumb"},"inLanguage":"en-GB","potentialAction":[{"@type":"ReadAction","target":["https:\/\/monisimadelamuerte.es\/casquete\/"]}]},{"@type":"BreadcrumbList","@id":"https:\/\/monisimadelamuerte.es\/casquete\/#breadcrumb","itemListElement":[{"@type":"ListItem","position":1,"name":"Portada","item":"https:\/\/monisimadelamuerte.es\/"},{"@type":"ListItem","position":2,"name":"Casquete"}]},{"@type":"WebSite","@id":"https:\/\/monisimadelamuerte.es\/#website","url":"https:\/\/monisimadelamuerte.es\/","name":"monisimadelamuerte.es","description":"","potentialAction":[{"@type":"SearchAction","target":{"@type":"EntryPoint","urlTemplate":"https:\/\/monisimadelamuerte.es\/?s={search_term_string}"},"query-input":{"@type":"PropertyValueSpecification","valueRequired":true,"valueName":"search_term_string"}}],"inLanguage":"en-GB"}]}},"_links":{"self":[{"href":"https:\/\/monisimadelamuerte.es\/en\/wp-json\/wp\/v2\/pages\/579","targetHints":{"allow":["GET"]}}],"collection":[{"href":"https:\/\/monisimadelamuerte.es\/en\/wp-json\/wp\/v2\/pages"}],"about":[{"href":"https:\/\/monisimadelamuerte.es\/en\/wp-json\/wp\/v2\/types\/page"}],"author":[{"embeddable":true,"href":"https:\/\/monisimadelamuerte.es\/en\/wp-json\/wp\/v2\/users\/1"}],"replies":[{"embeddable":true,"href":"https:\/\/monisimadelamuerte.es\/en\/wp-json\/wp\/v2\/comments?post=579"}],"version-history":[{"count":13,"href":"https:\/\/monisimadelamuerte.es\/en\/wp-json\/wp\/v2\/pages\/579\/revisions"}],"predecessor-version":[{"id":5276,"href":"https:\/\/monisimadelamuerte.es\/en\/wp-json\/wp\/v2\/pages\/579\/revisions\/5276"}],"wp:attachment":[{"href":"https:\/\/monisimadelamuerte.es\/en\/wp-json\/wp\/v2\/media?parent=579"}],"curies":[{"name":"wp","href":"https:\/\/api.w.org\/{rel}","templated":true}]}}