{"id":574,"date":"2024-06-26T22:02:04","date_gmt":"2024-06-26T22:02:04","guid":{"rendered":"https:\/\/monisimadelamuerte.es\/?page_id=574"},"modified":"2024-10-10T19:37:56","modified_gmt":"2024-10-10T17:37:56","slug":"turbantes","status":"publish","type":"page","link":"https:\/\/monisimadelamuerte.es\/en\/turbantes\/","title":{"rendered":"Turbans"},"content":{"rendered":"<div data-elementor-type=\"wp-page\" data-elementor-id=\"574\" class=\"elementor elementor-574\" data-elementor-post-type=\"page\">\n\t\t\t\t\t\t<section class=\"elementor-section elementor-top-section elementor-element elementor-element-1664e89d elementor-section-height-min-height elementor-section-boxed elementor-section-height-default elementor-section-items-middle\" data-id=\"1664e89d\" data-element_type=\"section\" data-e-type=\"section\" data-settings=\"{&quot;background_background&quot;:&quot;classic&quot;}\">\n\t\t\t\t\t\t\t<div class=\"elementor-background-overlay\"><\/div>\n\t\t\t\t\t\t\t<div class=\"elementor-container elementor-column-gap-default\">\n\t\t\t\t\t<div class=\"elementor-column elementor-col-100 elementor-top-column elementor-element elementor-element-2429ccde\" data-id=\"2429ccde\" data-element_type=\"column\" data-e-type=\"column\">\n\t\t\t<div class=\"elementor-widget-wrap elementor-element-populated\">\n\t\t\t\t\t\t<div class=\"elementor-element elementor-element-47143c2e elementor-invisible elementor-widget elementor-widget-heading\" data-id=\"47143c2e\" data-element_type=\"widget\" data-e-type=\"widget\" data-settings=\"{&quot;_animation&quot;:&quot;fadeIn&quot;}\" data-widget_type=\"heading.default\">\n\t\t\t\t<div class=\"elementor-widget-container\">\n\t\t\t\t\t<h1 class=\"elementor-heading-title elementor-size-default\">Turbans: style and versatility in every turn\n<\/h1>\t\t\t\t<\/div>\n\t\t\t\t<\/div>\n\t\t\t\t<div class=\"elementor-element elementor-element-60e8acf elementor-widget elementor-widget-text-editor\" data-id=\"60e8acf\" data-element_type=\"widget\" data-e-type=\"widget\" data-widget_type=\"text-editor.default\">\n\t\t\t\t<div class=\"elementor-widget-container\">\n\t\t\t\t\t\t\t\t\t<p><span style=\"font-weight: 400;\">Discover our collection of turbans designed to add a touch of fashion and sophistication to your everyday style. From sleek, minimalist options to vibrant prints and unique textures, our turbans are designed to complement any occasion with elegance and comfort. Find the perfect turban that reflects your personality and enhances your natural beauty. With high-quality materials and carefully crafted designs, each turban is a statement of style and versatility.<\/span><\/p><p>\u00a0<\/p>\t\t\t\t\t\t\t\t<\/div>\n\t\t\t\t<\/div>\n\t\t\t\t\t<\/div>\n\t\t<\/div>\n\t\t\t\t\t<\/div>\n\t\t<\/section>\n\t\t<div class=\"elementor-element elementor-element-be20f85 e-flex e-con-boxed e-con e-parent\" data-id=\"be20f85\" data-element_type=\"container\" data-e-type=\"container\" data-settings=\"{&quot;background_background&quot;:&quot;classic&quot;}\">\n\t\t\t\t\t<div class=\"e-con-inner\">\n\t\t<div class=\"elementor-element elementor-element-7173ee8 e-con-full e-flex e-con e-child\" data-id=\"7173ee8\" data-element_type=\"container\" data-e-type=\"container\">\n\t\t\t\t<div class=\"elementor-element elementor-element-2fa9c88 elementor-grid-3 elementor-grid-mobile-1 elementor-grid-tablet-3 elementor-products-grid elementor-wc-products elementor-show-pagination-border-yes elementor-widget elementor-widget-woocommerce-products\" data-id=\"2fa9c88\" data-element_type=\"widget\" data-e-type=\"widget\" data-widget_type=\"woocommerce-products.default\">\n\t\t\t\t<div class=\"elementor-widget-container\">\n\t\t\t\t\t<div class=\"woocommerce columns-3\"><span class=\"wpfHidden\" data-shortcode-attribute=\"{&quot;limit&quot;:&quot;-1&quot;,&quot;columns&quot;:3,&quot;rows&quot;:2,&quot;orderby&quot;:&quot;&quot;,&quot;order&quot;:&quot;&quot;,&quot;ids&quot;:&quot;&quot;,&quot;skus&quot;:&quot;&quot;,&quot;category&quot;:&quot;&quot;,&quot;cat_operator&quot;:&quot;IN&quot;,&quot;attribute&quot;:&quot;&quot;,&quot;terms&quot;:&quot;&quot;,&quot;terms_operator&quot;:&quot;IN&quot;,&quot;tag&quot;:&quot;&quot;,&quot;tag_operator&quot;:&quot;IN&quot;,&quot;visibility&quot;:&quot;visible&quot;,&quot;class&quot;:&quot;&quot;,&quot;page&quot;:1,&quot;paginate&quot;:&quot;yes&quot;,&quot;cache&quot;:false}\"><\/span><div class=\"woocommerce-notices-wrapper\"><\/div><ul class=\"products elementor-grid columns-3\">\n<li class=\"product type-product post-5755 status-publish first instock product_cat-turbantes has-post-thumbnail taxable shipping-taxable purchasable product-type-simple\">\n\t<div class=\"nv-card-content-wrapper\"><a href=\"https:\/\/monisimadelamuerte.es\/en\/product\/turbante-invitadas-novia-madrid-agatha-monisima-de-la-muerte\/\" class=\"woocommerce-LoopProduct-link woocommerce-loop-product__link\"><div class=\"sp-product-image\"><div class=\"img-wrap\"><img fetchpriority=\"high\" decoding=\"async\" width=\"600\" height=\"800\" src=\"https:\/\/monisimadelamuerte.es\/wp-content\/uploads\/2025\/05\/656f5cd9-0096-45a2-816f-e4d39169d3cf-600x800.jpeg\" class=\"attachment-woocommerce_thumbnail size-woocommerce_thumbnail\" alt=\"Turbante Agatha\" srcset=\"https:\/\/monisimadelamuerte.es\/wp-content\/uploads\/2025\/05\/656f5cd9-0096-45a2-816f-e4d39169d3cf-600x800.jpeg 600w, https:\/\/monisimadelamuerte.es\/wp-content\/uploads\/2025\/05\/656f5cd9-0096-45a2-816f-e4d39169d3cf-225x300.jpeg 225w, https:\/\/monisimadelamuerte.es\/wp-content\/uploads\/2025\/05\/656f5cd9-0096-45a2-816f-e4d39169d3cf-768x1024.jpeg 768w, https:\/\/monisimadelamuerte.es\/wp-content\/uploads\/2025\/05\/656f5cd9-0096-45a2-816f-e4d39169d3cf-1152x1536.jpeg 1152w, https:\/\/monisimadelamuerte.es\/wp-content\/uploads\/2025\/05\/656f5cd9-0096-45a2-816f-e4d39169d3cf-9x12.jpeg 9w, https:\/\/monisimadelamuerte.es\/wp-content\/uploads\/2025\/05\/656f5cd9-0096-45a2-816f-e4d39169d3cf-800x1067.jpeg 800w, https:\/\/monisimadelamuerte.es\/wp-content\/uploads\/2025\/05\/656f5cd9-0096-45a2-816f-e4d39169d3cf.jpeg 1200w\" sizes=\"(max-width: 600px) 100vw, 600px\" \/><\/div><\/div><h2 class=\"woocommerce-loop-product__title\">Agatha Turban<\/h2>\n\t<span class=\"price\"><span class=\"woocommerce-Price-amount amount\"><bdi>155,00&nbsp;<span class=\"woocommerce-Price-currencySymbol\">\u20ac<\/span><\/bdi><\/span><\/span>\n<\/a><a href=\"\/en\/wp-json\/wp\/v2\/pages\/574?add-to-cart=5755\" aria-describedby=\"woocommerce_loop_add_to_cart_link_describedby_5755\" data-quantity=\"1\" class=\"button product_type_simple add_to_cart_button ajax_add_to_cart\" data-product_id=\"5755\" data-product_sku=\"\" aria-label=\"Add to basket: \u201cTurbante Agatha\u201d\" rel=\"nofollow\" data-success_message=\"\u201cTurbante Agatha\u201d has been added to your cart\" role=\"button\" data-no-translation=\"\" data-trp-gettext=\"\" data-no-translation-aria-label=\"\" data-no-translation-data-success_message=\"\">Add to basket<\/a>\t<span id=\"woocommerce_loop_add_to_cart_link_describedby_5755\" class=\"screen-reader-text\">\n\t\t\t<\/span>\n<\/div><\/li>\n<li class=\"product type-product post-5753 status-publish instock product_cat-turbantes has-post-thumbnail taxable shipping-taxable purchasable product-type-simple\">\n\t<div class=\"nv-card-content-wrapper\"><a href=\"https:\/\/monisimadelamuerte.es\/en\/product\/turbante-elegante-invitadas-madrid-pluma-de-gallo-monisima-de-la-muerte\/\" class=\"woocommerce-LoopProduct-link woocommerce-loop-product__link\"><div class=\"sp-product-image\"><div class=\"img-wrap\"><img decoding=\"async\" width=\"600\" height=\"750\" src=\"https:\/\/monisimadelamuerte.es\/wp-content\/uploads\/2025\/05\/2284FC2E-F14B-4918-B981-4E759FC53D3E-600x750.jpeg\" class=\"attachment-woocommerce_thumbnail size-woocommerce_thumbnail\" alt=\"Turbante Pluma de gallo\" srcset=\"https:\/\/monisimadelamuerte.es\/wp-content\/uploads\/2025\/05\/2284FC2E-F14B-4918-B981-4E759FC53D3E-600x750.jpeg 600w, https:\/\/monisimadelamuerte.es\/wp-content\/uploads\/2025\/05\/2284FC2E-F14B-4918-B981-4E759FC53D3E-240x300.jpeg 240w, https:\/\/monisimadelamuerte.es\/wp-content\/uploads\/2025\/05\/2284FC2E-F14B-4918-B981-4E759FC53D3E-819x1024.jpeg 819w, https:\/\/monisimadelamuerte.es\/wp-content\/uploads\/2025\/05\/2284FC2E-F14B-4918-B981-4E759FC53D3E-768x960.jpeg 768w, https:\/\/monisimadelamuerte.es\/wp-content\/uploads\/2025\/05\/2284FC2E-F14B-4918-B981-4E759FC53D3E-1229x1536.jpeg 1229w, https:\/\/monisimadelamuerte.es\/wp-content\/uploads\/2025\/05\/2284FC2E-F14B-4918-B981-4E759FC53D3E-10x12.jpeg 10w, https:\/\/monisimadelamuerte.es\/wp-content\/uploads\/2025\/05\/2284FC2E-F14B-4918-B981-4E759FC53D3E-800x1000.jpeg 800w, https:\/\/monisimadelamuerte.es\/wp-content\/uploads\/2025\/05\/2284FC2E-F14B-4918-B981-4E759FC53D3E.jpeg 1638w\" sizes=\"(max-width: 600px) 100vw, 600px\" \/><\/div><\/div><h2 class=\"woocommerce-loop-product__title\">Rooster Feather Turban<\/h2>\n\t<span class=\"price\"><span class=\"woocommerce-Price-amount amount\"><bdi>185,00&nbsp;<span class=\"woocommerce-Price-currencySymbol\">\u20ac<\/span><\/bdi><\/span><\/span>\n<\/a><a href=\"\/en\/wp-json\/wp\/v2\/pages\/574?add-to-cart=5753\" aria-describedby=\"woocommerce_loop_add_to_cart_link_describedby_5753\" data-quantity=\"1\" class=\"button product_type_simple add_to_cart_button ajax_add_to_cart\" data-product_id=\"5753\" data-product_sku=\"\" aria-label=\"Add to basket: \u201cTurbante Pluma de gallo\u201d\" rel=\"nofollow\" data-success_message=\"\u201cTurbante Pluma de gallo\u201d has been added to your cart\" role=\"button\" data-no-translation=\"\" data-trp-gettext=\"\" data-no-translation-aria-label=\"\" data-no-translation-data-success_message=\"\">Add to basket<\/a>\t<span id=\"woocommerce_loop_add_to_cart_link_describedby_5753\" class=\"screen-reader-text\">\n\t\t\t<\/span>\n<\/div><\/li>\n<li class=\"product type-product post-5735 status-publish last instock product_cat-turbantes has-post-thumbnail taxable shipping-taxable purchasable product-type-simple\">\n\t<div class=\"nv-card-content-wrapper\"><a href=\"https:\/\/monisimadelamuerte.es\/en\/product\/turbante-invitada-elegante-madrid-caliope-monisima-de-la-muerte\/\" class=\"woocommerce-LoopProduct-link woocommerce-loop-product__link\"><div class=\"sp-product-image\"><div class=\"img-wrap\"><img decoding=\"async\" width=\"600\" height=\"800\" src=\"https:\/\/monisimadelamuerte.es\/wp-content\/uploads\/2025\/05\/IMG_8782-600x800.jpeg\" class=\"attachment-woocommerce_thumbnail size-woocommerce_thumbnail\" alt=\"Turbante Cal\u00edope\" srcset=\"https:\/\/monisimadelamuerte.es\/wp-content\/uploads\/2025\/05\/IMG_8782-600x800.jpeg 600w, https:\/\/monisimadelamuerte.es\/wp-content\/uploads\/2025\/05\/IMG_8782-225x300.jpeg 225w, https:\/\/monisimadelamuerte.es\/wp-content\/uploads\/2025\/05\/IMG_8782-768x1024.jpeg 768w, https:\/\/monisimadelamuerte.es\/wp-content\/uploads\/2025\/05\/IMG_8782-1152x1536.jpeg 1152w, https:\/\/monisimadelamuerte.es\/wp-content\/uploads\/2025\/05\/IMG_8782-1536x2048.jpeg 1536w, https:\/\/monisimadelamuerte.es\/wp-content\/uploads\/2025\/05\/IMG_8782-9x12.jpeg 9w, https:\/\/monisimadelamuerte.es\/wp-content\/uploads\/2025\/05\/IMG_8782-800x1067.jpeg 800w, https:\/\/monisimadelamuerte.es\/wp-content\/uploads\/2025\/05\/IMG_8782-scaled.jpeg 1920w\" sizes=\"(max-width: 600px) 100vw, 600px\" \/><\/div><\/div><h2 class=\"woocommerce-loop-product__title\">Calliope Turban<\/h2>\n\t<span class=\"price\"><span class=\"woocommerce-Price-amount amount\"><bdi>165,00&nbsp;<span class=\"woocommerce-Price-currencySymbol\">\u20ac<\/span><\/bdi><\/span><\/span>\n<\/a><a href=\"\/en\/wp-json\/wp\/v2\/pages\/574?add-to-cart=5735\" aria-describedby=\"woocommerce_loop_add_to_cart_link_describedby_5735\" data-quantity=\"1\" class=\"button product_type_simple add_to_cart_button ajax_add_to_cart\" data-product_id=\"5735\" data-product_sku=\"\" aria-label=\"Add to basket: \u201cTurbante Cal\u00edope\u201d\" rel=\"nofollow\" data-success_message=\"\u201cTurbante Cal\u00edope\u201d has been added to your cart\" role=\"button\" data-no-translation=\"\" data-trp-gettext=\"\" data-no-translation-aria-label=\"\" data-no-translation-data-success_message=\"\">Add to basket<\/a>\t<span id=\"woocommerce_loop_add_to_cart_link_describedby_5735\" class=\"screen-reader-text\">\n\t\t\t<\/span>\n<\/div><\/li>\n<li class=\"product type-product post-4431 status-publish first instock product_cat-turbantes has-post-thumbnail taxable shipping-taxable purchasable product-type-simple\">\n\t<div class=\"nv-card-content-wrapper\"><a href=\"https:\/\/monisimadelamuerte.es\/en\/product\/turbante-abanic-elange-madrid-monisima-de-la-muerte\/\" class=\"woocommerce-LoopProduct-link woocommerce-loop-product__link\"><div class=\"sp-product-image\"><div class=\"img-wrap\"><img loading=\"lazy\" decoding=\"async\" width=\"600\" height=\"1067\" src=\"https:\/\/monisimadelamuerte.es\/wp-content\/uploads\/2024\/07\/1631534547740-scaled-1-600x1067.jpg\" class=\"attachment-woocommerce_thumbnail size-woocommerce_thumbnail\" alt=\"Turbante Abanic\" srcset=\"https:\/\/monisimadelamuerte.es\/wp-content\/uploads\/2024\/07\/1631534547740-scaled-1-600x1067.jpg 600w, https:\/\/monisimadelamuerte.es\/wp-content\/uploads\/2024\/07\/1631534547740-scaled-1-800x1422.jpg 800w, https:\/\/monisimadelamuerte.es\/wp-content\/uploads\/2024\/07\/1631534547740-scaled-1.jpg 1440w\" sizes=\"(max-width: 600px) 100vw, 600px\" \/><\/div><\/div><h2 class=\"woocommerce-loop-product__title\">Fan Turban<\/h2>\n\t<span class=\"price\"><span class=\"woocommerce-Price-amount amount\"><bdi>180,00&nbsp;<span class=\"woocommerce-Price-currencySymbol\">\u20ac<\/span><\/bdi><\/span><\/span>\n<\/a><a href=\"\/en\/wp-json\/wp\/v2\/pages\/574?add-to-cart=4431\" aria-describedby=\"woocommerce_loop_add_to_cart_link_describedby_4431\" data-quantity=\"1\" class=\"button product_type_simple add_to_cart_button ajax_add_to_cart\" data-product_id=\"4431\" data-product_sku=\"\" aria-label=\"Add to basket: \u201cTurbante Abanic\u201d\" rel=\"nofollow\" data-success_message=\"\u201cTurbante Abanic\u201d has been added to your cart\" role=\"button\" data-no-translation=\"\" data-trp-gettext=\"\" data-no-translation-aria-label=\"\" data-no-translation-data-success_message=\"\">Add to basket<\/a>\t<span id=\"woocommerce_loop_add_to_cart_link_describedby_4431\" class=\"screen-reader-text\">\n\t\t\t<\/span>\n<\/div><\/li>\n<li class=\"product type-product post-4413 status-publish instock product_cat-turbantes has-post-thumbnail taxable shipping-taxable purchasable product-type-simple\">\n\t<div class=\"nv-card-content-wrapper\"><a href=\"https:\/\/monisimadelamuerte.es\/en\/product\/turbante-love-invitada-elegante-madrid-monisima\/\" class=\"woocommerce-LoopProduct-link woocommerce-loop-product__link\"><div class=\"sp-product-image\"><div class=\"img-wrap\"><img loading=\"lazy\" decoding=\"async\" width=\"600\" height=\"1067\" src=\"https:\/\/monisimadelamuerte.es\/wp-content\/uploads\/2024\/07\/1622473647744-scaled-1-600x1067.jpg\" class=\"attachment-woocommerce_thumbnail size-woocommerce_thumbnail\" alt=\"Turbante Love\" srcset=\"https:\/\/monisimadelamuerte.es\/wp-content\/uploads\/2024\/07\/1622473647744-scaled-1-600x1067.jpg 600w, https:\/\/monisimadelamuerte.es\/wp-content\/uploads\/2024\/07\/1622473647744-scaled-1-800x1422.jpg 800w, https:\/\/monisimadelamuerte.es\/wp-content\/uploads\/2024\/07\/1622473647744-scaled-1.jpg 1440w\" sizes=\"(max-width: 600px) 100vw, 600px\" \/><\/div><\/div><h2 class=\"woocommerce-loop-product__title\">Love Turban<\/h2>\n\t<span class=\"price\"><span class=\"woocommerce-Price-amount amount\"><bdi>150,00&nbsp;<span class=\"woocommerce-Price-currencySymbol\">\u20ac<\/span><\/bdi><\/span><\/span>\n<\/a><a href=\"\/en\/wp-json\/wp\/v2\/pages\/574?add-to-cart=4413\" aria-describedby=\"woocommerce_loop_add_to_cart_link_describedby_4413\" data-quantity=\"1\" class=\"button product_type_simple add_to_cart_button ajax_add_to_cart\" data-product_id=\"4413\" data-product_sku=\"\" aria-label=\"Add to basket: \u201cTurbante Love\u201d\" rel=\"nofollow\" data-success_message=\"\u201cTurbante Love\u201d has been added to your cart\" role=\"button\" data-no-translation=\"\" data-trp-gettext=\"\" data-no-translation-aria-label=\"\" data-no-translation-data-success_message=\"\">Add to basket<\/a>\t<span id=\"woocommerce_loop_add_to_cart_link_describedby_4413\" class=\"screen-reader-text\">\n\t\t\t<\/span>\n<\/div><\/li>\n<li class=\"product type-product post-4410 status-publish last instock product_cat-turbantes has-post-thumbnail taxable shipping-taxable purchasable product-type-simple\">\n\t<div class=\"nv-card-content-wrapper\"><a href=\"https:\/\/monisimadelamuerte.es\/en\/product\/turbante-violet-elegante-madrid\/\" class=\"woocommerce-LoopProduct-link woocommerce-loop-product__link\"><div class=\"sp-product-image\"><div class=\"img-wrap\"><img loading=\"lazy\" decoding=\"async\" width=\"600\" height=\"800\" src=\"https:\/\/monisimadelamuerte.es\/wp-content\/uploads\/2024\/07\/1625332132384-600x800.jpg\" class=\"attachment-woocommerce_thumbnail size-woocommerce_thumbnail\" alt=\"Turbante Violet\" srcset=\"https:\/\/monisimadelamuerte.es\/wp-content\/uploads\/2024\/07\/1625332132384-600x800.jpg 600w, https:\/\/monisimadelamuerte.es\/wp-content\/uploads\/2024\/07\/1625332132384-800x1067.jpg 800w, https:\/\/monisimadelamuerte.es\/wp-content\/uploads\/2024\/07\/1625332132384.jpg 1536w\" sizes=\"(max-width: 600px) 100vw, 600px\" \/><\/div><\/div><h2 class=\"woocommerce-loop-product__title\">Violet Turban<\/h2>\n\t<span class=\"price\"><span class=\"woocommerce-Price-amount amount\"><bdi>180,00&nbsp;<span class=\"woocommerce-Price-currencySymbol\">\u20ac<\/span><\/bdi><\/span><\/span>\n<\/a><a href=\"\/en\/wp-json\/wp\/v2\/pages\/574?add-to-cart=4410\" aria-describedby=\"woocommerce_loop_add_to_cart_link_describedby_4410\" data-quantity=\"1\" class=\"button product_type_simple add_to_cart_button ajax_add_to_cart\" data-product_id=\"4410\" data-product_sku=\"\" aria-label=\"Add to basket: \u201cTurbante Violet\u201d\" rel=\"nofollow\" data-success_message=\"\u201cTurbante Violet\u201d has been added to your cart\" role=\"button\" data-no-translation=\"\" data-trp-gettext=\"\" data-no-translation-aria-label=\"\" data-no-translation-data-success_message=\"\">Add to basket<\/a>\t<span id=\"woocommerce_loop_add_to_cart_link_describedby_4410\" class=\"screen-reader-text\">\n\t\t\t<\/span>\n<\/div><\/li>\n<\/ul>\n<nav class=\"woocommerce-pagination\" aria-label=\"Product Pagination\" data-no-translation-aria-label=\"\">\n\t<ul class='page-numbers'>\n\t<li><span aria-label=\"Page 1\" aria-current=\"page\" class=\"page-numbers current\" data-no-translation-aria-label=\"\">1<\/span><\/li>\n\t<li><a aria-label=\"Page 2\" class=\"page-numbers\" href=\"\/en\/wp-json\/wp\/v2\/pages\/574?product-page=2\" data-no-translation-aria-label=\"\">2<\/a><\/li>\n\t<li><a class=\"next page-numbers\" href=\"\/en\/wp-json\/wp\/v2\/pages\/574?product-page=2\">\u2192<\/a><\/li>\n<\/ul>\n<\/nav>\n<\/div>\t\t\t\t<\/div>\n\t\t\t\t<\/div>\n\t\t\t\t<\/div>\n\t\t\t\t\t<\/div>\n\t\t\t\t<\/div>\n\t\t\t\t<\/div>","protected":false},"excerpt":{"rendered":"<p>Turbans: Style and Versatility at Every Turn. Discover our collection of turbans designed to add a touch of fashion and sophistication to your everyday style. From sleek, minimalist options to vibrant prints and unique textures, our turbans are designed to complement any occasion with elegance and comfort. Find the perfect turban to reflect your\u2026&nbsp;<a href=\"https:\/\/monisimadelamuerte.es\/en\/turbantes\/\" rel=\"bookmark\">Read More \u00bb<span class=\"screen-reader-text\">Turbans<\/span><\/a><\/p>","protected":false},"author":1,"featured_media":0,"parent":0,"menu_order":0,"comment_status":"closed","ping_status":"closed","template":"page-templates\/template-pagebuilder-full-width.php","meta":{"neve_meta_sidebar":"","neve_meta_container":"","neve_meta_enable_content_width":"off","neve_meta_content_width":100,"neve_meta_title_alignment":"","neve_meta_author_avatar":"","neve_post_elements_order":"","neve_meta_disable_header":"","neve_meta_disable_footer":"","neve_meta_disable_title":"","_joinchat":[],"footnotes":""},"class_list":["post-574","page","type-page","status-publish","hentry"],"yoast_head":"<!-- This site is optimized with the Yoast SEO plugin v27.0 - https:\/\/yoast.com\/product\/yoast-seo-wordpress\/ -->\n<title>Turbantes - Mon\u00edsima de la Muerte<\/title>\n<meta name=\"robots\" content=\"index, follow, max-snippet:-1, max-image-preview:large, max-video-preview:-1\" \/>\n<link rel=\"canonical\" href=\"https:\/\/monisimadelamuerte.es\/en\/turbantes\/\" \/>\n<meta property=\"og:locale\" content=\"en_GB\" \/>\n<meta property=\"og:type\" content=\"article\" \/>\n<meta property=\"og:title\" content=\"Turbantes - Mon\u00edsima de la Muerte\" \/>\n<meta property=\"og:description\" content=\"Turbantes: estilo y versatilidad en cada giro Descubre nuestra colecci\u00f3n de turbantes dise\u00f1ados para a\u00f1adir un toque de moda y sofisticaci\u00f3n a tu estilo diario. Desde opciones elegantes y minimalistas hasta estampados vibrantes y texturas \u00fanicas, nuestros turbantes est\u00e1n pensados para complementar cualquier ocasi\u00f3n con elegancia y confort. Encuentra el turbante perfecto que refleje tu&hellip;&nbsp;Read More &raquo;Turbantes\" \/>\n<meta property=\"og:url\" content=\"https:\/\/monisimadelamuerte.es\/en\/turbantes\/\" \/>\n<meta property=\"og:site_name\" content=\"Mon\u00edsima de la Muerte\" \/>\n<meta property=\"article:publisher\" content=\"https:\/\/www.facebook.com\/people\/monisimadelamuertees\/100046440565329\/?ref=page_internal&amp;path=monisimadelamuertees-297880507039784\" \/>\n<meta property=\"article:modified_time\" content=\"2024-10-10T17:37:56+00:00\" \/>\n<meta name=\"twitter:card\" content=\"summary_large_image\" \/>\n<script type=\"application\/ld+json\" class=\"yoast-schema-graph\">{\"@context\":\"https:\/\/schema.org\",\"@graph\":[{\"@type\":\"WebPage\",\"@id\":\"https:\/\/monisimadelamuerte.es\/turbantes\/\",\"url\":\"https:\/\/monisimadelamuerte.es\/turbantes\/\",\"name\":\"Turbantes - Mon\u00edsima de la Muerte\",\"isPartOf\":{\"@id\":\"https:\/\/monisimadelamuerte.es\/#website\"},\"datePublished\":\"2024-06-26T22:02:04+00:00\",\"dateModified\":\"2024-10-10T17:37:56+00:00\",\"breadcrumb\":{\"@id\":\"https:\/\/monisimadelamuerte.es\/turbantes\/#breadcrumb\"},\"inLanguage\":\"en-GB\",\"potentialAction\":[{\"@type\":\"ReadAction\",\"target\":[\"https:\/\/monisimadelamuerte.es\/turbantes\/\"]}]},{\"@type\":\"BreadcrumbList\",\"@id\":\"https:\/\/monisimadelamuerte.es\/turbantes\/#breadcrumb\",\"itemListElement\":[{\"@type\":\"ListItem\",\"position\":1,\"name\":\"Portada\",\"item\":\"https:\/\/monisimadelamuerte.es\/\"},{\"@type\":\"ListItem\",\"position\":2,\"name\":\"Turbantes\"}]},{\"@type\":\"WebSite\",\"@id\":\"https:\/\/monisimadelamuerte.es\/#website\",\"url\":\"https:\/\/monisimadelamuerte.es\/\",\"name\":\"monisimadelamuerte.es\",\"description\":\"\",\"potentialAction\":[{\"@type\":\"SearchAction\",\"target\":{\"@type\":\"EntryPoint\",\"urlTemplate\":\"https:\/\/monisimadelamuerte.es\/?s={search_term_string}\"},\"query-input\":{\"@type\":\"PropertyValueSpecification\",\"valueRequired\":true,\"valueName\":\"search_term_string\"}}],\"inLanguage\":\"en-GB\"}]}<\/script>\n<!-- \/ Yoast SEO plugin. -->","yoast_head_json":{"title":"Turbantes - Mon\u00edsima de la Muerte","robots":{"index":"index","follow":"follow","max-snippet":"max-snippet:-1","max-image-preview":"max-image-preview:large","max-video-preview":"max-video-preview:-1"},"canonical":"https:\/\/monisimadelamuerte.es\/en\/turbantes\/","og_locale":"en_GB","og_type":"article","og_title":"Turbantes - Mon\u00edsima de la Muerte","og_description":"Turbantes: estilo y versatilidad en cada giro Descubre nuestra colecci\u00f3n de turbantes dise\u00f1ados para a\u00f1adir un toque de moda y sofisticaci\u00f3n a tu estilo diario. Desde opciones elegantes y minimalistas hasta estampados vibrantes y texturas \u00fanicas, nuestros turbantes est\u00e1n pensados para complementar cualquier ocasi\u00f3n con elegancia y confort. Encuentra el turbante perfecto que refleje tu&hellip;&nbsp;Read More &raquo;Turbantes","og_url":"https:\/\/monisimadelamuerte.es\/en\/turbantes\/","og_site_name":"Mon\u00edsima de la Muerte","article_publisher":"https:\/\/www.facebook.com\/people\/monisimadelamuertees\/100046440565329\/?ref=page_internal&path=monisimadelamuertees-297880507039784","article_modified_time":"2024-10-10T17:37:56+00:00","twitter_card":"summary_large_image","schema":{"@context":"https:\/\/schema.org","@graph":[{"@type":"WebPage","@id":"https:\/\/monisimadelamuerte.es\/turbantes\/","url":"https:\/\/monisimadelamuerte.es\/turbantes\/","name":"Turbantes - Mon\u00edsima de la Muerte","isPartOf":{"@id":"https:\/\/monisimadelamuerte.es\/#website"},"datePublished":"2024-06-26T22:02:04+00:00","dateModified":"2024-10-10T17:37:56+00:00","breadcrumb":{"@id":"https:\/\/monisimadelamuerte.es\/turbantes\/#breadcrumb"},"inLanguage":"en-GB","potentialAction":[{"@type":"ReadAction","target":["https:\/\/monisimadelamuerte.es\/turbantes\/"]}]},{"@type":"BreadcrumbList","@id":"https:\/\/monisimadelamuerte.es\/turbantes\/#breadcrumb","itemListElement":[{"@type":"ListItem","position":1,"name":"Portada","item":"https:\/\/monisimadelamuerte.es\/"},{"@type":"ListItem","position":2,"name":"Turbantes"}]},{"@type":"WebSite","@id":"https:\/\/monisimadelamuerte.es\/#website","url":"https:\/\/monisimadelamuerte.es\/","name":"monisimadelamuerte.es","description":"","potentialAction":[{"@type":"SearchAction","target":{"@type":"EntryPoint","urlTemplate":"https:\/\/monisimadelamuerte.es\/?s={search_term_string}"},"query-input":{"@type":"PropertyValueSpecification","valueRequired":true,"valueName":"search_term_string"}}],"inLanguage":"en-GB"}]}},"_links":{"self":[{"href":"https:\/\/monisimadelamuerte.es\/en\/wp-json\/wp\/v2\/pages\/574","targetHints":{"allow":["GET"]}}],"collection":[{"href":"https:\/\/monisimadelamuerte.es\/en\/wp-json\/wp\/v2\/pages"}],"about":[{"href":"https:\/\/monisimadelamuerte.es\/en\/wp-json\/wp\/v2\/types\/page"}],"author":[{"embeddable":true,"href":"https:\/\/monisimadelamuerte.es\/en\/wp-json\/wp\/v2\/users\/1"}],"replies":[{"embeddable":true,"href":"https:\/\/monisimadelamuerte.es\/en\/wp-json\/wp\/v2\/comments?post=574"}],"version-history":[{"count":10,"href":"https:\/\/monisimadelamuerte.es\/en\/wp-json\/wp\/v2\/pages\/574\/revisions"}],"predecessor-version":[{"id":5298,"href":"https:\/\/monisimadelamuerte.es\/en\/wp-json\/wp\/v2\/pages\/574\/revisions\/5298"}],"wp:attachment":[{"href":"https:\/\/monisimadelamuerte.es\/en\/wp-json\/wp\/v2\/media?parent=574"}],"curies":[{"name":"wp","href":"https:\/\/api.w.org\/{rel}","templated":true}]}}