{"id":568,"date":"2024-06-26T21:58:56","date_gmt":"2024-06-26T21:58:56","guid":{"rendered":"https:\/\/monisimadelamuerte.es\/?page_id=568"},"modified":"2024-10-10T19:37:40","modified_gmt":"2024-10-10T17:37:40","slug":"tocados","status":"publish","type":"page","link":"https:\/\/monisimadelamuerte.es\/en\/tocados\/","title":{"rendered":"Headdresses"},"content":{"rendered":"<div data-elementor-type=\"wp-page\" data-elementor-id=\"568\" class=\"elementor elementor-568\" data-elementor-post-type=\"page\">\n\t\t\t\t\t\t<section class=\"elementor-section elementor-top-section elementor-element elementor-element-1664e89d elementor-section-height-min-height elementor-section-boxed elementor-section-height-default elementor-section-items-middle\" data-id=\"1664e89d\" data-element_type=\"section\" data-e-type=\"section\" data-settings=\"{&quot;background_background&quot;:&quot;classic&quot;}\">\n\t\t\t\t\t\t\t<div class=\"elementor-background-overlay\"><\/div>\n\t\t\t\t\t\t\t<div class=\"elementor-container elementor-column-gap-default\">\n\t\t\t\t\t<div class=\"elementor-column elementor-col-100 elementor-top-column elementor-element elementor-element-2429ccde\" data-id=\"2429ccde\" data-element_type=\"column\" data-e-type=\"column\">\n\t\t\t<div class=\"elementor-widget-wrap elementor-element-populated\">\n\t\t\t\t\t\t<div class=\"elementor-element elementor-element-47143c2e elementor-invisible elementor-widget elementor-widget-heading\" data-id=\"47143c2e\" data-element_type=\"widget\" data-e-type=\"widget\" data-settings=\"{&quot;_animation&quot;:&quot;fadeIn&quot;}\" data-widget_type=\"heading.default\">\n\t\t\t\t<div class=\"elementor-widget-container\">\n\t\t\t\t\t<h1 class=\"elementor-heading-title elementor-size-default\">Headpieces: unique details for an unforgettable look\n<\/h1>\t\t\t\t<\/div>\n\t\t\t\t<\/div>\n\t\t\t\t<div class=\"elementor-element elementor-element-60e8acf elementor-widget elementor-widget-text-editor\" data-id=\"60e8acf\" data-element_type=\"widget\" data-e-type=\"widget\" data-widget_type=\"text-editor.default\">\n\t\t\t\t<div class=\"elementor-widget-container\">\n\t\t\t\t\t\t\t\t\t<p><span style=\"font-weight: 400;\">Explore our exquisite collection of headpieces, designed to add a touch of distinction and elegance to any outfit. Perfect for weddings, formal events and special celebrations, our headpieces combine high-quality craftsmanship with innovative designs. From delicate and subtle pieces to bolder and more striking creations, find the ideal headpiece that reflects your personality and complements your style. Make every occasion a memorable moment with our unique and sophisticated headpieces.<\/span><\/p>\t\t\t\t\t\t\t\t<\/div>\n\t\t\t\t<\/div>\n\t\t\t\t\t<\/div>\n\t\t<\/div>\n\t\t\t\t\t<\/div>\n\t\t<\/section>\n\t\t<div class=\"elementor-element elementor-element-be20f85 e-flex e-con-boxed e-con e-parent\" data-id=\"be20f85\" data-element_type=\"container\" data-e-type=\"container\" data-settings=\"{&quot;background_background&quot;:&quot;classic&quot;}\">\n\t\t\t\t\t<div class=\"e-con-inner\">\n\t\t<div class=\"elementor-element elementor-element-7173ee8 e-con-full e-flex e-con e-child\" data-id=\"7173ee8\" data-element_type=\"container\" data-e-type=\"container\">\n\t\t\t\t<div class=\"elementor-element elementor-element-2fa9c88 elementor-grid-3 elementor-grid-tablet-3 elementor-grid-mobile-2 elementor-products-grid elementor-wc-products elementor-show-pagination-border-yes elementor-widget elementor-widget-woocommerce-products\" data-id=\"2fa9c88\" data-element_type=\"widget\" data-e-type=\"widget\" data-widget_type=\"woocommerce-products.default\">\n\t\t\t\t<div class=\"elementor-widget-container\">\n\t\t\t\t\t<div class=\"woocommerce columns-3\"><span class=\"wpfHidden\" data-shortcode-attribute=\"{&quot;limit&quot;:&quot;-1&quot;,&quot;columns&quot;:3,&quot;rows&quot;:2,&quot;orderby&quot;:&quot;&quot;,&quot;order&quot;:&quot;&quot;,&quot;ids&quot;:&quot;&quot;,&quot;skus&quot;:&quot;&quot;,&quot;category&quot;:&quot;&quot;,&quot;cat_operator&quot;:&quot;IN&quot;,&quot;attribute&quot;:&quot;&quot;,&quot;terms&quot;:&quot;&quot;,&quot;terms_operator&quot;:&quot;IN&quot;,&quot;tag&quot;:&quot;&quot;,&quot;tag_operator&quot;:&quot;IN&quot;,&quot;visibility&quot;:&quot;visible&quot;,&quot;class&quot;:&quot;&quot;,&quot;page&quot;:1,&quot;paginate&quot;:&quot;yes&quot;,&quot;cache&quot;:false}\"><\/span><div class=\"woocommerce-notices-wrapper\"><\/div><ul class=\"products elementor-grid columns-3\">\n<li class=\"product type-product post-5763 status-publish first instock product_cat-tocado-invitada has-post-thumbnail taxable shipping-taxable purchasable product-type-simple\">\n\t<div class=\"nv-card-content-wrapper\"><a href=\"https:\/\/monisimadelamuerte.es\/en\/product\/tocado-elegante-para-invitada-de-boda-polimnia-monisima-de-la-muerte\/\" class=\"woocommerce-LoopProduct-link woocommerce-loop-product__link\"><div class=\"sp-product-image\"><div class=\"img-wrap\"><img fetchpriority=\"high\" decoding=\"async\" width=\"600\" height=\"750\" src=\"https:\/\/monisimadelamuerte.es\/wp-content\/uploads\/2025\/05\/D6CEA552-8609-4FFE-B897-72A7CFA18B2C-1-600x750.jpeg\" class=\"attachment-woocommerce_thumbnail size-woocommerce_thumbnail\" alt=\"Tocado Polimnia\" srcset=\"https:\/\/monisimadelamuerte.es\/wp-content\/uploads\/2025\/05\/D6CEA552-8609-4FFE-B897-72A7CFA18B2C-1-600x750.jpeg 600w, https:\/\/monisimadelamuerte.es\/wp-content\/uploads\/2025\/05\/D6CEA552-8609-4FFE-B897-72A7CFA18B2C-1-240x300.jpeg 240w, https:\/\/monisimadelamuerte.es\/wp-content\/uploads\/2025\/05\/D6CEA552-8609-4FFE-B897-72A7CFA18B2C-1-819x1024.jpeg 819w, https:\/\/monisimadelamuerte.es\/wp-content\/uploads\/2025\/05\/D6CEA552-8609-4FFE-B897-72A7CFA18B2C-1-768x960.jpeg 768w, https:\/\/monisimadelamuerte.es\/wp-content\/uploads\/2025\/05\/D6CEA552-8609-4FFE-B897-72A7CFA18B2C-1-1229x1536.jpeg 1229w, https:\/\/monisimadelamuerte.es\/wp-content\/uploads\/2025\/05\/D6CEA552-8609-4FFE-B897-72A7CFA18B2C-1-10x12.jpeg 10w, https:\/\/monisimadelamuerte.es\/wp-content\/uploads\/2025\/05\/D6CEA552-8609-4FFE-B897-72A7CFA18B2C-1-800x1000.jpeg 800w, https:\/\/monisimadelamuerte.es\/wp-content\/uploads\/2025\/05\/D6CEA552-8609-4FFE-B897-72A7CFA18B2C-1.jpeg 1638w\" sizes=\"(max-width: 600px) 100vw, 600px\" \/><\/div><\/div><h2 class=\"woocommerce-loop-product__title\">Polyhymnia Headdress<\/h2>\n\t<span class=\"price\"><span class=\"woocommerce-Price-amount amount\"><bdi>150,00&nbsp;<span class=\"woocommerce-Price-currencySymbol\">\u20ac<\/span><\/bdi><\/span><\/span>\n<\/a><a href=\"\/en\/wp-json\/wp\/v2\/pages\/568?add-to-cart=5763\" aria-describedby=\"woocommerce_loop_add_to_cart_link_describedby_5763\" data-quantity=\"1\" class=\"button product_type_simple add_to_cart_button ajax_add_to_cart\" data-product_id=\"5763\" data-product_sku=\"\" aria-label=\"Add to basket: \u201cTocado Polimnia\u201d\" rel=\"nofollow\" data-success_message=\"\u201cTocado Polimnia\u201d has been added to your cart\" role=\"button\" data-no-translation=\"\" data-trp-gettext=\"\" data-no-translation-aria-label=\"\" data-no-translation-data-success_message=\"\">Add to basket<\/a>\t<span id=\"woocommerce_loop_add_to_cart_link_describedby_5763\" class=\"screen-reader-text\">\n\t\t\t<\/span>\n<\/div><\/li>\n<li class=\"product type-product post-5761 status-publish instock product_cat-tocado-invitada has-post-thumbnail taxable shipping-taxable purchasable product-type-simple\">\n\t<div class=\"nv-card-content-wrapper\"><a href=\"https:\/\/monisimadelamuerte.es\/en\/product\/tocado-elegante-para-invitada-de-boda-euterpe-monisima-de-la-muerte\/\" class=\"woocommerce-LoopProduct-link woocommerce-loop-product__link\"><div class=\"sp-product-image\"><div class=\"img-wrap\"><img decoding=\"async\" width=\"600\" height=\"800\" src=\"https:\/\/monisimadelamuerte.es\/wp-content\/uploads\/2025\/05\/IMG_8917-600x800.jpeg\" class=\"attachment-woocommerce_thumbnail size-woocommerce_thumbnail\" alt=\"Tocado Euterpe\" srcset=\"https:\/\/monisimadelamuerte.es\/wp-content\/uploads\/2025\/05\/IMG_8917-600x800.jpeg 600w, https:\/\/monisimadelamuerte.es\/wp-content\/uploads\/2025\/05\/IMG_8917-225x300.jpeg 225w, https:\/\/monisimadelamuerte.es\/wp-content\/uploads\/2025\/05\/IMG_8917-768x1024.jpeg 768w, https:\/\/monisimadelamuerte.es\/wp-content\/uploads\/2025\/05\/IMG_8917-1152x1536.jpeg 1152w, https:\/\/monisimadelamuerte.es\/wp-content\/uploads\/2025\/05\/IMG_8917-9x12.jpeg 9w, https:\/\/monisimadelamuerte.es\/wp-content\/uploads\/2025\/05\/IMG_8917-800x1067.jpeg 800w, https:\/\/monisimadelamuerte.es\/wp-content\/uploads\/2025\/05\/IMG_8917.jpeg 1536w\" sizes=\"(max-width: 600px) 100vw, 600px\" \/><\/div><\/div><h2 class=\"woocommerce-loop-product__title\">Euterpe Headdress<\/h2>\n\t<span class=\"price\"><span class=\"woocommerce-Price-amount amount\"><bdi>150,00&nbsp;<span class=\"woocommerce-Price-currencySymbol\">\u20ac<\/span><\/bdi><\/span><\/span>\n<\/a><a href=\"\/en\/wp-json\/wp\/v2\/pages\/568?add-to-cart=5761\" aria-describedby=\"woocommerce_loop_add_to_cart_link_describedby_5761\" data-quantity=\"1\" class=\"button product_type_simple add_to_cart_button ajax_add_to_cart\" data-product_id=\"5761\" data-product_sku=\"\" aria-label=\"Add to basket: \u201cTocado Euterpe\u201d\" rel=\"nofollow\" data-success_message=\"\u201cTocado Euterpe\u201d has been added to your cart\" role=\"button\" data-no-translation=\"\" data-trp-gettext=\"\" data-no-translation-aria-label=\"\" data-no-translation-data-success_message=\"\">Add to basket<\/a>\t<span id=\"woocommerce_loop_add_to_cart_link_describedby_5761\" class=\"screen-reader-text\">\n\t\t\t<\/span>\n<\/div><\/li>\n<li class=\"product type-product post-5738 status-publish last instock product_cat-tocado-invitada has-post-thumbnail taxable shipping-taxable purchasable product-type-simple\">\n\t<div class=\"nv-card-content-wrapper\"><a href=\"https:\/\/monisimadelamuerte.es\/en\/product\/tocado-elegante-madrid-clio-monisima-de-la-muerte\/\" class=\"woocommerce-LoopProduct-link woocommerce-loop-product__link\"><div class=\"sp-product-image\"><div class=\"img-wrap\"><img decoding=\"async\" width=\"600\" height=\"750\" src=\"https:\/\/monisimadelamuerte.es\/wp-content\/uploads\/2025\/05\/5871A689-6367-44F1-A797-DA54F536AD29-600x750.jpeg\" class=\"attachment-woocommerce_thumbnail size-woocommerce_thumbnail\" alt=\"Tocado Cl\u00edo\" srcset=\"https:\/\/monisimadelamuerte.es\/wp-content\/uploads\/2025\/05\/5871A689-6367-44F1-A797-DA54F536AD29-600x750.jpeg 600w, https:\/\/monisimadelamuerte.es\/wp-content\/uploads\/2025\/05\/5871A689-6367-44F1-A797-DA54F536AD29-240x300.jpeg 240w, https:\/\/monisimadelamuerte.es\/wp-content\/uploads\/2025\/05\/5871A689-6367-44F1-A797-DA54F536AD29-819x1024.jpeg 819w, https:\/\/monisimadelamuerte.es\/wp-content\/uploads\/2025\/05\/5871A689-6367-44F1-A797-DA54F536AD29-768x960.jpeg 768w, https:\/\/monisimadelamuerte.es\/wp-content\/uploads\/2025\/05\/5871A689-6367-44F1-A797-DA54F536AD29-1229x1536.jpeg 1229w, https:\/\/monisimadelamuerte.es\/wp-content\/uploads\/2025\/05\/5871A689-6367-44F1-A797-DA54F536AD29-10x12.jpeg 10w, https:\/\/monisimadelamuerte.es\/wp-content\/uploads\/2025\/05\/5871A689-6367-44F1-A797-DA54F536AD29-800x1000.jpeg 800w, https:\/\/monisimadelamuerte.es\/wp-content\/uploads\/2025\/05\/5871A689-6367-44F1-A797-DA54F536AD29.jpeg 1638w\" sizes=\"(max-width: 600px) 100vw, 600px\" \/><\/div><\/div><h2 class=\"woocommerce-loop-product__title\">Clio headdress<\/h2>\n\t<span class=\"price\"><span class=\"woocommerce-Price-amount amount\"><bdi>199,00&nbsp;<span class=\"woocommerce-Price-currencySymbol\">\u20ac<\/span><\/bdi><\/span><\/span>\n<\/a><a href=\"\/en\/wp-json\/wp\/v2\/pages\/568?add-to-cart=5738\" aria-describedby=\"woocommerce_loop_add_to_cart_link_describedby_5738\" data-quantity=\"1\" class=\"button product_type_simple add_to_cart_button ajax_add_to_cart\" data-product_id=\"5738\" data-product_sku=\"\" aria-label=\"Add to basket: \u201cTocado Cl\u00edo\u201d\" rel=\"nofollow\" data-success_message=\"\u201cTocado Cl\u00edo\u201d has been added to your cart\" role=\"button\" data-no-translation=\"\" data-trp-gettext=\"\" data-no-translation-aria-label=\"\" data-no-translation-data-success_message=\"\">Add to basket<\/a>\t<span id=\"woocommerce_loop_add_to_cart_link_describedby_5738\" class=\"screen-reader-text\">\n\t\t\t<\/span>\n<\/div><\/li>\n<li class=\"product type-product post-5413 status-publish first instock product_cat-tocado-invitada has-post-thumbnail taxable shipping-taxable purchasable product-type-simple\">\n\t<div class=\"nv-card-content-wrapper\"><a href=\"https:\/\/monisimadelamuerte.es\/en\/product\/tocado-elegante-cayetano-madrid-monisima-de-la-muerte\/\" class=\"woocommerce-LoopProduct-link woocommerce-loop-product__link\"><div class=\"sp-product-image\"><div class=\"img-wrap\"><img loading=\"lazy\" decoding=\"async\" width=\"600\" height=\"1067\" src=\"https:\/\/monisimadelamuerte.es\/wp-content\/uploads\/2024\/10\/1648708867810-600x1067.jpg\" class=\"attachment-woocommerce_thumbnail size-woocommerce_thumbnail\" alt=\"Tocado Cayetano\" srcset=\"https:\/\/monisimadelamuerte.es\/wp-content\/uploads\/2024\/10\/1648708867810-600x1067.jpg 600w, https:\/\/monisimadelamuerte.es\/wp-content\/uploads\/2024\/10\/1648708867810-169x300.jpg 169w, https:\/\/monisimadelamuerte.es\/wp-content\/uploads\/2024\/10\/1648708867810-576x1024.jpg 576w, https:\/\/monisimadelamuerte.es\/wp-content\/uploads\/2024\/10\/1648708867810-768x1365.jpg 768w, https:\/\/monisimadelamuerte.es\/wp-content\/uploads\/2024\/10\/1648708867810-864x1536.jpg 864w, https:\/\/monisimadelamuerte.es\/wp-content\/uploads\/2024\/10\/1648708867810-1152x2048.jpg 1152w, https:\/\/monisimadelamuerte.es\/wp-content\/uploads\/2024\/10\/1648708867810-7x12.jpg 7w, https:\/\/monisimadelamuerte.es\/wp-content\/uploads\/2024\/10\/1648708867810-800x1422.jpg 800w, https:\/\/monisimadelamuerte.es\/wp-content\/uploads\/2024\/10\/1648708867810-scaled-e1729786475935.jpg 1080w\" sizes=\"(max-width: 600px) 100vw, 600px\" \/><\/div><\/div><h2 class=\"woocommerce-loop-product__title\">Cayetano headdress<\/h2>\n\t<span class=\"price\"><span class=\"woocommerce-Price-amount amount\"><bdi>150,00&nbsp;<span class=\"woocommerce-Price-currencySymbol\">\u20ac<\/span><\/bdi><\/span><\/span>\n<\/a><a href=\"\/en\/wp-json\/wp\/v2\/pages\/568?add-to-cart=5413\" aria-describedby=\"woocommerce_loop_add_to_cart_link_describedby_5413\" data-quantity=\"1\" class=\"button product_type_simple add_to_cart_button ajax_add_to_cart\" data-product_id=\"5413\" data-product_sku=\"\" aria-label=\"Add to basket: \u201cTocado Cayetano\u201d\" rel=\"nofollow\" data-success_message=\"\u201cTocado Cayetano\u201d has been added to your cart\" role=\"button\" data-no-translation=\"\" data-trp-gettext=\"\" data-no-translation-aria-label=\"\" data-no-translation-data-success_message=\"\">Add to basket<\/a>\t<span id=\"woocommerce_loop_add_to_cart_link_describedby_5413\" class=\"screen-reader-text\">\n\t\t\t<\/span>\n<\/div><\/li>\n<li class=\"product type-product post-4434 status-publish instock product_cat-tocado-invitada has-post-thumbnail taxable shipping-taxable purchasable product-type-simple\">\n\t<div class=\"nv-card-content-wrapper\"><a href=\"https:\/\/monisimadelamuerte.es\/en\/product\/tocado-atardecer\/\" class=\"woocommerce-LoopProduct-link woocommerce-loop-product__link\"><div class=\"sp-product-image\"><div class=\"img-wrap\"><img loading=\"lazy\" decoding=\"async\" width=\"600\" height=\"1067\" src=\"https:\/\/monisimadelamuerte.es\/wp-content\/uploads\/2024\/07\/IMG_20210304_132208ok-scaled-1-600x1067.jpg\" class=\"attachment-woocommerce_thumbnail size-woocommerce_thumbnail\" alt=\"Tocado Atardecer\" srcset=\"https:\/\/monisimadelamuerte.es\/wp-content\/uploads\/2024\/07\/IMG_20210304_132208ok-scaled-1-600x1067.jpg 600w, https:\/\/monisimadelamuerte.es\/wp-content\/uploads\/2024\/07\/IMG_20210304_132208ok-scaled-1-800x1422.jpg 800w, https:\/\/monisimadelamuerte.es\/wp-content\/uploads\/2024\/07\/IMG_20210304_132208ok-scaled-1.jpg 1440w\" sizes=\"(max-width: 600px) 100vw, 600px\" \/><\/div><\/div><h2 class=\"woocommerce-loop-product__title\">Sunset Headdress<\/h2>\n\t<span class=\"price\"><span class=\"woocommerce-Price-amount amount\"><bdi>130,00&nbsp;<span class=\"woocommerce-Price-currencySymbol\">\u20ac<\/span><\/bdi><\/span><\/span>\n<\/a><a href=\"\/en\/wp-json\/wp\/v2\/pages\/568?add-to-cart=4434\" aria-describedby=\"woocommerce_loop_add_to_cart_link_describedby_4434\" data-quantity=\"1\" class=\"button product_type_simple add_to_cart_button ajax_add_to_cart\" data-product_id=\"4434\" data-product_sku=\"\" aria-label=\"Add to basket: \u201cTocado Atardecer\u201d\" rel=\"nofollow\" data-success_message=\"\u201cTocado Atardecer\u201d has been added to your cart\" role=\"button\" data-no-translation=\"\" data-trp-gettext=\"\" data-no-translation-aria-label=\"\" data-no-translation-data-success_message=\"\">Add to basket<\/a>\t<span id=\"woocommerce_loop_add_to_cart_link_describedby_4434\" class=\"screen-reader-text\">\n\t\t\t<\/span>\n<\/div><\/li>\n<li class=\"product type-product post-4240 status-publish last instock product_cat-tocado-invitada has-post-thumbnail taxable shipping-taxable purchasable product-type-simple\">\n\t<div class=\"nv-card-content-wrapper\"><a href=\"https:\/\/monisimadelamuerte.es\/en\/product\/tocado-menta-invitada-elegante-madrid\/\" class=\"woocommerce-LoopProduct-link woocommerce-loop-product__link\"><div class=\"sp-product-image\"><div class=\"img-wrap\"><img loading=\"lazy\" decoding=\"async\" width=\"600\" height=\"1067\" src=\"https:\/\/monisimadelamuerte.es\/wp-content\/uploads\/2024\/07\/IMG_20210304_131954ok-scaled-1-600x1067.jpg\" class=\"attachment-woocommerce_thumbnail size-woocommerce_thumbnail\" alt=\"Tocado Menta\" srcset=\"https:\/\/monisimadelamuerte.es\/wp-content\/uploads\/2024\/07\/IMG_20210304_131954ok-scaled-1-600x1067.jpg 600w, https:\/\/monisimadelamuerte.es\/wp-content\/uploads\/2024\/07\/IMG_20210304_131954ok-scaled-1-800x1422.jpg 800w, https:\/\/monisimadelamuerte.es\/wp-content\/uploads\/2024\/07\/IMG_20210304_131954ok-scaled-1.jpg 1440w\" sizes=\"(max-width: 600px) 100vw, 600px\" \/><\/div><\/div><h2 class=\"woocommerce-loop-product__title\">Mint Headdress<\/h2>\n\t<span class=\"price\"><span class=\"woocommerce-Price-amount amount\"><bdi>150,00&nbsp;<span class=\"woocommerce-Price-currencySymbol\">\u20ac<\/span><\/bdi><\/span><\/span>\n<\/a><a href=\"\/en\/wp-json\/wp\/v2\/pages\/568?add-to-cart=4240\" aria-describedby=\"woocommerce_loop_add_to_cart_link_describedby_4240\" data-quantity=\"1\" class=\"button product_type_simple add_to_cart_button ajax_add_to_cart\" data-product_id=\"4240\" data-product_sku=\"\" aria-label=\"Add to basket: \u201cTocado Menta\u201d\" rel=\"nofollow\" data-success_message=\"\u201cTocado Menta\u201d has been added to your cart\" role=\"button\" data-no-translation=\"\" data-trp-gettext=\"\" data-no-translation-aria-label=\"\" data-no-translation-data-success_message=\"\">Add to basket<\/a>\t<span id=\"woocommerce_loop_add_to_cart_link_describedby_4240\" class=\"screen-reader-text\">\n\t\t\t<\/span>\n<\/div><\/li>\n<\/ul>\n<nav class=\"woocommerce-pagination\" aria-label=\"Product Pagination\" data-no-translation-aria-label=\"\">\n\t<ul class='page-numbers'>\n\t<li><span aria-label=\"Page 1\" aria-current=\"page\" class=\"page-numbers current\" data-no-translation-aria-label=\"\">1<\/span><\/li>\n\t<li><a aria-label=\"Page 2\" class=\"page-numbers\" href=\"\/en\/wp-json\/wp\/v2\/pages\/568?product-page=2\" data-no-translation-aria-label=\"\">2<\/a><\/li>\n\t<li><a class=\"next page-numbers\" href=\"\/en\/wp-json\/wp\/v2\/pages\/568?product-page=2\">\u2192<\/a><\/li>\n<\/ul>\n<\/nav>\n<\/div>\t\t\t\t<\/div>\n\t\t\t\t<\/div>\n\t\t\t\t<\/div>\n\t\t\t\t\t<\/div>\n\t\t\t\t<\/div>\n\t\t\t\t<\/div>","protected":false},"excerpt":{"rendered":"<p>Fascinators: Unique Details for an Unforgettable Look Explore our exquisite collection of fascinators, designed to add a touch of distinction and elegance to any outfit. Perfect for weddings, formal events, and special celebrations, our fascinators combine high-quality craftsmanship with innovative designs. From delicate and subtle pieces to bolder and more striking creations, find\u2026&nbsp;<a href=\"https:\/\/monisimadelamuerte.es\/en\/tocados\/\" rel=\"bookmark\">Read More \u00bb<span class=\"screen-reader-text\">Headdresses<\/span><\/a><\/p>","protected":false},"author":1,"featured_media":0,"parent":0,"menu_order":0,"comment_status":"closed","ping_status":"closed","template":"page-templates\/template-pagebuilder-full-width.php","meta":{"neve_meta_sidebar":"","neve_meta_container":"","neve_meta_enable_content_width":"off","neve_meta_content_width":100,"neve_meta_title_alignment":"","neve_meta_author_avatar":"","neve_post_elements_order":"","neve_meta_disable_header":"","neve_meta_disable_footer":"","neve_meta_disable_title":"","_joinchat":[],"footnotes":""},"class_list":["post-568","page","type-page","status-publish","hentry"],"yoast_head":"<!-- This site is optimized with the Yoast SEO plugin v27.0 - https:\/\/yoast.com\/product\/yoast-seo-wordpress\/ -->\n<title>Tocados - Mon\u00edsima de la Muerte<\/title>\n<meta name=\"robots\" content=\"index, follow, max-snippet:-1, max-image-preview:large, max-video-preview:-1\" \/>\n<link rel=\"canonical\" href=\"https:\/\/monisimadelamuerte.es\/en\/tocados\/\" \/>\n<meta property=\"og:locale\" content=\"en_GB\" \/>\n<meta property=\"og:type\" content=\"article\" \/>\n<meta property=\"og:title\" content=\"Tocados - Mon\u00edsima de la Muerte\" \/>\n<meta property=\"og:description\" content=\"Tocados: detalles \u00fanicos para un look inolvidable Explora nuestra exquisita colecci\u00f3n de tocados, dise\u00f1ados para aportar un toque de distinci\u00f3n y elegancia a cualquier atuendo. Perfectos para bodas, eventos formales y celebraciones especiales, nuestros tocados combinan artesan\u00eda de alta calidad con dise\u00f1os innovadores. Desde piezas delicadas y sutiles hasta creaciones m\u00e1s audaces y llamativas, encuentra&hellip;&nbsp;Read More &raquo;Tocados\" \/>\n<meta property=\"og:url\" content=\"https:\/\/monisimadelamuerte.es\/en\/tocados\/\" \/>\n<meta property=\"og:site_name\" content=\"Mon\u00edsima de la Muerte\" \/>\n<meta property=\"article:publisher\" content=\"https:\/\/www.facebook.com\/people\/monisimadelamuertees\/100046440565329\/?ref=page_internal&amp;path=monisimadelamuertees-297880507039784\" \/>\n<meta property=\"article:modified_time\" content=\"2024-10-10T17:37:40+00:00\" \/>\n<meta name=\"twitter:card\" content=\"summary_large_image\" \/>\n<meta name=\"twitter:label1\" content=\"Estimated reading time\" \/>\n\t<meta name=\"twitter:data1\" content=\"1 minute\" \/>\n<script type=\"application\/ld+json\" class=\"yoast-schema-graph\">{\"@context\":\"https:\/\/schema.org\",\"@graph\":[{\"@type\":\"WebPage\",\"@id\":\"https:\/\/monisimadelamuerte.es\/tocados\/\",\"url\":\"https:\/\/monisimadelamuerte.es\/tocados\/\",\"name\":\"Tocados - Mon\u00edsima de la Muerte\",\"isPartOf\":{\"@id\":\"https:\/\/monisimadelamuerte.es\/#website\"},\"datePublished\":\"2024-06-26T21:58:56+00:00\",\"dateModified\":\"2024-10-10T17:37:40+00:00\",\"breadcrumb\":{\"@id\":\"https:\/\/monisimadelamuerte.es\/tocados\/#breadcrumb\"},\"inLanguage\":\"en-GB\",\"potentialAction\":[{\"@type\":\"ReadAction\",\"target\":[\"https:\/\/monisimadelamuerte.es\/tocados\/\"]}]},{\"@type\":\"BreadcrumbList\",\"@id\":\"https:\/\/monisimadelamuerte.es\/tocados\/#breadcrumb\",\"itemListElement\":[{\"@type\":\"ListItem\",\"position\":1,\"name\":\"Portada\",\"item\":\"https:\/\/monisimadelamuerte.es\/\"},{\"@type\":\"ListItem\",\"position\":2,\"name\":\"Tocados\"}]},{\"@type\":\"WebSite\",\"@id\":\"https:\/\/monisimadelamuerte.es\/#website\",\"url\":\"https:\/\/monisimadelamuerte.es\/\",\"name\":\"monisimadelamuerte.es\",\"description\":\"\",\"potentialAction\":[{\"@type\":\"SearchAction\",\"target\":{\"@type\":\"EntryPoint\",\"urlTemplate\":\"https:\/\/monisimadelamuerte.es\/?s={search_term_string}\"},\"query-input\":{\"@type\":\"PropertyValueSpecification\",\"valueRequired\":true,\"valueName\":\"search_term_string\"}}],\"inLanguage\":\"en-GB\"}]}<\/script>\n<!-- \/ Yoast SEO plugin. -->","yoast_head_json":{"title":"Tocados - Mon\u00edsima de la Muerte","robots":{"index":"index","follow":"follow","max-snippet":"max-snippet:-1","max-image-preview":"max-image-preview:large","max-video-preview":"max-video-preview:-1"},"canonical":"https:\/\/monisimadelamuerte.es\/en\/tocados\/","og_locale":"en_GB","og_type":"article","og_title":"Tocados - Mon\u00edsima de la Muerte","og_description":"Tocados: detalles \u00fanicos para un look inolvidable Explora nuestra exquisita colecci\u00f3n de tocados, dise\u00f1ados para aportar un toque de distinci\u00f3n y elegancia a cualquier atuendo. Perfectos para bodas, eventos formales y celebraciones especiales, nuestros tocados combinan artesan\u00eda de alta calidad con dise\u00f1os innovadores. Desde piezas delicadas y sutiles hasta creaciones m\u00e1s audaces y llamativas, encuentra&hellip;&nbsp;Read More &raquo;Tocados","og_url":"https:\/\/monisimadelamuerte.es\/en\/tocados\/","og_site_name":"Mon\u00edsima de la Muerte","article_publisher":"https:\/\/www.facebook.com\/people\/monisimadelamuertees\/100046440565329\/?ref=page_internal&path=monisimadelamuertees-297880507039784","article_modified_time":"2024-10-10T17:37:40+00:00","twitter_card":"summary_large_image","twitter_misc":{"Estimated reading time":"1 minute"},"schema":{"@context":"https:\/\/schema.org","@graph":[{"@type":"WebPage","@id":"https:\/\/monisimadelamuerte.es\/tocados\/","url":"https:\/\/monisimadelamuerte.es\/tocados\/","name":"Tocados - Mon\u00edsima de la Muerte","isPartOf":{"@id":"https:\/\/monisimadelamuerte.es\/#website"},"datePublished":"2024-06-26T21:58:56+00:00","dateModified":"2024-10-10T17:37:40+00:00","breadcrumb":{"@id":"https:\/\/monisimadelamuerte.es\/tocados\/#breadcrumb"},"inLanguage":"en-GB","potentialAction":[{"@type":"ReadAction","target":["https:\/\/monisimadelamuerte.es\/tocados\/"]}]},{"@type":"BreadcrumbList","@id":"https:\/\/monisimadelamuerte.es\/tocados\/#breadcrumb","itemListElement":[{"@type":"ListItem","position":1,"name":"Portada","item":"https:\/\/monisimadelamuerte.es\/"},{"@type":"ListItem","position":2,"name":"Tocados"}]},{"@type":"WebSite","@id":"https:\/\/monisimadelamuerte.es\/#website","url":"https:\/\/monisimadelamuerte.es\/","name":"monisimadelamuerte.es","description":"","potentialAction":[{"@type":"SearchAction","target":{"@type":"EntryPoint","urlTemplate":"https:\/\/monisimadelamuerte.es\/?s={search_term_string}"},"query-input":{"@type":"PropertyValueSpecification","valueRequired":true,"valueName":"search_term_string"}}],"inLanguage":"en-GB"}]}},"_links":{"self":[{"href":"https:\/\/monisimadelamuerte.es\/en\/wp-json\/wp\/v2\/pages\/568","targetHints":{"allow":["GET"]}}],"collection":[{"href":"https:\/\/monisimadelamuerte.es\/en\/wp-json\/wp\/v2\/pages"}],"about":[{"href":"https:\/\/monisimadelamuerte.es\/en\/wp-json\/wp\/v2\/types\/page"}],"author":[{"embeddable":true,"href":"https:\/\/monisimadelamuerte.es\/en\/wp-json\/wp\/v2\/users\/1"}],"replies":[{"embeddable":true,"href":"https:\/\/monisimadelamuerte.es\/en\/wp-json\/wp\/v2\/comments?post=568"}],"version-history":[{"count":13,"href":"https:\/\/monisimadelamuerte.es\/en\/wp-json\/wp\/v2\/pages\/568\/revisions"}],"predecessor-version":[{"id":5295,"href":"https:\/\/monisimadelamuerte.es\/en\/wp-json\/wp\/v2\/pages\/568\/revisions\/5295"}],"wp:attachment":[{"href":"https:\/\/monisimadelamuerte.es\/en\/wp-json\/wp\/v2\/media?parent=568"}],"curies":[{"name":"wp","href":"https:\/\/api.w.org\/{rel}","templated":true}]}}