{"id":547,"date":"2024-06-26T21:46:07","date_gmt":"2024-06-26T21:46:07","guid":{"rendered":"https:\/\/monisimadelamuerte.es\/?page_id=547"},"modified":"2024-10-10T19:35:09","modified_gmt":"2024-10-10T17:35:09","slug":"diademas","status":"publish","type":"page","link":"https:\/\/monisimadelamuerte.es\/en\/diademas\/","title":{"rendered":"Headbands"},"content":{"rendered":"<div data-elementor-type=\"wp-page\" data-elementor-id=\"547\" class=\"elementor elementor-547\" data-elementor-post-type=\"page\">\n\t\t\t\t\t\t<section class=\"elementor-section elementor-top-section elementor-element elementor-element-1664e89d elementor-section-height-min-height elementor-section-boxed elementor-section-height-default elementor-section-items-middle\" data-id=\"1664e89d\" data-element_type=\"section\" data-e-type=\"section\" data-settings=\"{&quot;background_background&quot;:&quot;classic&quot;}\">\n\t\t\t\t\t\t\t<div class=\"elementor-background-overlay\"><\/div>\n\t\t\t\t\t\t\t<div class=\"elementor-container elementor-column-gap-default\">\n\t\t\t\t\t<div class=\"elementor-column elementor-col-100 elementor-top-column elementor-element elementor-element-2429ccde\" data-id=\"2429ccde\" data-element_type=\"column\" data-e-type=\"column\">\n\t\t\t<div class=\"elementor-widget-wrap elementor-element-populated\">\n\t\t\t\t\t\t<div class=\"elementor-element elementor-element-47143c2e elementor-invisible elementor-widget elementor-widget-heading\" data-id=\"47143c2e\" data-element_type=\"widget\" data-e-type=\"widget\" data-settings=\"{&quot;_animation&quot;:&quot;fadeIn&quot;}\" data-widget_type=\"heading.default\">\n\t\t\t\t<div class=\"elementor-widget-container\">\n\t\t\t\t\t<h1 class=\"elementor-heading-title elementor-size-default\">Headbands: the finishing touch for your style\n<\/h1>\t\t\t\t<\/div>\n\t\t\t\t<\/div>\n\t\t\t\t<div class=\"elementor-element elementor-element-60e8acf elementor-widget elementor-widget-text-editor\" data-id=\"60e8acf\" data-element_type=\"widget\" data-e-type=\"widget\" data-widget_type=\"text-editor.default\">\n\t\t\t\t<div class=\"elementor-widget-container\">\n\t\t\t\t\t\t\t\t\t<p><span style=\"font-weight: 400;\">Explore our exclusive collection of headbands, designed to add a touch of elegance and personality to any outfit. From classic and minimalist styles to modern and bold designs, our headbands are the perfect accessory for any occasion. Whether for a special event or to elevate your everyday look, find the ideal headband that will complement your unique style. Quality and sophistication come together in each piece to bring you the best in hair fashion.<\/span><\/p>\t\t\t\t\t\t\t\t<\/div>\n\t\t\t\t<\/div>\n\t\t\t\t\t<\/div>\n\t\t<\/div>\n\t\t\t\t\t<\/div>\n\t\t<\/section>\n\t\t<div class=\"elementor-element elementor-element-be20f85 e-flex e-con-boxed e-con e-parent\" data-id=\"be20f85\" data-element_type=\"container\" data-e-type=\"container\" data-settings=\"{&quot;background_background&quot;:&quot;classic&quot;}\">\n\t\t\t\t\t<div class=\"e-con-inner\">\n\t\t<div class=\"elementor-element elementor-element-7173ee8 e-con-full e-flex e-con e-child\" data-id=\"7173ee8\" data-element_type=\"container\" data-e-type=\"container\">\n\t\t\t\t<div class=\"elementor-element elementor-element-2fa9c88 elementor-grid-3 elementor-grid-mobile-1 elementor-grid-tablet-3 elementor-products-grid elementor-wc-products elementor-show-pagination-border-yes elementor-widget elementor-widget-woocommerce-products\" data-id=\"2fa9c88\" data-element_type=\"widget\" data-e-type=\"widget\" data-widget_type=\"woocommerce-products.default\">\n\t\t\t\t<div class=\"elementor-widget-container\">\n\t\t\t\t\t<div class=\"woocommerce columns-3\"><span class=\"wpfHidden\" data-shortcode-attribute=\"{&quot;limit&quot;:&quot;-1&quot;,&quot;columns&quot;:3,&quot;rows&quot;:2,&quot;orderby&quot;:&quot;&quot;,&quot;order&quot;:&quot;&quot;,&quot;ids&quot;:&quot;&quot;,&quot;skus&quot;:&quot;&quot;,&quot;category&quot;:&quot;&quot;,&quot;cat_operator&quot;:&quot;IN&quot;,&quot;attribute&quot;:&quot;&quot;,&quot;terms&quot;:&quot;&quot;,&quot;terms_operator&quot;:&quot;IN&quot;,&quot;tag&quot;:&quot;&quot;,&quot;tag_operator&quot;:&quot;IN&quot;,&quot;visibility&quot;:&quot;visible&quot;,&quot;class&quot;:&quot;&quot;,&quot;page&quot;:1,&quot;paginate&quot;:&quot;yes&quot;,&quot;cache&quot;:false}\"><\/span><div class=\"woocommerce-notices-wrapper\"><\/div><ul class=\"products elementor-grid columns-3\">\n<li class=\"product type-product post-4594 status-publish first instock product_cat-diadema-invitada has-post-thumbnail taxable shipping-taxable purchasable product-type-variable\">\n\t<div class=\"nv-card-content-wrapper\"><a href=\"https:\/\/monisimadelamuerte.es\/en\/product\/diadema-griega\/\" class=\"woocommerce-LoopProduct-link woocommerce-loop-product__link\"><div class=\"sp-product-image\"><div class=\"img-wrap\"><img fetchpriority=\"high\" decoding=\"async\" width=\"600\" height=\"1067\" src=\"https:\/\/monisimadelamuerte.es\/wp-content\/uploads\/2024\/07\/1654603875817ok-scaled-1-600x1067.jpg\" class=\"attachment-woocommerce_thumbnail size-woocommerce_thumbnail\" alt=\"Diadema Griega\" srcset=\"https:\/\/monisimadelamuerte.es\/wp-content\/uploads\/2024\/07\/1654603875817ok-scaled-1-600x1067.jpg 600w, https:\/\/monisimadelamuerte.es\/wp-content\/uploads\/2024\/07\/1654603875817ok-scaled-1-800x1422.jpg 800w, https:\/\/monisimadelamuerte.es\/wp-content\/uploads\/2024\/07\/1654603875817ok-scaled-1.jpg 1440w\" sizes=\"(max-width: 600px) 100vw, 600px\" \/><\/div><\/div><h2 class=\"woocommerce-loop-product__title\">Greek Headband<\/h2>\n\t<span class=\"price\"><span class=\"woocommerce-Price-amount amount\"><bdi>90,00&nbsp;<span class=\"woocommerce-Price-currencySymbol\">\u20ac<\/span><\/bdi><\/span><\/span>\n<\/a><a href=\"https:\/\/monisimadelamuerte.es\/en\/product\/diadema-griega\/\" aria-describedby=\"woocommerce_loop_add_to_cart_link_describedby_4594\" data-quantity=\"1\" class=\"button product_type_variable add_to_cart_button\" data-product_id=\"4594\" data-product_sku=\"\" aria-label=\"Select options for \u201cDiadema Griega\u201d\" rel=\"nofollow\" data-no-translation=\"\" data-trp-gettext=\"\" data-no-translation-aria-label=\"\">Select options<\/a>\t<span id=\"woocommerce_loop_add_to_cart_link_describedby_4594\" class=\"screen-reader-text\">\n\t\tThis product has multiple variants. The options may be chosen on the product page\t<\/span>\n<\/div><\/li>\n<li class=\"product type-product post-4588 status-publish instock product_cat-diadema-invitada has-post-thumbnail taxable shipping-taxable purchasable product-type-simple\">\n\t<div class=\"nv-card-content-wrapper\"><a href=\"https:\/\/monisimadelamuerte.es\/en\/product\/diadema-cayetana-boda-elegante-madrid-monisima-de-la-muerte\/\" class=\"woocommerce-LoopProduct-link woocommerce-loop-product__link\"><div class=\"sp-product-image\"><div class=\"img-wrap\"><img decoding=\"async\" width=\"600\" height=\"1067\" src=\"https:\/\/monisimadelamuerte.es\/wp-content\/uploads\/2024\/07\/1644405850769-scaled-1-600x1067.jpg\" class=\"attachment-woocommerce_thumbnail size-woocommerce_thumbnail\" alt=\"Diadema Cayetana\" srcset=\"https:\/\/monisimadelamuerte.es\/wp-content\/uploads\/2024\/07\/1644405850769-scaled-1-600x1067.jpg 600w, https:\/\/monisimadelamuerte.es\/wp-content\/uploads\/2024\/07\/1644405850769-scaled-1-800x1422.jpg 800w, https:\/\/monisimadelamuerte.es\/wp-content\/uploads\/2024\/07\/1644405850769-scaled-1.jpg 1440w\" sizes=\"(max-width: 600px) 100vw, 600px\" \/><\/div><\/div><h2 class=\"woocommerce-loop-product__title\">Cayetana headband<\/h2>\n\t<span class=\"price\"><span class=\"woocommerce-Price-amount amount\"><bdi>125,00&nbsp;<span class=\"woocommerce-Price-currencySymbol\">\u20ac<\/span><\/bdi><\/span><\/span>\n<\/a><a href=\"\/en\/wp-json\/wp\/v2\/pages\/547?add-to-cart=4588\" aria-describedby=\"woocommerce_loop_add_to_cart_link_describedby_4588\" data-quantity=\"1\" class=\"button product_type_simple add_to_cart_button ajax_add_to_cart\" data-product_id=\"4588\" data-product_sku=\"\" aria-label=\"Add to basket: \u201cDiadema Cayetana\u201d\" rel=\"nofollow\" data-success_message=\"\u201cDiadema Cayetana\u201d has been added to your cart\" role=\"button\" data-no-translation=\"\" data-trp-gettext=\"\" data-no-translation-aria-label=\"\" data-no-translation-data-success_message=\"\">Add to basket<\/a>\t<span id=\"woocommerce_loop_add_to_cart_link_describedby_4588\" class=\"screen-reader-text\">\n\t\t\t<\/span>\n<\/div><\/li>\n<li class=\"product type-product post-4585 status-publish last instock product_cat-diadema-invitada has-post-thumbnail taxable shipping-taxable purchasable product-type-simple\">\n\t<div class=\"nv-card-content-wrapper\"><a href=\"https:\/\/monisimadelamuerte.es\/en\/product\/diadema-atardecer-elegante-boda-madrid-monisima-de-la-muerte-invitada\/\" class=\"woocommerce-LoopProduct-link woocommerce-loop-product__link\"><div class=\"sp-product-image\"><div class=\"img-wrap\"><img decoding=\"async\" width=\"600\" height=\"1067\" src=\"https:\/\/monisimadelamuerte.es\/wp-content\/uploads\/2024\/07\/1644405850746-scaled-1-600x1067.jpg\" class=\"attachment-woocommerce_thumbnail size-woocommerce_thumbnail\" alt=\"Diadema Atardecer\" srcset=\"https:\/\/monisimadelamuerte.es\/wp-content\/uploads\/2024\/07\/1644405850746-scaled-1-600x1067.jpg 600w, https:\/\/monisimadelamuerte.es\/wp-content\/uploads\/2024\/07\/1644405850746-scaled-1-800x1422.jpg 800w, https:\/\/monisimadelamuerte.es\/wp-content\/uploads\/2024\/07\/1644405850746-scaled-1.jpg 1440w\" sizes=\"(max-width: 600px) 100vw, 600px\" \/><\/div><\/div><h2 class=\"woocommerce-loop-product__title\">Sunset Headband<\/h2>\n\t<span class=\"price\"><span class=\"woocommerce-Price-amount amount\"><bdi>125,00&nbsp;<span class=\"woocommerce-Price-currencySymbol\">\u20ac<\/span><\/bdi><\/span><\/span>\n<\/a><a href=\"\/en\/wp-json\/wp\/v2\/pages\/547?add-to-cart=4585\" aria-describedby=\"woocommerce_loop_add_to_cart_link_describedby_4585\" data-quantity=\"1\" class=\"button product_type_simple add_to_cart_button ajax_add_to_cart\" data-product_id=\"4585\" data-product_sku=\"\" aria-label=\"Add to basket: \u201cDiadema Atardecer\u201d\" rel=\"nofollow\" data-success_message=\"\u201cDiadema Atardecer\u201d has been added to your cart\" role=\"button\" data-no-translation=\"\" data-trp-gettext=\"\" data-no-translation-aria-label=\"\" data-no-translation-data-success_message=\"\">Add to basket<\/a>\t<span id=\"woocommerce_loop_add_to_cart_link_describedby_4585\" class=\"screen-reader-text\">\n\t\t\t<\/span>\n<\/div><\/li>\n<li class=\"product type-product post-4577 status-publish first instock product_cat-diadema-invitada has-post-thumbnail taxable shipping-taxable purchasable product-type-simple\">\n\t<div class=\"nv-card-content-wrapper\"><a href=\"https:\/\/monisimadelamuerte.es\/en\/product\/diadema-flecha-invitada-elegante-madrid\/\" class=\"woocommerce-LoopProduct-link woocommerce-loop-product__link\"><div class=\"sp-product-image\"><div class=\"img-wrap\"><img loading=\"lazy\" decoding=\"async\" width=\"600\" height=\"1067\" src=\"https:\/\/monisimadelamuerte.es\/wp-content\/uploads\/2024\/07\/IMG_20210304_120504ok-scaled-1-600x1067.jpg\" class=\"attachment-woocommerce_thumbnail size-woocommerce_thumbnail\" alt=\"Diadema Flechazo\" srcset=\"https:\/\/monisimadelamuerte.es\/wp-content\/uploads\/2024\/07\/IMG_20210304_120504ok-scaled-1-600x1067.jpg 600w, https:\/\/monisimadelamuerte.es\/wp-content\/uploads\/2024\/07\/IMG_20210304_120504ok-scaled-1-800x1422.jpg 800w, https:\/\/monisimadelamuerte.es\/wp-content\/uploads\/2024\/07\/IMG_20210304_120504ok-scaled-1.jpg 1440w\" sizes=\"(max-width: 600px) 100vw, 600px\" \/><\/div><\/div><h2 class=\"woocommerce-loop-product__title\">Headband Love at First Sight<\/h2>\n\t<span class=\"price\"><span class=\"woocommerce-Price-amount amount\"><bdi>80,00&nbsp;<span class=\"woocommerce-Price-currencySymbol\">\u20ac<\/span><\/bdi><\/span><\/span>\n<\/a><a href=\"\/en\/wp-json\/wp\/v2\/pages\/547?add-to-cart=4577\" aria-describedby=\"woocommerce_loop_add_to_cart_link_describedby_4577\" data-quantity=\"1\" class=\"button product_type_simple add_to_cart_button ajax_add_to_cart\" data-product_id=\"4577\" data-product_sku=\"\" aria-label=\"Add to basket: \u201cDiadema Flechazo\u201d\" rel=\"nofollow\" data-success_message=\"\u201cDiadema Flechazo\u201d has been added to your cart\" role=\"button\" data-no-translation=\"\" data-trp-gettext=\"\" data-no-translation-aria-label=\"\" data-no-translation-data-success_message=\"\">Add to basket<\/a>\t<span id=\"woocommerce_loop_add_to_cart_link_describedby_4577\" class=\"screen-reader-text\">\n\t\t\t<\/span>\n<\/div><\/li>\n<li class=\"product type-product post-4575 status-publish instock product_cat-diadema-invitada has-post-thumbnail taxable shipping-taxable purchasable product-type-simple\">\n\t<div class=\"nv-card-content-wrapper\"><a href=\"https:\/\/monisimadelamuerte.es\/en\/product\/diadema-corona-invitada-elegante-madrid\/\" class=\"woocommerce-LoopProduct-link woocommerce-loop-product__link\"><div class=\"sp-product-image\"><div class=\"img-wrap\"><img loading=\"lazy\" decoding=\"async\" width=\"600\" height=\"1067\" src=\"https:\/\/monisimadelamuerte.es\/wp-content\/uploads\/2024\/07\/IMG_20210304_123956_1ok-scaled-1-600x1067.jpg\" class=\"attachment-woocommerce_thumbnail size-woocommerce_thumbnail\" alt=\"Diadema Corona\" srcset=\"https:\/\/monisimadelamuerte.es\/wp-content\/uploads\/2024\/07\/IMG_20210304_123956_1ok-scaled-1-600x1067.jpg 600w, https:\/\/monisimadelamuerte.es\/wp-content\/uploads\/2024\/07\/IMG_20210304_123956_1ok-scaled-1-800x1422.jpg 800w, https:\/\/monisimadelamuerte.es\/wp-content\/uploads\/2024\/07\/IMG_20210304_123956_1ok-scaled-1.jpg 1440w\" sizes=\"(max-width: 600px) 100vw, 600px\" \/><\/div><\/div><h2 class=\"woocommerce-loop-product__title\">Crown Headband<\/h2>\n\t<span class=\"price\"><span class=\"woocommerce-Price-amount amount\"><bdi>95,00&nbsp;<span class=\"woocommerce-Price-currencySymbol\">\u20ac<\/span><\/bdi><\/span><\/span>\n<\/a><a href=\"\/en\/wp-json\/wp\/v2\/pages\/547?add-to-cart=4575\" aria-describedby=\"woocommerce_loop_add_to_cart_link_describedby_4575\" data-quantity=\"1\" class=\"button product_type_simple add_to_cart_button ajax_add_to_cart\" data-product_id=\"4575\" data-product_sku=\"\" aria-label=\"Add to basket: \u201cDiadema Corona\u201d\" rel=\"nofollow\" data-success_message=\"\u201cDiadema Corona\u201d has been added to your cart\" role=\"button\" data-no-translation=\"\" data-trp-gettext=\"\" data-no-translation-aria-label=\"\" data-no-translation-data-success_message=\"\">Add to basket<\/a>\t<span id=\"woocommerce_loop_add_to_cart_link_describedby_4575\" class=\"screen-reader-text\">\n\t\t\t<\/span>\n<\/div><\/li>\n<li class=\"product type-product post-4573 status-publish last instock product_cat-diadema-invitada has-post-thumbnail taxable shipping-taxable purchasable product-type-simple\">\n\t<div class=\"nv-card-content-wrapper\"><a href=\"https:\/\/monisimadelamuerte.es\/en\/product\/diadema-pompones-invitada-elegante-madrid\/\" class=\"woocommerce-LoopProduct-link woocommerce-loop-product__link\"><div class=\"sp-product-image\"><div class=\"img-wrap\"><img loading=\"lazy\" decoding=\"async\" width=\"600\" height=\"1067\" src=\"https:\/\/monisimadelamuerte.es\/wp-content\/uploads\/2024\/07\/IMG_20210304_123142_1ok-scaled-1-600x1067.jpg\" class=\"attachment-woocommerce_thumbnail size-woocommerce_thumbnail\" alt=\"Diadema Pompones\" srcset=\"https:\/\/monisimadelamuerte.es\/wp-content\/uploads\/2024\/07\/IMG_20210304_123142_1ok-scaled-1-600x1067.jpg 600w, https:\/\/monisimadelamuerte.es\/wp-content\/uploads\/2024\/07\/IMG_20210304_123142_1ok-scaled-1-800x1422.jpg 800w, https:\/\/monisimadelamuerte.es\/wp-content\/uploads\/2024\/07\/IMG_20210304_123142_1ok-scaled-1.jpg 1440w\" sizes=\"(max-width: 600px) 100vw, 600px\" \/><\/div><\/div><h2 class=\"woocommerce-loop-product__title\">Pom Pom Headband<\/h2>\n\t<span class=\"price\"><span class=\"woocommerce-Price-amount amount\"><bdi>85,00&nbsp;<span class=\"woocommerce-Price-currencySymbol\">\u20ac<\/span><\/bdi><\/span><\/span>\n<\/a><a href=\"\/en\/wp-json\/wp\/v2\/pages\/547?add-to-cart=4573\" aria-describedby=\"woocommerce_loop_add_to_cart_link_describedby_4573\" data-quantity=\"1\" class=\"button product_type_simple add_to_cart_button ajax_add_to_cart\" data-product_id=\"4573\" data-product_sku=\"\" aria-label=\"Add to basket: \u201cDiadema Pompones\u201d\" rel=\"nofollow\" data-success_message=\"\u201cDiadema Pompones\u201d has been added to your cart\" role=\"button\" data-no-translation=\"\" data-trp-gettext=\"\" data-no-translation-aria-label=\"\" data-no-translation-data-success_message=\"\">Add to basket<\/a>\t<span id=\"woocommerce_loop_add_to_cart_link_describedby_4573\" class=\"screen-reader-text\">\n\t\t\t<\/span>\n<\/div><\/li>\n<\/ul>\n<nav class=\"woocommerce-pagination\" aria-label=\"Product Pagination\" data-no-translation-aria-label=\"\">\n\t<ul class='page-numbers'>\n\t<li><span aria-label=\"Page 1\" aria-current=\"page\" class=\"page-numbers current\" data-no-translation-aria-label=\"\">1<\/span><\/li>\n\t<li><a aria-label=\"Page 2\" class=\"page-numbers\" href=\"\/en\/wp-json\/wp\/v2\/pages\/547?product-page=2\" data-no-translation-aria-label=\"\">2<\/a><\/li>\n\t<li><a class=\"next page-numbers\" href=\"\/en\/wp-json\/wp\/v2\/pages\/547?product-page=2\">\u2192<\/a><\/li>\n<\/ul>\n<\/nav>\n<\/div>\t\t\t\t<\/div>\n\t\t\t\t<\/div>\n\t\t\t\t<\/div>\n\t\t\t\t\t<\/div>\n\t\t\t\t<\/div>\n\t\t\t\t<\/div>","protected":false},"excerpt":{"rendered":"<p>Headbands: The Finishing Touch for Your Style Explore our exclusive collection of headbands, designed to add a touch of elegance and personality to any outfit. From classic, minimalist styles to bold, modern designs, our headbands are the perfect accessory for any occasion. Whether it&#039;s for a special event or to elevate your look...&nbsp;<a href=\"https:\/\/monisimadelamuerte.es\/en\/diademas\/\" rel=\"bookmark\">Read More \u00bb<span class=\"screen-reader-text\">Headbands<\/span><\/a><\/p>","protected":false},"author":1,"featured_media":0,"parent":0,"menu_order":0,"comment_status":"closed","ping_status":"closed","template":"page-templates\/template-pagebuilder-full-width.php","meta":{"neve_meta_sidebar":"","neve_meta_container":"","neve_meta_enable_content_width":"off","neve_meta_content_width":100,"neve_meta_title_alignment":"","neve_meta_author_avatar":"","neve_post_elements_order":"","neve_meta_disable_header":"","neve_meta_disable_footer":"","neve_meta_disable_title":"","_joinchat":[],"footnotes":""},"class_list":["post-547","page","type-page","status-publish","hentry"],"yoast_head":"<!-- This site is optimized with the Yoast SEO plugin v27.0 - https:\/\/yoast.com\/product\/yoast-seo-wordpress\/ -->\n<title>Diademas - Mon\u00edsima de la Muerte<\/title>\n<meta name=\"robots\" content=\"index, follow, max-snippet:-1, max-image-preview:large, max-video-preview:-1\" \/>\n<link rel=\"canonical\" href=\"https:\/\/monisimadelamuerte.es\/en\/diademas\/\" \/>\n<meta property=\"og:locale\" content=\"en_GB\" \/>\n<meta property=\"og:type\" content=\"article\" \/>\n<meta property=\"og:title\" content=\"Diademas - Mon\u00edsima de la Muerte\" \/>\n<meta property=\"og:description\" content=\"Diademas: el toque final para tu estilo Explora nuestra exclusiva colecci\u00f3n de diademas, dise\u00f1adas para a\u00f1adir un toque de elegancia y personalidad a cualquier conjunto. Desde estilos cl\u00e1sicos y minimalistas hasta dise\u00f1os modernos y audaces, nuestras diademas son el accesorio perfecto para cualquier ocasi\u00f3n. Ya sea para un evento especial o para elevar tu look&hellip;&nbsp;Read More &raquo;Diademas\" \/>\n<meta property=\"og:url\" content=\"https:\/\/monisimadelamuerte.es\/en\/diademas\/\" \/>\n<meta property=\"og:site_name\" content=\"Mon\u00edsima de la Muerte\" \/>\n<meta property=\"article:publisher\" content=\"https:\/\/www.facebook.com\/people\/monisimadelamuertees\/100046440565329\/?ref=page_internal&amp;path=monisimadelamuertees-297880507039784\" \/>\n<meta property=\"article:modified_time\" content=\"2024-10-10T17:35:09+00:00\" \/>\n<meta name=\"twitter:card\" content=\"summary_large_image\" \/>\n<script type=\"application\/ld+json\" class=\"yoast-schema-graph\">{\"@context\":\"https:\/\/schema.org\",\"@graph\":[{\"@type\":\"WebPage\",\"@id\":\"https:\/\/monisimadelamuerte.es\/diademas\/\",\"url\":\"https:\/\/monisimadelamuerte.es\/diademas\/\",\"name\":\"Diademas - Mon\u00edsima de la Muerte\",\"isPartOf\":{\"@id\":\"https:\/\/monisimadelamuerte.es\/#website\"},\"datePublished\":\"2024-06-26T21:46:07+00:00\",\"dateModified\":\"2024-10-10T17:35:09+00:00\",\"breadcrumb\":{\"@id\":\"https:\/\/monisimadelamuerte.es\/diademas\/#breadcrumb\"},\"inLanguage\":\"en-GB\",\"potentialAction\":[{\"@type\":\"ReadAction\",\"target\":[\"https:\/\/monisimadelamuerte.es\/diademas\/\"]}]},{\"@type\":\"BreadcrumbList\",\"@id\":\"https:\/\/monisimadelamuerte.es\/diademas\/#breadcrumb\",\"itemListElement\":[{\"@type\":\"ListItem\",\"position\":1,\"name\":\"Portada\",\"item\":\"https:\/\/monisimadelamuerte.es\/\"},{\"@type\":\"ListItem\",\"position\":2,\"name\":\"Diademas\"}]},{\"@type\":\"WebSite\",\"@id\":\"https:\/\/monisimadelamuerte.es\/#website\",\"url\":\"https:\/\/monisimadelamuerte.es\/\",\"name\":\"monisimadelamuerte.es\",\"description\":\"\",\"potentialAction\":[{\"@type\":\"SearchAction\",\"target\":{\"@type\":\"EntryPoint\",\"urlTemplate\":\"https:\/\/monisimadelamuerte.es\/?s={search_term_string}\"},\"query-input\":{\"@type\":\"PropertyValueSpecification\",\"valueRequired\":true,\"valueName\":\"search_term_string\"}}],\"inLanguage\":\"en-GB\"}]}<\/script>\n<!-- \/ Yoast SEO plugin. -->","yoast_head_json":{"title":"Diademas - Mon\u00edsima de la Muerte","robots":{"index":"index","follow":"follow","max-snippet":"max-snippet:-1","max-image-preview":"max-image-preview:large","max-video-preview":"max-video-preview:-1"},"canonical":"https:\/\/monisimadelamuerte.es\/en\/diademas\/","og_locale":"en_GB","og_type":"article","og_title":"Diademas - Mon\u00edsima de la Muerte","og_description":"Diademas: el toque final para tu estilo Explora nuestra exclusiva colecci\u00f3n de diademas, dise\u00f1adas para a\u00f1adir un toque de elegancia y personalidad a cualquier conjunto. Desde estilos cl\u00e1sicos y minimalistas hasta dise\u00f1os modernos y audaces, nuestras diademas son el accesorio perfecto para cualquier ocasi\u00f3n. Ya sea para un evento especial o para elevar tu look&hellip;&nbsp;Read More &raquo;Diademas","og_url":"https:\/\/monisimadelamuerte.es\/en\/diademas\/","og_site_name":"Mon\u00edsima de la Muerte","article_publisher":"https:\/\/www.facebook.com\/people\/monisimadelamuertees\/100046440565329\/?ref=page_internal&path=monisimadelamuertees-297880507039784","article_modified_time":"2024-10-10T17:35:09+00:00","twitter_card":"summary_large_image","schema":{"@context":"https:\/\/schema.org","@graph":[{"@type":"WebPage","@id":"https:\/\/monisimadelamuerte.es\/diademas\/","url":"https:\/\/monisimadelamuerte.es\/diademas\/","name":"Diademas - Mon\u00edsima de la Muerte","isPartOf":{"@id":"https:\/\/monisimadelamuerte.es\/#website"},"datePublished":"2024-06-26T21:46:07+00:00","dateModified":"2024-10-10T17:35:09+00:00","breadcrumb":{"@id":"https:\/\/monisimadelamuerte.es\/diademas\/#breadcrumb"},"inLanguage":"en-GB","potentialAction":[{"@type":"ReadAction","target":["https:\/\/monisimadelamuerte.es\/diademas\/"]}]},{"@type":"BreadcrumbList","@id":"https:\/\/monisimadelamuerte.es\/diademas\/#breadcrumb","itemListElement":[{"@type":"ListItem","position":1,"name":"Portada","item":"https:\/\/monisimadelamuerte.es\/"},{"@type":"ListItem","position":2,"name":"Diademas"}]},{"@type":"WebSite","@id":"https:\/\/monisimadelamuerte.es\/#website","url":"https:\/\/monisimadelamuerte.es\/","name":"monisimadelamuerte.es","description":"","potentialAction":[{"@type":"SearchAction","target":{"@type":"EntryPoint","urlTemplate":"https:\/\/monisimadelamuerte.es\/?s={search_term_string}"},"query-input":{"@type":"PropertyValueSpecification","valueRequired":true,"valueName":"search_term_string"}}],"inLanguage":"en-GB"}]}},"_links":{"self":[{"href":"https:\/\/monisimadelamuerte.es\/en\/wp-json\/wp\/v2\/pages\/547","targetHints":{"allow":["GET"]}}],"collection":[{"href":"https:\/\/monisimadelamuerte.es\/en\/wp-json\/wp\/v2\/pages"}],"about":[{"href":"https:\/\/monisimadelamuerte.es\/en\/wp-json\/wp\/v2\/types\/page"}],"author":[{"embeddable":true,"href":"https:\/\/monisimadelamuerte.es\/en\/wp-json\/wp\/v2\/users\/1"}],"replies":[{"embeddable":true,"href":"https:\/\/monisimadelamuerte.es\/en\/wp-json\/wp\/v2\/comments?post=547"}],"version-history":[{"count":19,"href":"https:\/\/monisimadelamuerte.es\/en\/wp-json\/wp\/v2\/pages\/547\/revisions"}],"predecessor-version":[{"id":5282,"href":"https:\/\/monisimadelamuerte.es\/en\/wp-json\/wp\/v2\/pages\/547\/revisions\/5282"}],"wp:attachment":[{"href":"https:\/\/monisimadelamuerte.es\/en\/wp-json\/wp\/v2\/media?parent=547"}],"curies":[{"name":"wp","href":"https:\/\/api.w.org\/{rel}","templated":true}]}}