{"id":5416,"date":"2024-11-06T20:34:40","date_gmt":"2024-11-06T19:34:40","guid":{"rendered":"https:\/\/monisimadelamuerte.es\/?page_id=5416"},"modified":"2025-01-15T18:20:30","modified_gmt":"2025-01-15T17:20:30","slug":"accesorios","status":"publish","type":"page","link":"https:\/\/monisimadelamuerte.es\/en\/accesorios\/","title":{"rendered":"Feather Necklaces"},"content":{"rendered":"<div data-elementor-type=\"wp-page\" data-elementor-id=\"5416\" class=\"elementor elementor-5416\" data-elementor-post-type=\"page\">\n\t\t\t\t\t\t<section class=\"elementor-section elementor-top-section elementor-element elementor-element-1664e89d elementor-section-height-min-height elementor-section-boxed elementor-section-height-default elementor-section-items-middle\" data-id=\"1664e89d\" data-element_type=\"section\" data-e-type=\"section\" data-settings=\"{&quot;background_background&quot;:&quot;classic&quot;}\">\n\t\t\t\t\t\t\t<div class=\"elementor-background-overlay\"><\/div>\n\t\t\t\t\t\t\t<div class=\"elementor-container elementor-column-gap-default\">\n\t\t\t\t\t<div class=\"elementor-column elementor-col-100 elementor-top-column elementor-element elementor-element-2429ccde\" data-id=\"2429ccde\" data-element_type=\"column\" data-e-type=\"column\">\n\t\t\t<div class=\"elementor-widget-wrap elementor-element-populated\">\n\t\t\t\t\t\t<div class=\"elementor-element elementor-element-47143c2e elementor-invisible elementor-widget elementor-widget-heading\" data-id=\"47143c2e\" data-element_type=\"widget\" data-e-type=\"widget\" data-settings=\"{&quot;_animation&quot;:&quot;fadeIn&quot;}\" data-widget_type=\"heading.default\">\n\t\t\t\t<div class=\"elementor-widget-container\">\n\t\t\t\t\t<h1 class=\"elementor-heading-title elementor-size-default\">FEATHER NECKLACES: elegance and glamour for every occasion\n<\/h1>\t\t\t\t<\/div>\n\t\t\t\t<\/div>\n\t\t\t\t<div class=\"elementor-element elementor-element-60e8acf elementor-widget elementor-widget-text-editor\" data-id=\"60e8acf\" data-element_type=\"widget\" data-e-type=\"widget\" data-widget_type=\"text-editor.default\">\n\t\t\t\t<div class=\"elementor-widget-container\">\n\t\t\t\t\t\t\t\t\t<p><span style=\"font-weight: 400;\">Discover our exclusive selection of feather necklaces, perfect for adding a touch of sophistication and glamour to your style. Ideal for special events such as weddings, parties and outdoor celebrations, our necklaces combine design and quality to offer you unique pieces. Designed to enhance your elegance and make you stand out. Choose your favorite color that will complement your look with style and distinction.<\/span><\/p>\t\t\t\t\t\t\t\t<\/div>\n\t\t\t\t<\/div>\n\t\t\t\t\t<\/div>\n\t\t<\/div>\n\t\t\t\t\t<\/div>\n\t\t<\/section>\n\t\t<div class=\"elementor-element elementor-element-be20f85 e-flex e-con-boxed e-con e-parent\" data-id=\"be20f85\" data-element_type=\"container\" data-e-type=\"container\" data-settings=\"{&quot;background_background&quot;:&quot;classic&quot;}\">\n\t\t\t\t\t<div class=\"e-con-inner\">\n\t\t<div class=\"elementor-element elementor-element-7173ee8 e-con-full e-flex e-con e-child\" data-id=\"7173ee8\" data-element_type=\"container\" data-e-type=\"container\">\n\t\t\t\t<div class=\"elementor-element elementor-element-2fa9c88 elementor-grid-3 elementor-grid-mobile-1 elementor-grid-tablet-3 elementor-products-grid elementor-wc-products elementor-widget elementor-widget-woocommerce-products\" data-id=\"2fa9c88\" data-element_type=\"widget\" data-e-type=\"widget\" data-widget_type=\"woocommerce-products.default\">\n\t\t\t\t<div class=\"elementor-widget-container\">\n\t\t\t\t\t<div class=\"woocommerce columns-3\"><span class=\"wpfHidden\" data-shortcode-attribute=\"{&quot;limit&quot;:&quot;-1&quot;,&quot;columns&quot;:3,&quot;rows&quot;:1,&quot;orderby&quot;:&quot;&quot;,&quot;order&quot;:&quot;&quot;,&quot;ids&quot;:&quot;&quot;,&quot;skus&quot;:&quot;&quot;,&quot;category&quot;:&quot;&quot;,&quot;cat_operator&quot;:&quot;IN&quot;,&quot;attribute&quot;:&quot;&quot;,&quot;terms&quot;:&quot;&quot;,&quot;terms_operator&quot;:&quot;IN&quot;,&quot;tag&quot;:&quot;&quot;,&quot;tag_operator&quot;:&quot;IN&quot;,&quot;visibility&quot;:&quot;visible&quot;,&quot;class&quot;:&quot;&quot;,&quot;page&quot;:1,&quot;paginate&quot;:&quot;&quot;,&quot;cache&quot;:false}\"><\/span><ul class=\"products elementor-grid columns-3\">\n<li class=\"product type-product post-5502 status-publish first instock product_cat-collares has-post-thumbnail taxable shipping-taxable purchasable product-type-variable\">\n\t<div class=\"nv-card-content-wrapper\"><a href=\"https:\/\/monisimadelamuerte.es\/en\/product\/collar-de-plumas-de-ganso\/\" class=\"woocommerce-LoopProduct-link woocommerce-loop-product__link\"><div class=\"sp-product-image\"><div class=\"img-wrap\"><img fetchpriority=\"high\" decoding=\"async\" width=\"600\" height=\"800\" src=\"https:\/\/monisimadelamuerte.es\/wp-content\/uploads\/2024\/11\/IMG_4434-1-600x800.jpeg\" class=\"attachment-woocommerce_thumbnail size-woocommerce_thumbnail\" alt=\"Collar de plumas de Ganso\" srcset=\"https:\/\/monisimadelamuerte.es\/wp-content\/uploads\/2024\/11\/IMG_4434-1-600x800.jpeg 600w, https:\/\/monisimadelamuerte.es\/wp-content\/uploads\/2024\/11\/IMG_4434-1-225x300.jpeg 225w, https:\/\/monisimadelamuerte.es\/wp-content\/uploads\/2024\/11\/IMG_4434-1-768x1024.jpeg 768w, https:\/\/monisimadelamuerte.es\/wp-content\/uploads\/2024\/11\/IMG_4434-1-1152x1536.jpeg 1152w, https:\/\/monisimadelamuerte.es\/wp-content\/uploads\/2024\/11\/IMG_4434-1-1536x2048.jpeg 1536w, https:\/\/monisimadelamuerte.es\/wp-content\/uploads\/2024\/11\/IMG_4434-1-9x12.jpeg 9w, https:\/\/monisimadelamuerte.es\/wp-content\/uploads\/2024\/11\/IMG_4434-1-800x1067.jpeg 800w, https:\/\/monisimadelamuerte.es\/wp-content\/uploads\/2024\/11\/IMG_4434-1-scaled.jpeg 1920w\" sizes=\"(max-width: 600px) 100vw, 600px\" \/><\/div><\/div><h2 class=\"woocommerce-loop-product__title\">Goose feather necklace<\/h2>\n\t<span class=\"price\"><span class=\"woocommerce-Price-amount amount\"><bdi>130,00&nbsp;<span class=\"woocommerce-Price-currencySymbol\">\u20ac<\/span><\/bdi><\/span><\/span>\n<\/a><a href=\"https:\/\/monisimadelamuerte.es\/en\/product\/collar-de-plumas-de-ganso\/\" aria-describedby=\"woocommerce_loop_add_to_cart_link_describedby_5502\" data-quantity=\"1\" class=\"button product_type_variable add_to_cart_button\" data-product_id=\"5502\" data-product_sku=\"\" aria-label=\"Select options for \u201cCollar de plumas de Ganso\u201d\" rel=\"nofollow\" data-no-translation=\"\" data-trp-gettext=\"\" data-no-translation-aria-label=\"\">Select options<\/a>\t<span id=\"woocommerce_loop_add_to_cart_link_describedby_5502\" class=\"screen-reader-text\">\n\t\tThis product has multiple variants. The options may be chosen on the product page\t<\/span>\n<\/div><\/li>\n<li class=\"product type-product post-5501 status-publish instock product_cat-collares has-post-thumbnail taxable shipping-taxable purchasable product-type-simple\">\n\t<div class=\"nv-card-content-wrapper\"><a href=\"https:\/\/monisimadelamuerte.es\/en\/product\/collar-de-plumas-marabu-buganvilla\/\" class=\"woocommerce-LoopProduct-link woocommerce-loop-product__link\"><div class=\"sp-product-image\"><div class=\"img-wrap\"><img decoding=\"async\" width=\"600\" height=\"800\" src=\"https:\/\/monisimadelamuerte.es\/wp-content\/uploads\/2024\/11\/IMG_4384-1-600x800.jpg\" class=\"attachment-woocommerce_thumbnail size-woocommerce_thumbnail\" alt=\"Collar de Plumas marab\u00fa Buganvilla\" srcset=\"https:\/\/monisimadelamuerte.es\/wp-content\/uploads\/2024\/11\/IMG_4384-1-600x800.jpg 600w, https:\/\/monisimadelamuerte.es\/wp-content\/uploads\/2024\/11\/IMG_4384-1-225x300.jpg 225w, https:\/\/monisimadelamuerte.es\/wp-content\/uploads\/2024\/11\/IMG_4384-1-768x1024.jpg 768w, https:\/\/monisimadelamuerte.es\/wp-content\/uploads\/2024\/11\/IMG_4384-1-1152x1536.jpg 1152w, https:\/\/monisimadelamuerte.es\/wp-content\/uploads\/2024\/11\/IMG_4384-1-9x12.jpg 9w, https:\/\/monisimadelamuerte.es\/wp-content\/uploads\/2024\/11\/IMG_4384-1-800x1067.jpg 800w, https:\/\/monisimadelamuerte.es\/wp-content\/uploads\/2024\/11\/IMG_4384-1.jpg 1440w\" sizes=\"(max-width: 600px) 100vw, 600px\" \/><\/div><\/div><h2 class=\"woocommerce-loop-product__title\">Marabou Bougainvillea Feather Necklace<\/h2>\n\t<span class=\"price\"><span class=\"woocommerce-Price-amount amount\"><bdi>130,00&nbsp;<span class=\"woocommerce-Price-currencySymbol\">\u20ac<\/span><\/bdi><\/span><\/span>\n<\/a><a href=\"\/en\/wp-json\/wp\/v2\/pages\/5416?add-to-cart=5501\" aria-describedby=\"woocommerce_loop_add_to_cart_link_describedby_5501\" data-quantity=\"1\" class=\"button product_type_simple add_to_cart_button ajax_add_to_cart\" data-product_id=\"5501\" data-product_sku=\"\" aria-label=\"Add to basket: \u201cCollar de Plumas marab\u00fa Buganvilla\u201d\" rel=\"nofollow\" data-success_message=\"\u201cCollar de Plumas marab\u00fa Buganvilla\u201d has been added to your cart\" role=\"button\" data-no-translation=\"\" data-trp-gettext=\"\" data-no-translation-aria-label=\"\" data-no-translation-data-success_message=\"\">Add to basket<\/a>\t<span id=\"woocommerce_loop_add_to_cart_link_describedby_5501\" class=\"screen-reader-text\">\n\t\t\t<\/span>\n<\/div><\/li>\n<li class=\"product type-product post-5432 status-publish last instock product_cat-collares has-post-thumbnail taxable shipping-taxable purchasable product-type-simple\">\n\t<div class=\"nv-card-content-wrapper\"><a href=\"https:\/\/monisimadelamuerte.es\/en\/product\/collar-de-plumas\/\" class=\"woocommerce-LoopProduct-link woocommerce-loop-product__link\"><div class=\"sp-product-image\"><div class=\"img-wrap\"><img decoding=\"async\" width=\"600\" height=\"800\" src=\"https:\/\/monisimadelamuerte.es\/wp-content\/uploads\/2024\/11\/IMG_4460-600x800.jpg\" class=\"attachment-woocommerce_thumbnail size-woocommerce_thumbnail\" alt=\"Collar de Plumas marab\u00fa Gris\" srcset=\"https:\/\/monisimadelamuerte.es\/wp-content\/uploads\/2024\/11\/IMG_4460-600x800.jpg 600w, https:\/\/monisimadelamuerte.es\/wp-content\/uploads\/2024\/11\/IMG_4460-225x300.jpg 225w, https:\/\/monisimadelamuerte.es\/wp-content\/uploads\/2024\/11\/IMG_4460-768x1024.jpg 768w, https:\/\/monisimadelamuerte.es\/wp-content\/uploads\/2024\/11\/IMG_4460-9x12.jpg 9w, https:\/\/monisimadelamuerte.es\/wp-content\/uploads\/2024\/11\/IMG_4460-800x1067.jpg 800w, https:\/\/monisimadelamuerte.es\/wp-content\/uploads\/2024\/11\/IMG_4460.jpg 1080w\" sizes=\"(max-width: 600px) 100vw, 600px\" \/><\/div><\/div><h2 class=\"woocommerce-loop-product__title\">Grey Marabou Feather Necklace<\/h2>\n\t<span class=\"price\"><span class=\"woocommerce-Price-amount amount\"><bdi>130,00&nbsp;<span class=\"woocommerce-Price-currencySymbol\">\u20ac<\/span><\/bdi><\/span><\/span>\n<\/a><a href=\"\/en\/wp-json\/wp\/v2\/pages\/5416?add-to-cart=5432\" aria-describedby=\"woocommerce_loop_add_to_cart_link_describedby_5432\" data-quantity=\"1\" class=\"button product_type_simple add_to_cart_button ajax_add_to_cart\" data-product_id=\"5432\" data-product_sku=\"\" aria-label=\"Add to basket: \u201cCollar de Plumas marab\u00fa Gris\u201d\" rel=\"nofollow\" data-success_message=\"\u201cCollar de Plumas marab\u00fa Gris\u201d has been added to your cart\" role=\"button\" data-no-translation=\"\" data-trp-gettext=\"\" data-no-translation-aria-label=\"\" data-no-translation-data-success_message=\"\">Add to basket<\/a>\t<span id=\"woocommerce_loop_add_to_cart_link_describedby_5432\" class=\"screen-reader-text\">\n\t\t\t<\/span>\n<\/div><\/li>\n<\/ul>\n<\/div>\t\t\t\t<\/div>\n\t\t\t\t<\/div>\n\t\t\t\t<\/div>\n\t\t\t\t\t<\/div>\n\t\t\t\t<\/div>\n\t\t\t\t<\/div>","protected":false},"excerpt":{"rendered":"<p>FEATHER NECKLACES: elegance and glamour for every occasion. Discover our exclusive selection of feather necklaces, perfect for adding a touch of sophistication and glamour to your style. Ideal for special events such as weddings, parties, and outdoor celebrations, our necklaces combine design and quality to offer you unique pieces. Designed to enhance your\u2026&nbsp;<a href=\"https:\/\/monisimadelamuerte.es\/en\/accesorios\/\" rel=\"bookmark\">Read More \u00bb<span class=\"screen-reader-text\">Feather Necklaces<\/span><\/a><\/p>","protected":false},"author":4,"featured_media":0,"parent":0,"menu_order":0,"comment_status":"closed","ping_status":"closed","template":"page-templates\/template-pagebuilder-full-width.php","meta":{"neve_meta_sidebar":"","neve_meta_container":"","neve_meta_enable_content_width":"off","neve_meta_content_width":100,"neve_meta_title_alignment":"","neve_meta_author_avatar":"","neve_post_elements_order":"","neve_meta_disable_header":"","neve_meta_disable_footer":"","neve_meta_disable_title":"","_joinchat":[],"footnotes":""},"class_list":["post-5416","page","type-page","status-publish","hentry"],"yoast_head":"<!-- This site is optimized with the Yoast SEO plugin v27.0 - https:\/\/yoast.com\/product\/yoast-seo-wordpress\/ -->\n<title>Collares Plumas - Mon\u00edsima de la Muerte<\/title>\n<meta name=\"robots\" content=\"index, follow, max-snippet:-1, max-image-preview:large, max-video-preview:-1\" \/>\n<link rel=\"canonical\" href=\"https:\/\/monisimadelamuerte.es\/en\/accesorios\/\" \/>\n<meta property=\"og:locale\" content=\"en_GB\" \/>\n<meta property=\"og:type\" content=\"article\" \/>\n<meta property=\"og:title\" content=\"Collares Plumas - Mon\u00edsima de la Muerte\" \/>\n<meta property=\"og:description\" content=\"cOLLARES DE pLUMAS: elegancia y glamour en cada ocasi\u00f3n Descubre nuestra exclusiva selecci\u00f3n de Collares de plumas, perfectos para a\u00f1adir un toque de sofisticaci\u00f3n y glamour a tu estilo. Ideales para eventos especiales como bodas, fiestas y celebraciones al aire libre, nuestros collares combinan dise\u00f1o y calidad para ofrecerte piezas \u00fanicas. Pensados para realzar tu&hellip;&nbsp;Read More &raquo;Collares Plumas\" \/>\n<meta property=\"og:url\" content=\"https:\/\/monisimadelamuerte.es\/en\/accesorios\/\" \/>\n<meta property=\"og:site_name\" content=\"Mon\u00edsima de la Muerte\" \/>\n<meta property=\"article:publisher\" content=\"https:\/\/www.facebook.com\/people\/monisimadelamuertees\/100046440565329\/?ref=page_internal&amp;path=monisimadelamuertees-297880507039784\" \/>\n<meta property=\"article:modified_time\" content=\"2025-01-15T17:20:30+00:00\" \/>\n<meta name=\"twitter:card\" content=\"summary_large_image\" \/>\n<meta name=\"twitter:label1\" content=\"Estimated reading time\" \/>\n\t<meta name=\"twitter:data1\" content=\"2 minutes\" \/>\n<script type=\"application\/ld+json\" class=\"yoast-schema-graph\">{\"@context\":\"https:\/\/schema.org\",\"@graph\":[{\"@type\":\"WebPage\",\"@id\":\"https:\/\/monisimadelamuerte.es\/accesorios\/\",\"url\":\"https:\/\/monisimadelamuerte.es\/accesorios\/\",\"name\":\"Collares Plumas - Mon\u00edsima de la Muerte\",\"isPartOf\":{\"@id\":\"https:\/\/monisimadelamuerte.es\/#website\"},\"datePublished\":\"2024-11-06T19:34:40+00:00\",\"dateModified\":\"2025-01-15T17:20:30+00:00\",\"breadcrumb\":{\"@id\":\"https:\/\/monisimadelamuerte.es\/accesorios\/#breadcrumb\"},\"inLanguage\":\"en-GB\",\"potentialAction\":[{\"@type\":\"ReadAction\",\"target\":[\"https:\/\/monisimadelamuerte.es\/accesorios\/\"]}]},{\"@type\":\"BreadcrumbList\",\"@id\":\"https:\/\/monisimadelamuerte.es\/accesorios\/#breadcrumb\",\"itemListElement\":[{\"@type\":\"ListItem\",\"position\":1,\"name\":\"Portada\",\"item\":\"https:\/\/monisimadelamuerte.es\/\"},{\"@type\":\"ListItem\",\"position\":2,\"name\":\"Collares Plumas\"}]},{\"@type\":\"WebSite\",\"@id\":\"https:\/\/monisimadelamuerte.es\/#website\",\"url\":\"https:\/\/monisimadelamuerte.es\/\",\"name\":\"monisimadelamuerte.es\",\"description\":\"\",\"potentialAction\":[{\"@type\":\"SearchAction\",\"target\":{\"@type\":\"EntryPoint\",\"urlTemplate\":\"https:\/\/monisimadelamuerte.es\/?s={search_term_string}\"},\"query-input\":{\"@type\":\"PropertyValueSpecification\",\"valueRequired\":true,\"valueName\":\"search_term_string\"}}],\"inLanguage\":\"en-GB\"}]}<\/script>\n<!-- \/ Yoast SEO plugin. -->","yoast_head_json":{"title":"Collares Plumas - Mon\u00edsima de la Muerte","robots":{"index":"index","follow":"follow","max-snippet":"max-snippet:-1","max-image-preview":"max-image-preview:large","max-video-preview":"max-video-preview:-1"},"canonical":"https:\/\/monisimadelamuerte.es\/en\/accesorios\/","og_locale":"en_GB","og_type":"article","og_title":"Collares Plumas - Mon\u00edsima de la Muerte","og_description":"cOLLARES DE pLUMAS: elegancia y glamour en cada ocasi\u00f3n Descubre nuestra exclusiva selecci\u00f3n de Collares de plumas, perfectos para a\u00f1adir un toque de sofisticaci\u00f3n y glamour a tu estilo. Ideales para eventos especiales como bodas, fiestas y celebraciones al aire libre, nuestros collares combinan dise\u00f1o y calidad para ofrecerte piezas \u00fanicas. Pensados para realzar tu&hellip;&nbsp;Read More &raquo;Collares Plumas","og_url":"https:\/\/monisimadelamuerte.es\/en\/accesorios\/","og_site_name":"Mon\u00edsima de la Muerte","article_publisher":"https:\/\/www.facebook.com\/people\/monisimadelamuertees\/100046440565329\/?ref=page_internal&path=monisimadelamuertees-297880507039784","article_modified_time":"2025-01-15T17:20:30+00:00","twitter_card":"summary_large_image","twitter_misc":{"Estimated reading time":"2 minutes"},"schema":{"@context":"https:\/\/schema.org","@graph":[{"@type":"WebPage","@id":"https:\/\/monisimadelamuerte.es\/accesorios\/","url":"https:\/\/monisimadelamuerte.es\/accesorios\/","name":"Collares Plumas - Mon\u00edsima de la Muerte","isPartOf":{"@id":"https:\/\/monisimadelamuerte.es\/#website"},"datePublished":"2024-11-06T19:34:40+00:00","dateModified":"2025-01-15T17:20:30+00:00","breadcrumb":{"@id":"https:\/\/monisimadelamuerte.es\/accesorios\/#breadcrumb"},"inLanguage":"en-GB","potentialAction":[{"@type":"ReadAction","target":["https:\/\/monisimadelamuerte.es\/accesorios\/"]}]},{"@type":"BreadcrumbList","@id":"https:\/\/monisimadelamuerte.es\/accesorios\/#breadcrumb","itemListElement":[{"@type":"ListItem","position":1,"name":"Portada","item":"https:\/\/monisimadelamuerte.es\/"},{"@type":"ListItem","position":2,"name":"Collares Plumas"}]},{"@type":"WebSite","@id":"https:\/\/monisimadelamuerte.es\/#website","url":"https:\/\/monisimadelamuerte.es\/","name":"monisimadelamuerte.es","description":"","potentialAction":[{"@type":"SearchAction","target":{"@type":"EntryPoint","urlTemplate":"https:\/\/monisimadelamuerte.es\/?s={search_term_string}"},"query-input":{"@type":"PropertyValueSpecification","valueRequired":true,"valueName":"search_term_string"}}],"inLanguage":"en-GB"}]}},"_links":{"self":[{"href":"https:\/\/monisimadelamuerte.es\/en\/wp-json\/wp\/v2\/pages\/5416","targetHints":{"allow":["GET"]}}],"collection":[{"href":"https:\/\/monisimadelamuerte.es\/en\/wp-json\/wp\/v2\/pages"}],"about":[{"href":"https:\/\/monisimadelamuerte.es\/en\/wp-json\/wp\/v2\/types\/page"}],"author":[{"embeddable":true,"href":"https:\/\/monisimadelamuerte.es\/en\/wp-json\/wp\/v2\/users\/4"}],"replies":[{"embeddable":true,"href":"https:\/\/monisimadelamuerte.es\/en\/wp-json\/wp\/v2\/comments?post=5416"}],"version-history":[{"count":36,"href":"https:\/\/monisimadelamuerte.es\/en\/wp-json\/wp\/v2\/pages\/5416\/revisions"}],"predecessor-version":[{"id":5574,"href":"https:\/\/monisimadelamuerte.es\/en\/wp-json\/wp\/v2\/pages\/5416\/revisions\/5574"}],"wp:attachment":[{"href":"https:\/\/monisimadelamuerte.es\/en\/wp-json\/wp\/v2\/media?parent=5416"}],"curies":[{"name":"wp","href":"https:\/\/api.w.org\/{rel}","templated":true}]}}