{"id":5321,"date":"2024-10-18T17:03:24","date_gmt":"2024-10-18T15:03:24","guid":{"rendered":"https:\/\/monisimadelamuerte.es\/?page_id=5321"},"modified":"2024-11-11T20:55:52","modified_gmt":"2024-11-11T19:55:52","slug":"pamela-novia","status":"publish","type":"page","link":"https:\/\/monisimadelamuerte.es\/en\/pamela-novia\/","title":{"rendered":"Pamela Bride"},"content":{"rendered":"<div data-elementor-type=\"wp-page\" data-elementor-id=\"5321\" class=\"elementor elementor-5321\" data-elementor-post-type=\"page\">\n\t\t\t\t\t\t<section class=\"elementor-section elementor-top-section elementor-element elementor-element-1a724fe5 elementor-section-height-min-height elementor-section-boxed elementor-section-height-default elementor-section-items-middle\" data-id=\"1a724fe5\" data-element_type=\"section\" data-e-type=\"section\" data-settings=\"{&quot;background_background&quot;:&quot;classic&quot;}\">\n\t\t\t\t\t\t\t<div class=\"elementor-background-overlay\"><\/div>\n\t\t\t\t\t\t\t<div class=\"elementor-container elementor-column-gap-default\">\n\t\t\t\t\t<div class=\"elementor-column elementor-col-100 elementor-top-column elementor-element elementor-element-4436a67\" data-id=\"4436a67\" data-element_type=\"column\" data-e-type=\"column\" data-settings=\"{&quot;background_background&quot;:&quot;classic&quot;}\">\n\t\t\t<div class=\"elementor-widget-wrap elementor-element-populated\">\n\t\t\t\t\t\t<div class=\"elementor-element elementor-element-2cdb8cbd elementor-invisible elementor-widget elementor-widget-heading\" data-id=\"2cdb8cbd\" data-element_type=\"widget\" data-e-type=\"widget\" data-settings=\"{&quot;_animation&quot;:&quot;fadeIn&quot;}\" data-widget_type=\"heading.default\">\n\t\t\t\t<div class=\"elementor-widget-container\">\n\t\t\t\t\t<h1 class=\"elementor-heading-title elementor-size-default\">Bridal hats: elegance for that special day\n<\/h1>\t\t\t\t<\/div>\n\t\t\t\t<\/div>\n\t\t\t\t<div class=\"elementor-element elementor-element-2ea3f428 elementor-widget elementor-widget-text-editor\" data-id=\"2ea3f428\" data-element_type=\"widget\" data-e-type=\"widget\" data-widget_type=\"text-editor.default\">\n\t\t\t\t<div class=\"elementor-widget-container\">\n\t\t\t\t\t\t\t\t\t<p><span style=\"font-weight: 400;\">Discover our exclusive selection of bridal hats, perfect for adding a touch of sophistication and glamour on that day. Combining design and quality to offer you unique pieces. From classic and timeless models to the latest fashion trends, our hats are designed to enhance your elegance and make you stand out. Find the perfect hat that will complement your look with style and distinction.<\/span><\/p>\t\t\t\t\t\t\t\t<\/div>\n\t\t\t\t<\/div>\n\t\t\t\t\t<\/div>\n\t\t<\/div>\n\t\t\t\t\t<\/div>\n\t\t<\/section>\n\t\t<div class=\"elementor-element elementor-element-9255a09 e-con-full e-flex e-con e-parent\" data-id=\"9255a09\" data-element_type=\"container\" data-e-type=\"container\">\n\t\t\t\t<div class=\"elementor-element elementor-element-22e65d7 elementor-grid-3 elementor-grid-tablet-3 elementor-grid-mobile-2 elementor-products-grid elementor-wc-products elementor-widget elementor-widget-woocommerce-products\" data-id=\"22e65d7\" data-element_type=\"widget\" data-e-type=\"widget\" data-widget_type=\"woocommerce-products.default\">\n\t\t\t\t<div class=\"elementor-widget-container\">\n\t\t\t\t\t<div class=\"woocommerce columns-3\"><span class=\"wpfHidden\" data-shortcode-attribute=\"{&quot;limit&quot;:&quot;-1&quot;,&quot;columns&quot;:3,&quot;rows&quot;:2,&quot;orderby&quot;:&quot;&quot;,&quot;order&quot;:&quot;&quot;,&quot;ids&quot;:&quot;&quot;,&quot;skus&quot;:&quot;&quot;,&quot;category&quot;:&quot;&quot;,&quot;cat_operator&quot;:&quot;IN&quot;,&quot;attribute&quot;:&quot;&quot;,&quot;terms&quot;:&quot;&quot;,&quot;terms_operator&quot;:&quot;IN&quot;,&quot;tag&quot;:&quot;&quot;,&quot;tag_operator&quot;:&quot;IN&quot;,&quot;visibility&quot;:&quot;visible&quot;,&quot;class&quot;:&quot;&quot;,&quot;page&quot;:1,&quot;paginate&quot;:&quot;&quot;,&quot;cache&quot;:false}\"><\/span><ul class=\"products elementor-grid columns-3\">\n<li class=\"product type-product post-5824 status-publish first instock product_cat-pamela-novia has-post-thumbnail taxable shipping-taxable purchasable product-type-simple\">\n\t<div class=\"nv-card-content-wrapper\"><a href=\"https:\/\/monisimadelamuerte.es\/en\/product\/pamela-elegante-para-invitada-de-boda-perla-real-monisima-de-la-muerte\/\" class=\"woocommerce-LoopProduct-link woocommerce-loop-product__link\"><div class=\"sp-product-image\"><div class=\"img-wrap\"><img fetchpriority=\"high\" decoding=\"async\" width=\"600\" height=\"899\" src=\"https:\/\/monisimadelamuerte.es\/wp-content\/uploads\/2025\/05\/1FBE350D-C81C-4C83-AA85-6E0ED320CE75.jpg\" class=\"attachment-woocommerce_thumbnail size-woocommerce_thumbnail\" alt=\"Pamela Perla Real | Mon\u00edsima de la Muerte\" \/><\/div><\/div><h2 class=\"woocommerce-loop-product__title\">Pamela Perla Real | Mon\u00edsima de la Muerte<\/h2>\n\t<span class=\"price\"><span class=\"woocommerce-Price-amount amount\"><bdi>250,00&nbsp;<span class=\"woocommerce-Price-currencySymbol\">\u20ac<\/span><\/bdi><\/span><\/span>\n<\/a><a href=\"\/en\/wp-json\/wp\/v2\/pages\/5321?add-to-cart=5824\" aria-describedby=\"woocommerce_loop_add_to_cart_link_describedby_5824\" data-quantity=\"1\" class=\"button product_type_simple add_to_cart_button ajax_add_to_cart\" data-product_id=\"5824\" data-product_sku=\"\" aria-label=\"Add to basket: \u201cPamela Perla Real | Mon\u00edsima de la Muerte\u201d\" rel=\"nofollow\" data-success_message=\"\u201cPamela Perla Real | Mon\u00edsima de la Muerte\u201d has been added to your cart\" role=\"button\" data-no-translation=\"\" data-trp-gettext=\"\" data-no-translation-aria-label=\"\" data-no-translation-data-success_message=\"\">Add to basket<\/a>\t<span id=\"woocommerce_loop_add_to_cart_link_describedby_5824\" class=\"screen-reader-text\">\n\t\t\t<\/span>\n<\/div><\/li>\n<li class=\"product type-product post-4253 status-publish instock product_cat-pamela-novia has-post-thumbnail taxable shipping-taxable purchasable product-type-simple\">\n\t<div class=\"nv-card-content-wrapper\"><a href=\"https:\/\/monisimadelamuerte.es\/en\/product\/pamela-novia-flechazo-elegante-boda-madrid\/\" class=\"woocommerce-LoopProduct-link woocommerce-loop-product__link\"><div class=\"sp-product-image\"><div class=\"img-wrap\"><img decoding=\"async\" width=\"600\" height=\"1067\" src=\"https:\/\/monisimadelamuerte.es\/wp-content\/uploads\/2024\/07\/IMG_20210304_134115ok-scaled-1-600x1067.jpg\" class=\"attachment-woocommerce_thumbnail size-woocommerce_thumbnail\" alt=\"Pamela Novia Flechazo\" srcset=\"https:\/\/monisimadelamuerte.es\/wp-content\/uploads\/2024\/07\/IMG_20210304_134115ok-scaled-1-600x1067.jpg 600w, https:\/\/monisimadelamuerte.es\/wp-content\/uploads\/2024\/07\/IMG_20210304_134115ok-scaled-1-800x1422.jpg 800w, https:\/\/monisimadelamuerte.es\/wp-content\/uploads\/2024\/07\/IMG_20210304_134115ok-scaled-1.jpg 1440w\" sizes=\"(max-width: 600px) 100vw, 600px\" \/><\/div><\/div><h2 class=\"woocommerce-loop-product__title\">Pamela Girlfriend Love at First Sight<\/h2>\n\t<span class=\"price\"><span class=\"woocommerce-Price-amount amount\"><bdi>180,00&nbsp;<span class=\"woocommerce-Price-currencySymbol\">\u20ac<\/span><\/bdi><\/span><\/span>\n<\/a><a href=\"\/en\/wp-json\/wp\/v2\/pages\/5321?add-to-cart=4253\" aria-describedby=\"woocommerce_loop_add_to_cart_link_describedby_4253\" data-quantity=\"1\" class=\"button product_type_simple add_to_cart_button ajax_add_to_cart\" data-product_id=\"4253\" data-product_sku=\"\" aria-label=\"Add to basket: \u201cPamela Novia Flechazo\u201d\" rel=\"nofollow\" data-success_message=\"\u201cPamela Novia Flechazo\u201d has been added to your cart\" role=\"button\" data-no-translation=\"\" data-trp-gettext=\"\" data-no-translation-aria-label=\"\" data-no-translation-data-success_message=\"\">Add to basket<\/a>\t<span id=\"woocommerce_loop_add_to_cart_link_describedby_4253\" class=\"screen-reader-text\">\n\t\t\t<\/span>\n<\/div><\/li>\n<li class=\"product type-product post-4251 status-publish last instock product_cat-pamela-novia has-post-thumbnail taxable shipping-taxable purchasable product-type-simple\">\n\t<div class=\"nv-card-content-wrapper\"><a href=\"https:\/\/monisimadelamuerte.es\/en\/product\/pamela-novia-diamante-boda-madrid-elegante\/\" class=\"woocommerce-LoopProduct-link woocommerce-loop-product__link\"><div class=\"sp-product-image\"><div class=\"img-wrap\"><img decoding=\"async\" width=\"600\" height=\"1067\" src=\"https:\/\/monisimadelamuerte.es\/wp-content\/uploads\/2024\/07\/IMG_20210304_134001ok-scaled-1-600x1067.jpg\" class=\"attachment-woocommerce_thumbnail size-woocommerce_thumbnail\" alt=\"Pamela Novia Diamante\" srcset=\"https:\/\/monisimadelamuerte.es\/wp-content\/uploads\/2024\/07\/IMG_20210304_134001ok-scaled-1-600x1067.jpg 600w, https:\/\/monisimadelamuerte.es\/wp-content\/uploads\/2024\/07\/IMG_20210304_134001ok-scaled-1-800x1422.jpg 800w, https:\/\/monisimadelamuerte.es\/wp-content\/uploads\/2024\/07\/IMG_20210304_134001ok-scaled-1.jpg 1440w\" sizes=\"(max-width: 600px) 100vw, 600px\" \/><\/div><\/div><h2 class=\"woocommerce-loop-product__title\">Pamela Diamond Bride<\/h2>\n\t<span class=\"price\"><span class=\"woocommerce-Price-amount amount\"><bdi>180,00&nbsp;<span class=\"woocommerce-Price-currencySymbol\">\u20ac<\/span><\/bdi><\/span><\/span>\n<\/a><a href=\"\/en\/wp-json\/wp\/v2\/pages\/5321?add-to-cart=4251\" aria-describedby=\"woocommerce_loop_add_to_cart_link_describedby_4251\" data-quantity=\"1\" class=\"button product_type_simple add_to_cart_button ajax_add_to_cart\" data-product_id=\"4251\" data-product_sku=\"\" aria-label=\"Add to basket: \u201cPamela Novia Diamante\u201d\" rel=\"nofollow\" data-success_message=\"\u201cPamela Novia Diamante\u201d has been added to your cart\" role=\"button\" data-no-translation=\"\" data-trp-gettext=\"\" data-no-translation-aria-label=\"\" data-no-translation-data-success_message=\"\">Add to basket<\/a>\t<span id=\"woocommerce_loop_add_to_cart_link_describedby_4251\" class=\"screen-reader-text\">\n\t\t\t<\/span>\n<\/div><\/li>\n<li class=\"product type-product post-3313 status-publish first instock product_cat-pamela-novia has-post-thumbnail taxable shipping-taxable purchasable product-type-simple\">\n\t<div class=\"nv-card-content-wrapper\"><a href=\"https:\/\/monisimadelamuerte.es\/en\/product\/pamela-algononales-maxi-novia-elegante-madrid-espana-monisima-de-la-muerte\/\" class=\"woocommerce-LoopProduct-link woocommerce-loop-product__link\"><div class=\"sp-product-image\"><div class=\"img-wrap\"><img loading=\"lazy\" decoding=\"async\" width=\"600\" height=\"900\" src=\"https:\/\/monisimadelamuerte.es\/wp-content\/uploads\/2024\/10\/4__Esif-Fotografia_1078-2-600x900.jpg\" class=\"attachment-woocommerce_thumbnail size-woocommerce_thumbnail\" alt=\"Pamela Algodonales\" srcset=\"https:\/\/monisimadelamuerte.es\/wp-content\/uploads\/2024\/10\/4__Esif-Fotografia_1078-2-600x900.jpg 600w, https:\/\/monisimadelamuerte.es\/wp-content\/uploads\/2024\/10\/4__Esif-Fotografia_1078-2-200x300.jpg 200w, https:\/\/monisimadelamuerte.es\/wp-content\/uploads\/2024\/10\/4__Esif-Fotografia_1078-2-682x1024.jpg 682w, https:\/\/monisimadelamuerte.es\/wp-content\/uploads\/2024\/10\/4__Esif-Fotografia_1078-2-768x1152.jpg 768w, https:\/\/monisimadelamuerte.es\/wp-content\/uploads\/2024\/10\/4__Esif-Fotografia_1078-2-1024x1536.jpg 1024w, https:\/\/monisimadelamuerte.es\/wp-content\/uploads\/2024\/10\/4__Esif-Fotografia_1078-2-8x12.jpg 8w, https:\/\/monisimadelamuerte.es\/wp-content\/uploads\/2024\/10\/4__Esif-Fotografia_1078-2-800x1200.jpg 800w, https:\/\/monisimadelamuerte.es\/wp-content\/uploads\/2024\/10\/4__Esif-Fotografia_1078-2.jpg 1333w\" sizes=\"(max-width: 600px) 100vw, 600px\" \/><\/div><\/div><h2 class=\"woocommerce-loop-product__title\">Pamela Algodonales<\/h2>\n\t<span class=\"price\"><span class=\"woocommerce-Price-amount amount\"><bdi>200,00&nbsp;<span class=\"woocommerce-Price-currencySymbol\">\u20ac<\/span><\/bdi><\/span><\/span>\n<\/a><a href=\"\/en\/wp-json\/wp\/v2\/pages\/5321?add-to-cart=3313\" aria-describedby=\"woocommerce_loop_add_to_cart_link_describedby_3313\" data-quantity=\"1\" class=\"button product_type_simple add_to_cart_button ajax_add_to_cart\" data-product_id=\"3313\" data-product_sku=\"4588e674d3f0\" aria-label=\"Add to basket: \u201cPamela Algodonales\u201d\" rel=\"nofollow\" data-success_message=\"\u201cPamela Algodonales\u201d has been added to your cart\" role=\"button\" data-no-translation=\"\" data-trp-gettext=\"\" data-no-translation-aria-label=\"\" data-no-translation-data-success_message=\"\">Add to basket<\/a>\t<span id=\"woocommerce_loop_add_to_cart_link_describedby_3313\" class=\"screen-reader-text\">\n\t\t\t<\/span>\n<\/div><\/li>\n<\/ul>\n<\/div>\t\t\t\t<\/div>\n\t\t\t\t<\/div>\n\t\t\t\t<\/div>\n\t\t\t\t<\/div>","protected":false},"excerpt":{"rendered":"<p>Bridal Hats: Elegance for That Special Day. Discover our exclusive selection of bridal hats, perfect for adding a touch of sophistication and glamour to your special day. We combine design and quality to offer you unique pieces. From classic and timeless styles to the latest fashion trends, our hats are designed to enhance your\u2026&nbsp;<a href=\"https:\/\/monisimadelamuerte.es\/en\/pamela-novia\/\" rel=\"bookmark\">Read More \u00bb<span class=\"screen-reader-text\">Pamela Bride<\/span><\/a><\/p>","protected":false},"author":4,"featured_media":0,"parent":0,"menu_order":0,"comment_status":"closed","ping_status":"closed","template":"","meta":{"neve_meta_sidebar":"","neve_meta_container":"","neve_meta_enable_content_width":"off","neve_meta_content_width":100,"neve_meta_title_alignment":"","neve_meta_author_avatar":"","neve_post_elements_order":"","neve_meta_disable_header":"","neve_meta_disable_footer":"","neve_meta_disable_title":"","_joinchat":[],"footnotes":""},"class_list":["post-5321","page","type-page","status-publish","hentry"],"yoast_head":"<!-- This site is optimized with the Yoast SEO plugin v27.0 - https:\/\/yoast.com\/product\/yoast-seo-wordpress\/ -->\n<title>Pamela Novia - Mon\u00edsima de la Muerte<\/title>\n<meta name=\"robots\" content=\"index, follow, max-snippet:-1, max-image-preview:large, max-video-preview:-1\" \/>\n<link rel=\"canonical\" href=\"https:\/\/monisimadelamuerte.es\/en\/pamela-novia\/\" \/>\n<meta property=\"og:locale\" content=\"en_GB\" \/>\n<meta property=\"og:type\" content=\"article\" \/>\n<meta property=\"og:title\" content=\"Pamela Novia - Mon\u00edsima de la Muerte\" \/>\n<meta property=\"og:description\" content=\"Pamelas DE NOVIA: elegancia PARA ESE D\u00edA TAN ESPECIAL Descubre nuestra exclusiva selecci\u00f3n de pamelas para Novia, perfectas para a\u00f1adir un toque de sofisticaci\u00f3n y glamour en ese d\u00eda. Combinando dise\u00f1o y calidad para ofrecerte piezas \u00fanicas. Desde modelos cl\u00e1sicos y atemporales hasta las \u00faltimas tendencias en moda, nuestras pamelas est\u00e1n pensadas para realzar tu&hellip;&nbsp;Read More &raquo;Pamela Novia\" \/>\n<meta property=\"og:url\" content=\"https:\/\/monisimadelamuerte.es\/en\/pamela-novia\/\" \/>\n<meta property=\"og:site_name\" content=\"Mon\u00edsima de la Muerte\" \/>\n<meta property=\"article:publisher\" content=\"https:\/\/www.facebook.com\/people\/monisimadelamuertees\/100046440565329\/?ref=page_internal&amp;path=monisimadelamuertees-297880507039784\" \/>\n<meta property=\"article:modified_time\" content=\"2024-11-11T19:55:52+00:00\" \/>\n<meta name=\"twitter:card\" content=\"summary_large_image\" \/>\n<meta name=\"twitter:label1\" content=\"Estimated reading time\" \/>\n\t<meta name=\"twitter:data1\" content=\"2 minutes\" \/>\n<script type=\"application\/ld+json\" class=\"yoast-schema-graph\">{\"@context\":\"https:\/\/schema.org\",\"@graph\":[{\"@type\":\"WebPage\",\"@id\":\"https:\/\/monisimadelamuerte.es\/pamela-novia\/\",\"url\":\"https:\/\/monisimadelamuerte.es\/pamela-novia\/\",\"name\":\"Pamela Novia - Mon\u00edsima de la Muerte\",\"isPartOf\":{\"@id\":\"https:\/\/monisimadelamuerte.es\/#website\"},\"datePublished\":\"2024-10-18T15:03:24+00:00\",\"dateModified\":\"2024-11-11T19:55:52+00:00\",\"breadcrumb\":{\"@id\":\"https:\/\/monisimadelamuerte.es\/pamela-novia\/#breadcrumb\"},\"inLanguage\":\"en-GB\",\"potentialAction\":[{\"@type\":\"ReadAction\",\"target\":[\"https:\/\/monisimadelamuerte.es\/pamela-novia\/\"]}]},{\"@type\":\"BreadcrumbList\",\"@id\":\"https:\/\/monisimadelamuerte.es\/pamela-novia\/#breadcrumb\",\"itemListElement\":[{\"@type\":\"ListItem\",\"position\":1,\"name\":\"Portada\",\"item\":\"https:\/\/monisimadelamuerte.es\/\"},{\"@type\":\"ListItem\",\"position\":2,\"name\":\"Pamela Novia\"}]},{\"@type\":\"WebSite\",\"@id\":\"https:\/\/monisimadelamuerte.es\/#website\",\"url\":\"https:\/\/monisimadelamuerte.es\/\",\"name\":\"monisimadelamuerte.es\",\"description\":\"\",\"potentialAction\":[{\"@type\":\"SearchAction\",\"target\":{\"@type\":\"EntryPoint\",\"urlTemplate\":\"https:\/\/monisimadelamuerte.es\/?s={search_term_string}\"},\"query-input\":{\"@type\":\"PropertyValueSpecification\",\"valueRequired\":true,\"valueName\":\"search_term_string\"}}],\"inLanguage\":\"en-GB\"}]}<\/script>\n<!-- \/ Yoast SEO plugin. -->","yoast_head_json":{"title":"Pamela Novia - Mon\u00edsima de la Muerte","robots":{"index":"index","follow":"follow","max-snippet":"max-snippet:-1","max-image-preview":"max-image-preview:large","max-video-preview":"max-video-preview:-1"},"canonical":"https:\/\/monisimadelamuerte.es\/en\/pamela-novia\/","og_locale":"en_GB","og_type":"article","og_title":"Pamela Novia - Mon\u00edsima de la Muerte","og_description":"Pamelas DE NOVIA: elegancia PARA ESE D\u00edA TAN ESPECIAL Descubre nuestra exclusiva selecci\u00f3n de pamelas para Novia, perfectas para a\u00f1adir un toque de sofisticaci\u00f3n y glamour en ese d\u00eda. Combinando dise\u00f1o y calidad para ofrecerte piezas \u00fanicas. Desde modelos cl\u00e1sicos y atemporales hasta las \u00faltimas tendencias en moda, nuestras pamelas est\u00e1n pensadas para realzar tu&hellip;&nbsp;Read More &raquo;Pamela Novia","og_url":"https:\/\/monisimadelamuerte.es\/en\/pamela-novia\/","og_site_name":"Mon\u00edsima de la Muerte","article_publisher":"https:\/\/www.facebook.com\/people\/monisimadelamuertees\/100046440565329\/?ref=page_internal&path=monisimadelamuertees-297880507039784","article_modified_time":"2024-11-11T19:55:52+00:00","twitter_card":"summary_large_image","twitter_misc":{"Estimated reading time":"2 minutes"},"schema":{"@context":"https:\/\/schema.org","@graph":[{"@type":"WebPage","@id":"https:\/\/monisimadelamuerte.es\/pamela-novia\/","url":"https:\/\/monisimadelamuerte.es\/pamela-novia\/","name":"Pamela Novia - Mon\u00edsima de la Muerte","isPartOf":{"@id":"https:\/\/monisimadelamuerte.es\/#website"},"datePublished":"2024-10-18T15:03:24+00:00","dateModified":"2024-11-11T19:55:52+00:00","breadcrumb":{"@id":"https:\/\/monisimadelamuerte.es\/pamela-novia\/#breadcrumb"},"inLanguage":"en-GB","potentialAction":[{"@type":"ReadAction","target":["https:\/\/monisimadelamuerte.es\/pamela-novia\/"]}]},{"@type":"BreadcrumbList","@id":"https:\/\/monisimadelamuerte.es\/pamela-novia\/#breadcrumb","itemListElement":[{"@type":"ListItem","position":1,"name":"Portada","item":"https:\/\/monisimadelamuerte.es\/"},{"@type":"ListItem","position":2,"name":"Pamela Novia"}]},{"@type":"WebSite","@id":"https:\/\/monisimadelamuerte.es\/#website","url":"https:\/\/monisimadelamuerte.es\/","name":"monisimadelamuerte.es","description":"","potentialAction":[{"@type":"SearchAction","target":{"@type":"EntryPoint","urlTemplate":"https:\/\/monisimadelamuerte.es\/?s={search_term_string}"},"query-input":{"@type":"PropertyValueSpecification","valueRequired":true,"valueName":"search_term_string"}}],"inLanguage":"en-GB"}]}},"_links":{"self":[{"href":"https:\/\/monisimadelamuerte.es\/en\/wp-json\/wp\/v2\/pages\/5321","targetHints":{"allow":["GET"]}}],"collection":[{"href":"https:\/\/monisimadelamuerte.es\/en\/wp-json\/wp\/v2\/pages"}],"about":[{"href":"https:\/\/monisimadelamuerte.es\/en\/wp-json\/wp\/v2\/types\/page"}],"author":[{"embeddable":true,"href":"https:\/\/monisimadelamuerte.es\/en\/wp-json\/wp\/v2\/users\/4"}],"replies":[{"embeddable":true,"href":"https:\/\/monisimadelamuerte.es\/en\/wp-json\/wp\/v2\/comments?post=5321"}],"version-history":[{"count":17,"href":"https:\/\/monisimadelamuerte.es\/en\/wp-json\/wp\/v2\/pages\/5321\/revisions"}],"predecessor-version":[{"id":5827,"href":"https:\/\/monisimadelamuerte.es\/en\/wp-json\/wp\/v2\/pages\/5321\/revisions\/5827"}],"wp:attachment":[{"href":"https:\/\/monisimadelamuerte.es\/en\/wp-json\/wp\/v2\/media?parent=5321"}],"curies":[{"name":"wp","href":"https:\/\/api.w.org\/{rel}","templated":true}]}}