{"id":473,"date":"2024-06-24T21:30:15","date_gmt":"2024-06-24T21:30:15","guid":{"rendered":"https:\/\/monisimadelamuerte.es\/?page_id=473"},"modified":"2024-06-24T21:33:34","modified_gmt":"2024-06-24T21:33:34","slug":"monisima-express","status":"publish","type":"page","link":"https:\/\/monisimadelamuerte.es\/en\/monisima-express\/","title":{"rendered":"Very cute express"},"content":{"rendered":"<div data-elementor-type=\"wp-page\" data-elementor-id=\"473\" class=\"elementor elementor-473\" data-elementor-post-type=\"page\">\n\t\t\t\t\t\t<section class=\"elementor-section elementor-top-section elementor-element elementor-element-7c265e33 elementor-section-height-min-height elementor-section-boxed elementor-section-height-default elementor-section-items-middle\" data-id=\"7c265e33\" data-element_type=\"section\" data-e-type=\"section\" data-settings=\"{&quot;background_background&quot;:&quot;classic&quot;}\">\n\t\t\t\t\t\t\t<div class=\"elementor-background-overlay\"><\/div>\n\t\t\t\t\t\t\t<div class=\"elementor-container elementor-column-gap-default\">\n\t\t\t\t\t<div class=\"elementor-column elementor-col-100 elementor-top-column elementor-element elementor-element-db9dec9\" data-id=\"db9dec9\" data-element_type=\"column\" data-e-type=\"column\">\n\t\t\t<div class=\"elementor-widget-wrap elementor-element-populated\">\n\t\t\t\t\t\t<div class=\"elementor-element elementor-element-58887619 elementor-invisible elementor-widget elementor-widget-heading\" data-id=\"58887619\" data-element_type=\"widget\" data-e-type=\"widget\" data-settings=\"{&quot;_animation&quot;:&quot;fadeIn&quot;}\" data-widget_type=\"heading.default\">\n\t\t\t\t<div class=\"elementor-widget-container\">\n\t\t\t\t\t<h2 class=\"elementor-heading-title elementor-size-default\">Very cute express\n<\/h2>\t\t\t\t<\/div>\n\t\t\t\t<\/div>\n\t\t\t\t<div class=\"elementor-element elementor-element-47739415 elementor-icon-list--layout-inline elementor-align-center elementor-list-item-link-full_width elementor-invisible elementor-widget elementor-widget-icon-list\" data-id=\"47739415\" data-element_type=\"widget\" data-e-type=\"widget\" data-settings=\"{&quot;_animation&quot;:&quot;fadeIn&quot;,&quot;_animation_delay&quot;:200}\" data-widget_type=\"icon-list.default\">\n\t\t\t\t<div class=\"elementor-widget-container\">\n\t\t\t\t\t\t\t<ul class=\"elementor-icon-list-items elementor-inline-items\">\n\t\t\t\t\t\t\t<li class=\"elementor-icon-list-item elementor-inline-item\">\n\t\t\t\t\t\t\t\t\t\t\t<a href=\"#\">\n\n\t\t\t\t\t\t\t\t\t\t\t<span class=\"elementor-icon-list-text\">Home<\/span>\n\t\t\t\t\t\t\t\t\t\t\t<\/a>\n\t\t\t\t\t\t\t\t\t<\/li>\n\t\t\t\t\t\t\t\t<li class=\"elementor-icon-list-item elementor-inline-item\">\n\t\t\t\t\t\t\t\t\t\t\t<a href=\"https:\/\/monisimadelamuerte.es\/en\/monisima-express\/\">\n\n\t\t\t\t\t\t\t\t\t\t\t\t<span class=\"elementor-icon-list-icon\">\n\t\t\t\t\t\t\t<i aria-hidden=\"true\" class=\"icon icon-right-arrow\"><\/i>\t\t\t\t\t\t<\/span>\n\t\t\t\t\t\t\t\t\t\t<span class=\"elementor-icon-list-text\">Very cute express<\/span>\n\t\t\t\t\t\t\t\t\t\t\t<\/a>\n\t\t\t\t\t\t\t\t\t<\/li>\n\t\t\t\t\t\t<\/ul>\n\t\t\t\t\t\t<\/div>\n\t\t\t\t<\/div>\n\t\t\t\t\t<\/div>\n\t\t<\/div>\n\t\t\t\t\t<\/div>\n\t\t<\/section>\n\t\t\t\t<section class=\"elementor-section elementor-top-section elementor-element elementor-element-5aadf762 elementor-reverse-mobile elementor-section-boxed elementor-section-height-default elementor-section-height-default\" data-id=\"5aadf762\" data-element_type=\"section\" data-e-type=\"section\" data-settings=\"{&quot;background_background&quot;:&quot;classic&quot;}\">\n\t\t\t\t\t\t<div class=\"elementor-container elementor-column-gap-default\">\n\t\t\t\t\t<div class=\"elementor-column elementor-col-50 elementor-top-column elementor-element elementor-element-53f1142d\" data-id=\"53f1142d\" data-element_type=\"column\" data-e-type=\"column\">\n\t\t\t<div class=\"elementor-widget-wrap elementor-element-populated\">\n\t\t\t\t\t\t<div class=\"elementor-element elementor-element-2ac6d015 elementor-invisible elementor-widget elementor-widget-image\" data-id=\"2ac6d015\" data-element_type=\"widget\" data-e-type=\"widget\" data-settings=\"{&quot;_animation&quot;:&quot;fadeIn&quot;,&quot;_animation_delay&quot;:200}\" data-widget_type=\"image.default\">\n\t\t\t\t<div class=\"elementor-widget-container\">\n\t\t\t\t\t\t\t\t\t\t\t\t\t\t\t\t<a href=\"#\">\n\t\t\t\t\t\t\t<img fetchpriority=\"high\" decoding=\"async\" width=\"768\" height=\"1024\" src=\"https:\/\/monisimadelamuerte.es\/wp-content\/uploads\/2024\/06\/IMG-20200116-WA0016-768x1024.jpg\" class=\"attachment-large size-large wp-image-329\" alt=\"\" srcset=\"https:\/\/monisimadelamuerte.es\/wp-content\/uploads\/2024\/06\/IMG-20200116-WA0016-768x1024.jpg 768w, https:\/\/monisimadelamuerte.es\/wp-content\/uploads\/2024\/06\/IMG-20200116-WA0016-600x800.jpg 600w, https:\/\/monisimadelamuerte.es\/wp-content\/uploads\/2024\/06\/IMG-20200116-WA0016-800x1067.jpg 800w, https:\/\/monisimadelamuerte.es\/wp-content\/uploads\/2024\/06\/IMG-20200116-WA0016-225x300.jpg 225w, https:\/\/monisimadelamuerte.es\/wp-content\/uploads\/2024\/06\/IMG-20200116-WA0016-1152x1536.jpg 1152w, https:\/\/monisimadelamuerte.es\/wp-content\/uploads\/2024\/06\/IMG-20200116-WA0016.jpg 1200w\" sizes=\"(max-width: 768px) 100vw, 768px\" \/>\t\t\t\t\t\t\t\t<\/a>\n\t\t\t\t\t\t\t\t\t\t\t\t\t\t\t<\/div>\n\t\t\t\t<\/div>\n\t\t\t\t\t<\/div>\n\t\t<\/div>\n\t\t\t\t<div class=\"elementor-column elementor-col-50 elementor-top-column elementor-element elementor-element-699af84b\" data-id=\"699af84b\" data-element_type=\"column\" data-e-type=\"column\">\n\t\t\t<div class=\"elementor-widget-wrap elementor-element-populated\">\n\t\t\t\t\t\t<div class=\"elementor-element elementor-element-1efe16d4 elementor-invisible elementor-widget elementor-widget-heading\" data-id=\"1efe16d4\" data-element_type=\"widget\" data-e-type=\"widget\" data-settings=\"{&quot;_animation&quot;:&quot;fadeIn&quot;}\" data-widget_type=\"heading.default\">\n\t\t\t\t<div class=\"elementor-widget-container\">\n\t\t\t\t\t<h1 class=\"elementor-heading-title elementor-size-default\">Mon\u00edsima express: find the perfect last-minute accessory\n<\/h1>\t\t\t\t<\/div>\n\t\t\t\t<\/div>\n\t\t\t\t<div class=\"elementor-element elementor-element-1283224 elementor-widget elementor-widget-text-editor\" data-id=\"1283224\" data-element_type=\"widget\" data-e-type=\"widget\" data-widget_type=\"text-editor.default\">\n\t\t\t\t<div class=\"elementor-widget-container\">\n\t\t\t\t\t\t\t\t\t<p><span style=\"font-weight: 400;\">At Mon\u00edsima de la Muerte, we understand that sometimes time is of the essence and finding the perfect accessory for your event can be a challenge. If you can&#039;t find what you&#039;re looking for and time is running out, our express personal advice service is here to help.<\/span><\/p>\t\t\t\t\t\t\t\t<\/div>\n\t\t\t\t<\/div>\n\t\t\t\t<div class=\"elementor-element elementor-element-34c5fcc elementor-widget elementor-widget-button\" data-id=\"34c5fcc\" data-element_type=\"widget\" data-e-type=\"widget\" data-widget_type=\"button.default\">\n\t\t\t\t<div class=\"elementor-widget-container\">\n\t\t\t\t\t\t\t\t\t<div class=\"elementor-button-wrapper\">\n\t\t\t\t\t<a class=\"elementor-button elementor-button-link elementor-size-sm\" href=\"https:\/\/monisimadelamuerte.es\/en\/contacto\/\">\n\t\t\t\t\t\t<span class=\"elementor-button-content-wrapper\">\n\t\t\t\t\t\t\t\t\t<span class=\"elementor-button-text\">CONTACT US<\/span>\n\t\t\t\t\t<\/span>\n\t\t\t\t\t<\/a>\n\t\t\t\t<\/div>\n\t\t\t\t\t\t\t\t<\/div>\n\t\t\t\t<\/div>\n\t\t\t\t\t<\/div>\n\t\t<\/div>\n\t\t\t\t\t<\/div>\n\t\t<\/section>\n\t\t\t\t<section class=\"elementor-section elementor-top-section elementor-element elementor-element-e7792c4 elementor-section-boxed elementor-section-height-default elementor-section-height-default\" data-id=\"e7792c4\" data-element_type=\"section\" data-e-type=\"section\" data-settings=\"{&quot;background_background&quot;:&quot;classic&quot;}\">\n\t\t\t\t\t\t<div class=\"elementor-container elementor-column-gap-default\">\n\t\t\t\t\t<div class=\"elementor-column elementor-col-100 elementor-top-column elementor-element elementor-element-d753684\" data-id=\"d753684\" data-element_type=\"column\" data-e-type=\"column\">\n\t\t\t<div class=\"elementor-widget-wrap elementor-element-populated\">\n\t\t\t\t\t\t<div class=\"elementor-element elementor-element-1a5d0c5 elementor-invisible elementor-widget elementor-widget-heading\" data-id=\"1a5d0c5\" data-element_type=\"widget\" data-e-type=\"widget\" data-settings=\"{&quot;_animation&quot;:&quot;fadeIn&quot;,&quot;_animation_delay&quot;:200}\" data-widget_type=\"heading.default\">\n\t\t\t\t<div class=\"elementor-widget-container\">\n\t\t\t\t\t<h3 class=\"elementor-heading-title elementor-size-default\"> How we help you at the last minute<\/h3>\t\t\t\t<\/div>\n\t\t\t\t<\/div>\n\t\t\t\t<div class=\"elementor-element elementor-element-51f737c elementor-widget elementor-widget-text-editor\" data-id=\"51f737c\" data-element_type=\"widget\" data-e-type=\"widget\" data-widget_type=\"text-editor.default\">\n\t\t\t\t<div class=\"elementor-widget-container\">\n\t\t\t\t\t\t\t\t\t<p><span style=\"font-weight: 400;\">Don&#039;t hesitate and trust Mon\u00edsima de la Muerte to get the perfect accessory, even when time is limited. Contact us today and find out how we can help you shine at your special event.<\/span><\/p>\t\t\t\t\t\t\t\t<\/div>\n\t\t\t\t<\/div>\n\t\t\t\t<section class=\"elementor-section elementor-inner-section elementor-element elementor-element-f1d0b92 elementor-section-boxed elementor-section-height-default elementor-section-height-default\" data-id=\"f1d0b92\" data-element_type=\"section\" data-e-type=\"section\">\n\t\t\t\t\t\t<div class=\"elementor-container elementor-column-gap-default\">\n\t\t\t\t\t<div class=\"elementor-column elementor-col-25 elementor-inner-column elementor-element elementor-element-3740977 elementor-invisible\" data-id=\"3740977\" data-element_type=\"column\" data-e-type=\"column\" data-settings=\"{&quot;animation&quot;:&quot;fadeIn&quot;,&quot;animation_delay&quot;:400,&quot;background_background&quot;:&quot;classic&quot;}\">\n\t\t\t<div class=\"elementor-widget-wrap elementor-element-populated\">\n\t\t\t\t\t\t<div class=\"elementor-element elementor-element-a195b6c elementor-widget elementor-widget-elementskit-header-info\" data-id=\"a195b6c\" data-element_type=\"widget\" data-e-type=\"widget\" data-widget_type=\"elementskit-header-info.default\">\n\t\t\t\t<div class=\"elementor-widget-container\">\n\t\t\t\t\t<div class=\"ekit-wid-con\" >        <ul class=\"ekit-header-info\">\n                                    <li>\n                            <a > \n                                                                Immediate contact                            <\/a>\n                        <\/li>\n\n                            <\/ul>\n        <\/div>\t\t\t\t<\/div>\n\t\t\t\t<\/div>\n\t\t\t\t<div class=\"elementor-element elementor-element-a75b6a6 elementor-widget elementor-widget-text-editor\" data-id=\"a75b6a6\" data-element_type=\"widget\" data-e-type=\"widget\" data-widget_type=\"text-editor.default\">\n\t\t\t\t<div class=\"elementor-widget-container\">\n\t\t\t\t\t\t\t\t\t<p><span style=\"font-weight: 400;\">Don&#039;t worry if the event is approaching and you still don&#039;t have the perfect accessory. Get in touch with our team right away.<\/span><\/p>\t\t\t\t\t\t\t\t<\/div>\n\t\t\t\t<\/div>\n\t\t\t\t\t<\/div>\n\t\t<\/div>\n\t\t\t\t<div class=\"elementor-column elementor-col-25 elementor-inner-column elementor-element elementor-element-8551b10 elementor-invisible\" data-id=\"8551b10\" data-element_type=\"column\" data-e-type=\"column\" data-settings=\"{&quot;animation&quot;:&quot;fadeIn&quot;,&quot;animation_delay&quot;:500,&quot;background_background&quot;:&quot;classic&quot;}\">\n\t\t\t<div class=\"elementor-widget-wrap elementor-element-populated\">\n\t\t\t\t\t\t<div class=\"elementor-element elementor-element-2b0bc21 elementor-widget elementor-widget-elementskit-header-info\" data-id=\"2b0bc21\" data-element_type=\"widget\" data-e-type=\"widget\" data-widget_type=\"elementskit-header-info.default\">\n\t\t\t\t<div class=\"elementor-widget-container\">\n\t\t\t\t\t<div class=\"ekit-wid-con\" >        <ul class=\"ekit-header-info\">\n                                    <li>\n                            <a > \n                                                                Fast and efficient search                            <\/a>\n                        <\/li>\n\n                            <\/ul>\n        <\/div>\t\t\t\t<\/div>\n\t\t\t\t<\/div>\n\t\t\t\t<div class=\"elementor-element elementor-element-90c8767 elementor-widget elementor-widget-text-editor\" data-id=\"90c8767\" data-element_type=\"widget\" data-e-type=\"widget\" data-widget_type=\"text-editor.default\">\n\t\t\t\t<div class=\"elementor-widget-container\">\n\t\t\t\t\t\t\t\t\t<p><span style=\"font-weight: 400;\">We understand the urgency of your situation. We will quickly find and select the accessories that fit your style and needs.<\/span><\/p>\t\t\t\t\t\t\t\t<\/div>\n\t\t\t\t<\/div>\n\t\t\t\t\t<\/div>\n\t\t<\/div>\n\t\t\t\t<div class=\"elementor-column elementor-col-25 elementor-inner-column elementor-element elementor-element-5b8297c elementor-invisible\" data-id=\"5b8297c\" data-element_type=\"column\" data-e-type=\"column\" data-settings=\"{&quot;animation&quot;:&quot;fadeIn&quot;,&quot;animation_delay&quot;:500,&quot;background_background&quot;:&quot;classic&quot;}\">\n\t\t\t<div class=\"elementor-widget-wrap elementor-element-populated\">\n\t\t\t\t\t\t<div class=\"elementor-element elementor-element-620ab95 elementor-widget elementor-widget-elementskit-header-info\" data-id=\"620ab95\" data-element_type=\"widget\" data-e-type=\"widget\" data-widget_type=\"elementskit-header-info.default\">\n\t\t\t\t<div class=\"elementor-widget-container\">\n\t\t\t\t\t<div class=\"ekit-wid-con\" >        <ul class=\"ekit-header-info\">\n                                    <li>\n                            <a > \n                                                                Tailor-made solutions                            <\/a>\n                        <\/li>\n\n                            <\/ul>\n        <\/div>\t\t\t\t<\/div>\n\t\t\t\t<\/div>\n\t\t\t\t<div class=\"elementor-element elementor-element-c3be75f elementor-widget elementor-widget-text-editor\" data-id=\"c3be75f\" data-element_type=\"widget\" data-e-type=\"widget\" data-widget_type=\"text-editor.default\">\n\t\t\t\t<div class=\"elementor-widget-container\">\n\t\t\t\t\t\t\t\t\t<p><span style=\"font-weight: 400;\">Even though time is limited, we do not sacrifice quality or originality. We make sure to offer you unique pieces that will enhance your look and make you stand out at the big event.<\/span><\/p>\t\t\t\t\t\t\t\t<\/div>\n\t\t\t\t<\/div>\n\t\t\t\t\t<\/div>\n\t\t<\/div>\n\t\t\t\t<div class=\"elementor-column elementor-col-25 elementor-inner-column elementor-element elementor-element-2245bb0 elementor-invisible\" data-id=\"2245bb0\" data-element_type=\"column\" data-e-type=\"column\" data-settings=\"{&quot;animation&quot;:&quot;fadeIn&quot;,&quot;animation_delay&quot;:600,&quot;background_background&quot;:&quot;classic&quot;}\">\n\t\t\t<div class=\"elementor-widget-wrap elementor-element-populated\">\n\t\t\t\t\t\t<div class=\"elementor-element elementor-element-f25d282 elementor-widget elementor-widget-elementskit-header-info\" data-id=\"f25d282\" data-element_type=\"widget\" data-e-type=\"widget\" data-widget_type=\"elementskit-header-info.default\">\n\t\t\t\t<div class=\"elementor-widget-container\">\n\t\t\t\t\t<div class=\"ekit-wid-con\" >        <ul class=\"ekit-header-info\">\n                                    <li>\n                            <a > \n                                                                Professional advice                            <\/a>\n                        <\/li>\n\n                            <\/ul>\n        <\/div>\t\t\t\t<\/div>\n\t\t\t\t<\/div>\n\t\t\t\t<div class=\"elementor-element elementor-element-67ebab6 elementor-widget elementor-widget-text-editor\" data-id=\"67ebab6\" data-element_type=\"widget\" data-e-type=\"widget\" data-widget_type=\"text-editor.default\">\n\t\t\t\t<div class=\"elementor-widget-container\">\n\t\t\t\t\t\t\t\t\t<p><span style=\"font-weight: 400;\">Our team of experts will provide you with personalized advice and guide you through every step, ensuring that you find what you need without stress or worry.<\/span><\/p>\t\t\t\t\t\t\t\t<\/div>\n\t\t\t\t<\/div>\n\t\t\t\t\t<\/div>\n\t\t<\/div>\n\t\t\t\t\t<\/div>\n\t\t<\/section>\n\t\t\t\t\t<\/div>\n\t\t<\/div>\n\t\t\t\t\t<\/div>\n\t\t<\/section>\n\t\t\t\t<\/div>","protected":false},"excerpt":{"rendered":"<p>Mon\u00edsima Express Home Mon\u00edsima Express Mon\u00edsima Express: Find the perfect accessory at the last minute. At Mon\u00edsima de la Muerte, we understand that sometimes time is short and finding the perfect accessory for your event can be a challenge. If you can&#039;t find what you&#039;re looking for and you&#039;re running out of time, our advisory service\u2026&nbsp;<a href=\"https:\/\/monisimadelamuerte.es\/en\/monisima-express\/\" rel=\"bookmark\">Read More \u00bb<span class=\"screen-reader-text\">Very cute express<\/span><\/a><\/p>","protected":false},"author":1,"featured_media":0,"parent":0,"menu_order":0,"comment_status":"closed","ping_status":"closed","template":"page-templates\/template-pagebuilder-full-width.php","meta":{"neve_meta_sidebar":"","neve_meta_container":"","neve_meta_enable_content_width":"off","neve_meta_content_width":100,"neve_meta_title_alignment":"","neve_meta_author_avatar":"","neve_post_elements_order":"","neve_meta_disable_header":"","neve_meta_disable_footer":"","neve_meta_disable_title":"","_joinchat":[],"footnotes":""},"class_list":["post-473","page","type-page","status-publish","hentry"],"yoast_head":"<!-- This site is optimized with the Yoast SEO plugin v27.0 - https:\/\/yoast.com\/product\/yoast-seo-wordpress\/ -->\n<title>Mon\u00edsima express - Mon\u00edsima de la Muerte<\/title>\n<meta name=\"robots\" content=\"index, follow, max-snippet:-1, max-image-preview:large, max-video-preview:-1\" \/>\n<link rel=\"canonical\" href=\"https:\/\/monisimadelamuerte.es\/en\/monisima-express\/\" \/>\n<meta property=\"og:locale\" content=\"en_GB\" \/>\n<meta property=\"og:type\" content=\"article\" \/>\n<meta property=\"og:title\" content=\"Mon\u00edsima express - Mon\u00edsima de la Muerte\" \/>\n<meta property=\"og:description\" content=\"Mon\u00edsima express &nbsp; Home Mon\u00edsima express Mon\u00edsima express: encuentra el complemento perfecto a \u00faltima hora En Mon\u00edsima de la Muerte, entendemos que a veces el tiempo apremia y encontrar el complemento ideal para tu evento puede ser un desaf\u00edo. Si no encuentras lo que buscas y el tiempo se te agota, nuestro servicio de asesoramiento&hellip;&nbsp;Read More &raquo;Mon\u00edsima express\" \/>\n<meta property=\"og:url\" content=\"https:\/\/monisimadelamuerte.es\/en\/monisima-express\/\" \/>\n<meta property=\"og:site_name\" content=\"Mon\u00edsima de la Muerte\" \/>\n<meta property=\"article:publisher\" content=\"https:\/\/www.facebook.com\/people\/monisimadelamuertees\/100046440565329\/?ref=page_internal&amp;path=monisimadelamuertees-297880507039784\" \/>\n<meta property=\"article:modified_time\" content=\"2024-06-24T21:33:34+00:00\" \/>\n<meta property=\"og:image\" content=\"https:\/\/monisimadelamuerte.es\/wp-content\/uploads\/2024\/06\/IMG-20200116-WA0016-768x1024.jpg\" \/>\n<meta name=\"twitter:card\" content=\"summary_large_image\" \/>\n<meta name=\"twitter:label1\" content=\"Estimated reading time\" \/>\n\t<meta name=\"twitter:data1\" content=\"1 minute\" \/>\n<script type=\"application\/ld+json\" class=\"yoast-schema-graph\">{\"@context\":\"https:\/\/schema.org\",\"@graph\":[{\"@type\":\"WebPage\",\"@id\":\"https:\/\/monisimadelamuerte.es\/monisima-express\/\",\"url\":\"https:\/\/monisimadelamuerte.es\/monisima-express\/\",\"name\":\"Mon\u00edsima express - Mon\u00edsima de la Muerte\",\"isPartOf\":{\"@id\":\"https:\/\/monisimadelamuerte.es\/#website\"},\"primaryImageOfPage\":{\"@id\":\"https:\/\/monisimadelamuerte.es\/monisima-express\/#primaryimage\"},\"image\":{\"@id\":\"https:\/\/monisimadelamuerte.es\/monisima-express\/#primaryimage\"},\"thumbnailUrl\":\"https:\/\/monisimadelamuerte.es\/wp-content\/uploads\/2024\/06\/IMG-20200116-WA0016-768x1024.jpg\",\"datePublished\":\"2024-06-24T21:30:15+00:00\",\"dateModified\":\"2024-06-24T21:33:34+00:00\",\"breadcrumb\":{\"@id\":\"https:\/\/monisimadelamuerte.es\/monisima-express\/#breadcrumb\"},\"inLanguage\":\"en-GB\",\"potentialAction\":[{\"@type\":\"ReadAction\",\"target\":[\"https:\/\/monisimadelamuerte.es\/monisima-express\/\"]}]},{\"@type\":\"ImageObject\",\"inLanguage\":\"en-GB\",\"@id\":\"https:\/\/monisimadelamuerte.es\/monisima-express\/#primaryimage\",\"url\":\"https:\/\/monisimadelamuerte.es\/wp-content\/uploads\/2024\/06\/IMG-20200116-WA0016-768x1024.jpg\",\"contentUrl\":\"https:\/\/monisimadelamuerte.es\/wp-content\/uploads\/2024\/06\/IMG-20200116-WA0016-768x1024.jpg\"},{\"@type\":\"BreadcrumbList\",\"@id\":\"https:\/\/monisimadelamuerte.es\/monisima-express\/#breadcrumb\",\"itemListElement\":[{\"@type\":\"ListItem\",\"position\":1,\"name\":\"Portada\",\"item\":\"https:\/\/monisimadelamuerte.es\/\"},{\"@type\":\"ListItem\",\"position\":2,\"name\":\"Mon\u00edsima express\"}]},{\"@type\":\"WebSite\",\"@id\":\"https:\/\/monisimadelamuerte.es\/#website\",\"url\":\"https:\/\/monisimadelamuerte.es\/\",\"name\":\"monisimadelamuerte.es\",\"description\":\"\",\"potentialAction\":[{\"@type\":\"SearchAction\",\"target\":{\"@type\":\"EntryPoint\",\"urlTemplate\":\"https:\/\/monisimadelamuerte.es\/?s={search_term_string}\"},\"query-input\":{\"@type\":\"PropertyValueSpecification\",\"valueRequired\":true,\"valueName\":\"search_term_string\"}}],\"inLanguage\":\"en-GB\"}]}<\/script>\n<!-- \/ Yoast SEO plugin. -->","yoast_head_json":{"title":"Mon\u00edsima express - Mon\u00edsima de la Muerte","robots":{"index":"index","follow":"follow","max-snippet":"max-snippet:-1","max-image-preview":"max-image-preview:large","max-video-preview":"max-video-preview:-1"},"canonical":"https:\/\/monisimadelamuerte.es\/en\/monisima-express\/","og_locale":"en_GB","og_type":"article","og_title":"Mon\u00edsima express - Mon\u00edsima de la Muerte","og_description":"Mon\u00edsima express &nbsp; Home Mon\u00edsima express Mon\u00edsima express: encuentra el complemento perfecto a \u00faltima hora En Mon\u00edsima de la Muerte, entendemos que a veces el tiempo apremia y encontrar el complemento ideal para tu evento puede ser un desaf\u00edo. Si no encuentras lo que buscas y el tiempo se te agota, nuestro servicio de asesoramiento&hellip;&nbsp;Read More &raquo;Mon\u00edsima express","og_url":"https:\/\/monisimadelamuerte.es\/en\/monisima-express\/","og_site_name":"Mon\u00edsima de la Muerte","article_publisher":"https:\/\/www.facebook.com\/people\/monisimadelamuertees\/100046440565329\/?ref=page_internal&path=monisimadelamuertees-297880507039784","article_modified_time":"2024-06-24T21:33:34+00:00","og_image":[{"url":"https:\/\/monisimadelamuerte.es\/wp-content\/uploads\/2024\/06\/IMG-20200116-WA0016-768x1024.jpg","type":"","width":"","height":""}],"twitter_card":"summary_large_image","twitter_misc":{"Estimated reading time":"1 minute"},"schema":{"@context":"https:\/\/schema.org","@graph":[{"@type":"WebPage","@id":"https:\/\/monisimadelamuerte.es\/monisima-express\/","url":"https:\/\/monisimadelamuerte.es\/monisima-express\/","name":"Mon\u00edsima express - Mon\u00edsima de la Muerte","isPartOf":{"@id":"https:\/\/monisimadelamuerte.es\/#website"},"primaryImageOfPage":{"@id":"https:\/\/monisimadelamuerte.es\/monisima-express\/#primaryimage"},"image":{"@id":"https:\/\/monisimadelamuerte.es\/monisima-express\/#primaryimage"},"thumbnailUrl":"https:\/\/monisimadelamuerte.es\/wp-content\/uploads\/2024\/06\/IMG-20200116-WA0016-768x1024.jpg","datePublished":"2024-06-24T21:30:15+00:00","dateModified":"2024-06-24T21:33:34+00:00","breadcrumb":{"@id":"https:\/\/monisimadelamuerte.es\/monisima-express\/#breadcrumb"},"inLanguage":"en-GB","potentialAction":[{"@type":"ReadAction","target":["https:\/\/monisimadelamuerte.es\/monisima-express\/"]}]},{"@type":"ImageObject","inLanguage":"en-GB","@id":"https:\/\/monisimadelamuerte.es\/monisima-express\/#primaryimage","url":"https:\/\/monisimadelamuerte.es\/wp-content\/uploads\/2024\/06\/IMG-20200116-WA0016-768x1024.jpg","contentUrl":"https:\/\/monisimadelamuerte.es\/wp-content\/uploads\/2024\/06\/IMG-20200116-WA0016-768x1024.jpg"},{"@type":"BreadcrumbList","@id":"https:\/\/monisimadelamuerte.es\/monisima-express\/#breadcrumb","itemListElement":[{"@type":"ListItem","position":1,"name":"Portada","item":"https:\/\/monisimadelamuerte.es\/"},{"@type":"ListItem","position":2,"name":"Mon\u00edsima express"}]},{"@type":"WebSite","@id":"https:\/\/monisimadelamuerte.es\/#website","url":"https:\/\/monisimadelamuerte.es\/","name":"monisimadelamuerte.es","description":"","potentialAction":[{"@type":"SearchAction","target":{"@type":"EntryPoint","urlTemplate":"https:\/\/monisimadelamuerte.es\/?s={search_term_string}"},"query-input":{"@type":"PropertyValueSpecification","valueRequired":true,"valueName":"search_term_string"}}],"inLanguage":"en-GB"}]}},"_links":{"self":[{"href":"https:\/\/monisimadelamuerte.es\/en\/wp-json\/wp\/v2\/pages\/473","targetHints":{"allow":["GET"]}}],"collection":[{"href":"https:\/\/monisimadelamuerte.es\/en\/wp-json\/wp\/v2\/pages"}],"about":[{"href":"https:\/\/monisimadelamuerte.es\/en\/wp-json\/wp\/v2\/types\/page"}],"author":[{"embeddable":true,"href":"https:\/\/monisimadelamuerte.es\/en\/wp-json\/wp\/v2\/users\/1"}],"replies":[{"embeddable":true,"href":"https:\/\/monisimadelamuerte.es\/en\/wp-json\/wp\/v2\/comments?post=473"}],"version-history":[{"count":4,"href":"https:\/\/monisimadelamuerte.es\/en\/wp-json\/wp\/v2\/pages\/473\/revisions"}],"predecessor-version":[{"id":477,"href":"https:\/\/monisimadelamuerte.es\/en\/wp-json\/wp\/v2\/pages\/473\/revisions\/477"}],"wp:attachment":[{"href":"https:\/\/monisimadelamuerte.es\/en\/wp-json\/wp\/v2\/media?parent=473"}],"curies":[{"name":"wp","href":"https:\/\/api.w.org\/{rel}","templated":true}]}}