{"id":467,"date":"2024-06-24T21:22:40","date_gmt":"2024-06-24T21:22:40","guid":{"rendered":"https:\/\/monisimadelamuerte.es\/?page_id=467"},"modified":"2026-02-27T09:41:24","modified_gmt":"2026-02-27T08:41:24","slug":"monisima-online","status":"publish","type":"page","link":"https:\/\/monisimadelamuerte.es\/en\/monisima-online\/","title":{"rendered":"Very cute online"},"content":{"rendered":"<div data-elementor-type=\"wp-page\" data-elementor-id=\"467\" class=\"elementor elementor-467\" data-elementor-post-type=\"page\">\n\t\t\t\t\t\t<section class=\"elementor-section elementor-top-section elementor-element elementor-element-7c265e33 elementor-section-height-min-height elementor-section-boxed elementor-section-height-default elementor-section-items-middle\" data-id=\"7c265e33\" data-element_type=\"section\" data-e-type=\"section\" data-settings=\"{&quot;background_background&quot;:&quot;classic&quot;}\">\n\t\t\t\t\t\t\t<div class=\"elementor-background-overlay\"><\/div>\n\t\t\t\t\t\t\t<div class=\"elementor-container elementor-column-gap-default\">\n\t\t\t\t\t<div class=\"elementor-column elementor-col-100 elementor-top-column elementor-element elementor-element-db9dec9\" data-id=\"db9dec9\" data-element_type=\"column\" data-e-type=\"column\">\n\t\t\t<div class=\"elementor-widget-wrap elementor-element-populated\">\n\t\t\t\t\t\t<div class=\"elementor-element elementor-element-58887619 elementor-invisible elementor-widget elementor-widget-heading\" data-id=\"58887619\" data-element_type=\"widget\" data-e-type=\"widget\" data-settings=\"{&quot;_animation&quot;:&quot;fadeIn&quot;}\" data-widget_type=\"heading.default\">\n\t\t\t\t<div class=\"elementor-widget-container\">\n\t\t\t\t\t<h2 class=\"elementor-heading-title elementor-size-default\">Very cute online<\/h2>\t\t\t\t<\/div>\n\t\t\t\t<\/div>\n\t\t\t\t<div class=\"elementor-element elementor-element-47739415 elementor-icon-list--layout-inline elementor-align-center elementor-list-item-link-full_width elementor-invisible elementor-widget elementor-widget-icon-list\" data-id=\"47739415\" data-element_type=\"widget\" data-e-type=\"widget\" data-settings=\"{&quot;_animation&quot;:&quot;fadeIn&quot;,&quot;_animation_delay&quot;:200}\" data-widget_type=\"icon-list.default\">\n\t\t\t\t<div class=\"elementor-widget-container\">\n\t\t\t\t\t\t\t<ul class=\"elementor-icon-list-items elementor-inline-items\">\n\t\t\t\t\t\t\t<li class=\"elementor-icon-list-item elementor-inline-item\">\n\t\t\t\t\t\t\t\t\t\t\t<a href=\"#\">\n\n\t\t\t\t\t\t\t\t\t\t\t<span class=\"elementor-icon-list-text\">Home<\/span>\n\t\t\t\t\t\t\t\t\t\t\t<\/a>\n\t\t\t\t\t\t\t\t\t<\/li>\n\t\t\t\t\t\t\t\t<li class=\"elementor-icon-list-item elementor-inline-item\">\n\t\t\t\t\t\t\t\t\t\t\t<a href=\"https:\/\/monisimadelamuerte.es\/en\/monisima-online\/\">\n\n\t\t\t\t\t\t\t\t\t\t\t\t<span class=\"elementor-icon-list-icon\">\n\t\t\t\t\t\t\t<i aria-hidden=\"true\" class=\"icon icon-right-arrow\"><\/i>\t\t\t\t\t\t<\/span>\n\t\t\t\t\t\t\t\t\t\t<span class=\"elementor-icon-list-text\">Very cute online<\/span>\n\t\t\t\t\t\t\t\t\t\t\t<\/a>\n\t\t\t\t\t\t\t\t\t<\/li>\n\t\t\t\t\t\t<\/ul>\n\t\t\t\t\t\t<\/div>\n\t\t\t\t<\/div>\n\t\t\t\t\t<\/div>\n\t\t<\/div>\n\t\t\t\t\t<\/div>\n\t\t<\/section>\n\t\t\t\t<section class=\"elementor-section elementor-top-section elementor-element elementor-element-5aadf762 elementor-reverse-mobile elementor-section-boxed elementor-section-height-default elementor-section-height-default\" data-id=\"5aadf762\" data-element_type=\"section\" data-e-type=\"section\" data-settings=\"{&quot;background_background&quot;:&quot;classic&quot;}\">\n\t\t\t\t\t\t<div class=\"elementor-container elementor-column-gap-default\">\n\t\t\t\t\t<div class=\"elementor-column elementor-col-50 elementor-top-column elementor-element elementor-element-53f1142d\" data-id=\"53f1142d\" data-element_type=\"column\" data-e-type=\"column\">\n\t\t\t<div class=\"elementor-widget-wrap elementor-element-populated\">\n\t\t\t\t\t\t<div class=\"elementor-element elementor-element-2ac6d015 elementor-invisible elementor-widget elementor-widget-image\" data-id=\"2ac6d015\" data-element_type=\"widget\" data-e-type=\"widget\" data-settings=\"{&quot;_animation&quot;:&quot;fadeIn&quot;,&quot;_animation_delay&quot;:200}\" data-widget_type=\"image.default\">\n\t\t\t\t<div class=\"elementor-widget-container\">\n\t\t\t\t\t\t\t\t\t\t\t\t\t\t\t<img fetchpriority=\"high\" decoding=\"async\" width=\"1600\" height=\"1066\" src=\"https:\/\/monisimadelamuerte.es\/wp-content\/uploads\/2024\/06\/IMG-20180622-WA0001.jpg\" class=\"attachment-full size-full wp-image-309\" alt=\"\" srcset=\"https:\/\/monisimadelamuerte.es\/wp-content\/uploads\/2024\/06\/IMG-20180622-WA0001.jpg 1600w, https:\/\/monisimadelamuerte.es\/wp-content\/uploads\/2024\/06\/IMG-20180622-WA0001-600x400.jpg 600w, https:\/\/monisimadelamuerte.es\/wp-content\/uploads\/2024\/06\/IMG-20180622-WA0001-800x533.jpg 800w, https:\/\/monisimadelamuerte.es\/wp-content\/uploads\/2024\/06\/IMG-20180622-WA0001-300x200.jpg 300w, https:\/\/monisimadelamuerte.es\/wp-content\/uploads\/2024\/06\/IMG-20180622-WA0001-1024x682.jpg 1024w, https:\/\/monisimadelamuerte.es\/wp-content\/uploads\/2024\/06\/IMG-20180622-WA0001-768x512.jpg 768w, https:\/\/monisimadelamuerte.es\/wp-content\/uploads\/2024\/06\/IMG-20180622-WA0001-1536x1023.jpg 1536w, https:\/\/monisimadelamuerte.es\/wp-content\/uploads\/2024\/06\/IMG-20180622-WA0001-930x620.jpg 930w\" sizes=\"(max-width: 1600px) 100vw, 1600px\" \/>\t\t\t\t\t\t\t\t\t\t\t\t\t\t\t<\/div>\n\t\t\t\t<\/div>\n\t\t\t\t\t<\/div>\n\t\t<\/div>\n\t\t\t\t<div class=\"elementor-column elementor-col-50 elementor-top-column elementor-element elementor-element-699af84b\" data-id=\"699af84b\" data-element_type=\"column\" data-e-type=\"column\">\n\t\t\t<div class=\"elementor-widget-wrap elementor-element-populated\">\n\t\t\t\t\t\t<div class=\"elementor-element elementor-element-1efe16d4 elementor-invisible elementor-widget elementor-widget-heading\" data-id=\"1efe16d4\" data-element_type=\"widget\" data-e-type=\"widget\" data-settings=\"{&quot;_animation&quot;:&quot;fadeIn&quot;}\" data-widget_type=\"heading.default\">\n\t\t\t\t<div class=\"elementor-widget-container\">\n\t\t\t\t\t<h1 class=\"elementor-heading-title elementor-size-default\">Mon\u00edsima online: your perfect accessory just a click away\n<\/h1>\t\t\t\t<\/div>\n\t\t\t\t<\/div>\n\t\t\t\t<div class=\"elementor-element elementor-element-1283224 elementor-widget elementor-widget-text-editor\" data-id=\"1283224\" data-element_type=\"widget\" data-e-type=\"widget\" data-widget_type=\"text-editor.default\">\n\t\t\t\t<div class=\"elementor-widget-container\">\n\t\t\t\t\t\t\t\t\t<p><span style=\"font-weight: 400;\">At Mon\u00edsima de la Muerte, we make your shopping experience easier by offering you personalized advice from the comfort of your home. How about we book a day and time to meet you via video call? That way, you can show us your dress and we will show you all the accessories in person.<\/span><\/p>\t\t\t\t\t\t\t\t<\/div>\n\t\t\t\t<\/div>\n\t\t\t\t<div class=\"elementor-element elementor-element-34c5fcc elementor-widget elementor-widget-button\" data-id=\"34c5fcc\" data-element_type=\"widget\" data-e-type=\"widget\" data-widget_type=\"button.default\">\n\t\t\t\t<div class=\"elementor-widget-container\">\n\t\t\t\t\t\t\t\t\t<div class=\"elementor-button-wrapper\">\n\t\t\t\t\t<a class=\"elementor-button elementor-button-link elementor-size-sm\" href=\"https:\/\/monisimadelamuerte.es\/en\/contacto\/\">\n\t\t\t\t\t\t<span class=\"elementor-button-content-wrapper\">\n\t\t\t\t\t\t\t\t\t<span class=\"elementor-button-text\">CONTACT US<\/span>\n\t\t\t\t\t<\/span>\n\t\t\t\t\t<\/a>\n\t\t\t\t<\/div>\n\t\t\t\t\t\t\t\t<\/div>\n\t\t\t\t<\/div>\n\t\t\t\t\t<\/div>\n\t\t<\/div>\n\t\t\t\t\t<\/div>\n\t\t<\/section>\n\t\t\t\t<section class=\"elementor-section elementor-top-section elementor-element elementor-element-e7792c4 elementor-section-boxed elementor-section-height-default elementor-section-height-default\" data-id=\"e7792c4\" data-element_type=\"section\" data-e-type=\"section\" data-settings=\"{&quot;background_background&quot;:&quot;classic&quot;}\">\n\t\t\t\t\t\t<div class=\"elementor-container elementor-column-gap-default\">\n\t\t\t\t\t<div class=\"elementor-column elementor-col-100 elementor-top-column elementor-element elementor-element-d753684\" data-id=\"d753684\" data-element_type=\"column\" data-e-type=\"column\">\n\t\t\t<div class=\"elementor-widget-wrap elementor-element-populated\">\n\t\t\t\t\t\t<div class=\"elementor-element elementor-element-1a5d0c5 elementor-invisible elementor-widget elementor-widget-heading\" data-id=\"1a5d0c5\" data-element_type=\"widget\" data-e-type=\"widget\" data-settings=\"{&quot;_animation&quot;:&quot;fadeIn&quot;,&quot;_animation_delay&quot;:200}\" data-widget_type=\"heading.default\">\n\t\t\t\t<div class=\"elementor-widget-container\">\n\t\t\t\t\t<h3 class=\"elementor-heading-title elementor-size-default\">How to book your video call consultation\n<\/h3>\t\t\t\t<\/div>\n\t\t\t\t<\/div>\n\t\t\t\t<div class=\"elementor-element elementor-element-51f737c elementor-widget elementor-widget-text-editor\" data-id=\"51f737c\" data-element_type=\"widget\" data-e-type=\"widget\" data-widget_type=\"text-editor.default\">\n\t\t\t\t<div class=\"elementor-widget-container\">\n\t\t\t\t\t\t\t\t\t<p><span style=\"font-weight: 400;\">What a great idea, right? Don&#039;t wait any longer and enjoy a comfortable and personalized shopping experience with Mon\u00edsima de la Muerte. Book your video call today and discover how our accessories can transform your style.\u00a0<\/span><\/p>\t\t\t\t\t\t\t\t<\/div>\n\t\t\t\t<\/div>\n\t\t\t\t<section class=\"elementor-section elementor-inner-section elementor-element elementor-element-f1d0b92 elementor-section-boxed elementor-section-height-default elementor-section-height-default\" data-id=\"f1d0b92\" data-element_type=\"section\" data-e-type=\"section\">\n\t\t\t\t\t\t<div class=\"elementor-container elementor-column-gap-default\">\n\t\t\t\t\t<div class=\"elementor-column elementor-col-25 elementor-inner-column elementor-element elementor-element-3740977 elementor-invisible\" data-id=\"3740977\" data-element_type=\"column\" data-e-type=\"column\" data-settings=\"{&quot;animation&quot;:&quot;fadeIn&quot;,&quot;animation_delay&quot;:400,&quot;background_background&quot;:&quot;classic&quot;}\">\n\t\t\t<div class=\"elementor-widget-wrap elementor-element-populated\">\n\t\t\t\t\t\t<div class=\"elementor-element elementor-element-a195b6c elementor-widget elementor-widget-elementskit-header-info\" data-id=\"a195b6c\" data-element_type=\"widget\" data-e-type=\"widget\" data-widget_type=\"elementskit-header-info.default\">\n\t\t\t\t<div class=\"elementor-widget-container\">\n\t\t\t\t\t<div class=\"ekit-wid-con\" >        <ul class=\"ekit-header-info\">\n                                    <li>\n                            <a > \n                                                                Easy and fast booking                            <\/a>\n                        <\/li>\n\n                            <\/ul>\n        <\/div>\t\t\t\t<\/div>\n\t\t\t\t<\/div>\n\t\t\t\t<div class=\"elementor-element elementor-element-a75b6a6 elementor-widget elementor-widget-text-editor\" data-id=\"a75b6a6\" data-element_type=\"widget\" data-e-type=\"widget\" data-widget_type=\"text-editor.default\">\n\t\t\t\t<div class=\"elementor-widget-container\">\n\t\t\t\t\t\t\t\t\t<p><span style=\"font-weight: 400;\">Contact us or fill out the form on our website to book your appointment. Tell us the day and time that best suits you.<\/span><\/p>\t\t\t\t\t\t\t\t<\/div>\n\t\t\t\t<\/div>\n\t\t\t\t\t<\/div>\n\t\t<\/div>\n\t\t\t\t<div class=\"elementor-column elementor-col-25 elementor-inner-column elementor-element elementor-element-8551b10 elementor-invisible\" data-id=\"8551b10\" data-element_type=\"column\" data-e-type=\"column\" data-settings=\"{&quot;animation&quot;:&quot;fadeIn&quot;,&quot;animation_delay&quot;:500,&quot;background_background&quot;:&quot;classic&quot;}\">\n\t\t\t<div class=\"elementor-widget-wrap elementor-element-populated\">\n\t\t\t\t\t\t<div class=\"elementor-element elementor-element-2b0bc21 elementor-widget elementor-widget-elementskit-header-info\" data-id=\"2b0bc21\" data-element_type=\"widget\" data-e-type=\"widget\" data-widget_type=\"elementskit-header-info.default\">\n\t\t\t\t<div class=\"elementor-widget-container\">\n\t\t\t\t\t<div class=\"ekit-wid-con\" >        <ul class=\"ekit-header-info\">\n                                    <li>\n                            <a > \n                                                                Show off your dress                            <\/a>\n                        <\/li>\n\n                            <\/ul>\n        <\/div>\t\t\t\t<\/div>\n\t\t\t\t<\/div>\n\t\t\t\t<div class=\"elementor-element elementor-element-90c8767 elementor-widget elementor-widget-text-editor\" data-id=\"90c8767\" data-element_type=\"widget\" data-e-type=\"widget\" data-widget_type=\"text-editor.default\">\n\t\t\t\t<div class=\"elementor-widget-container\">\n\t\t\t\t\t\t\t\t\t<p><span style=\"font-weight: 400;\">During the video call, you can show us your dress. This will allow us to understand your style and offer you the accessories that best suit your look.<\/span><\/p>\t\t\t\t\t\t\t\t<\/div>\n\t\t\t\t<\/div>\n\t\t\t\t\t<\/div>\n\t\t<\/div>\n\t\t\t\t<div class=\"elementor-column elementor-col-25 elementor-inner-column elementor-element elementor-element-5b8297c elementor-invisible\" data-id=\"5b8297c\" data-element_type=\"column\" data-e-type=\"column\" data-settings=\"{&quot;animation&quot;:&quot;fadeIn&quot;,&quot;animation_delay&quot;:500,&quot;background_background&quot;:&quot;classic&quot;}\">\n\t\t\t<div class=\"elementor-widget-wrap elementor-element-populated\">\n\t\t\t\t\t\t<div class=\"elementor-element elementor-element-620ab95 elementor-widget elementor-widget-elementskit-header-info\" data-id=\"620ab95\" data-element_type=\"widget\" data-e-type=\"widget\" data-widget_type=\"elementskit-header-info.default\">\n\t\t\t\t<div class=\"elementor-widget-container\">\n\t\t\t\t\t<div class=\"ekit-wid-con\" >        <ul class=\"ekit-header-info\">\n                                    <li>\n                            <a > \n                                                                Live advice                            <\/a>\n                        <\/li>\n\n                            <\/ul>\n        <\/div>\t\t\t\t<\/div>\n\t\t\t\t<\/div>\n\t\t\t\t<div class=\"elementor-element elementor-element-c3be75f elementor-widget elementor-widget-text-editor\" data-id=\"c3be75f\" data-element_type=\"widget\" data-e-type=\"widget\" data-widget_type=\"text-editor.default\">\n\t\t\t\t<div class=\"elementor-widget-container\">\n\t\t\t\t\t\t\t\t\t<p><span style=\"font-weight: 400;\">We&#039;ll show you a selection of our best accessories in real time. You&#039;ll be able to see every detail and ask all the questions you want, making sure you choose the perfect accessory.<\/span><\/p>\t\t\t\t\t\t\t\t<\/div>\n\t\t\t\t<\/div>\n\t\t\t\t\t<\/div>\n\t\t<\/div>\n\t\t\t\t<div class=\"elementor-column elementor-col-25 elementor-inner-column elementor-element elementor-element-2245bb0 elementor-invisible\" data-id=\"2245bb0\" data-element_type=\"column\" data-e-type=\"column\" data-settings=\"{&quot;animation&quot;:&quot;fadeIn&quot;,&quot;animation_delay&quot;:600,&quot;background_background&quot;:&quot;classic&quot;}\">\n\t\t\t<div class=\"elementor-widget-wrap elementor-element-populated\">\n\t\t\t\t\t\t<div class=\"elementor-element elementor-element-f25d282 elementor-widget elementor-widget-elementskit-header-info\" data-id=\"f25d282\" data-element_type=\"widget\" data-e-type=\"widget\" data-widget_type=\"elementskit-header-info.default\">\n\t\t\t\t<div class=\"elementor-widget-container\">\n\t\t\t\t\t<div class=\"ekit-wid-con\" >        <ul class=\"ekit-header-info\">\n                                    <li>\n                            <a > \n                                                                Personalized advice                            <\/a>\n                        <\/li>\n\n                            <\/ul>\n        <\/div>\t\t\t\t<\/div>\n\t\t\t\t<\/div>\n\t\t\t\t<div class=\"elementor-element elementor-element-67ebab6 elementor-widget elementor-widget-text-editor\" data-id=\"67ebab6\" data-element_type=\"widget\" data-e-type=\"widget\" data-widget_type=\"text-editor.default\">\n\t\t\t\t<div class=\"elementor-widget-container\">\n\t\t\t\t\t\t\t\t\t<p><span style=\"font-weight: 400;\">Our team of experts will provide you with personalized advice and suggestions to ensure your choice is ideal for the occasion.<\/span><\/p>\t\t\t\t\t\t\t\t<\/div>\n\t\t\t\t<\/div>\n\t\t\t\t\t<\/div>\n\t\t<\/div>\n\t\t\t\t\t<\/div>\n\t\t<\/section>\n\t\t\t\t\t<\/div>\n\t\t<\/div>\n\t\t\t\t\t<\/div>\n\t\t<\/section>\n\t\t\t\t<\/div>","protected":false},"excerpt":{"rendered":"<p>Mon\u00edsima online Home Mon\u00edsima online Mon\u00edsima online: tu complemento perfecto a un clic de distancia En Mon\u00edsima de la Muerte, facilitamos tu experiencia de compra ofreci\u00e9ndote asesoramiento personalizado desde la comodidad de tu hogar. \u00bfQu\u00e9 te parece si reservamos un d\u00eda y una hora para atenderte por videollamada? As\u00ed, podr\u00e1s ense\u00f1arnos tu vestido y nosotros&hellip;&nbsp;<a href=\"https:\/\/monisimadelamuerte.es\/en\/monisima-online\/\" rel=\"bookmark\">Read More \u00bb<span class=\"screen-reader-text\">Very cute online<\/span><\/a><\/p>","protected":false},"author":1,"featured_media":0,"parent":0,"menu_order":0,"comment_status":"closed","ping_status":"closed","template":"page-templates\/template-pagebuilder-full-width.php","meta":{"neve_meta_sidebar":"","neve_meta_container":"","neve_meta_enable_content_width":"off","neve_meta_content_width":100,"neve_meta_title_alignment":"","neve_meta_author_avatar":"","neve_post_elements_order":"","neve_meta_disable_header":"","neve_meta_disable_footer":"","neve_meta_disable_title":"","_joinchat":[],"footnotes":""},"class_list":["post-467","page","type-page","status-publish","hentry"],"yoast_head":"<!-- This site is optimized with the Yoast SEO plugin v27.0 - https:\/\/yoast.com\/product\/yoast-seo-wordpress\/ -->\n<title>Mon\u00edsima online - Mon\u00edsima de la Muerte<\/title>\n<meta name=\"robots\" content=\"index, follow, max-snippet:-1, max-image-preview:large, max-video-preview:-1\" \/>\n<link rel=\"canonical\" href=\"https:\/\/monisimadelamuerte.es\/en\/monisima-online\/\" \/>\n<meta property=\"og:locale\" content=\"en_GB\" \/>\n<meta property=\"og:type\" content=\"article\" \/>\n<meta property=\"og:title\" content=\"Mon\u00edsima online - Mon\u00edsima de la Muerte\" \/>\n<meta property=\"og:description\" content=\"Mon\u00edsima online Home Mon\u00edsima online Mon\u00edsima online: tu complemento perfecto a un clic de distancia En Mon\u00edsima de la Muerte, facilitamos tu experiencia de compra ofreci\u00e9ndote asesoramiento personalizado desde la comodidad de tu hogar. \u00bfQu\u00e9 te parece si reservamos un d\u00eda y una hora para atenderte por videollamada? As\u00ed, podr\u00e1s ense\u00f1arnos tu vestido y nosotros&hellip;&nbsp;Read More &raquo;Mon\u00edsima online\" \/>\n<meta property=\"og:url\" content=\"https:\/\/monisimadelamuerte.es\/en\/monisima-online\/\" \/>\n<meta property=\"og:site_name\" content=\"Mon\u00edsima de la Muerte\" \/>\n<meta property=\"article:publisher\" content=\"https:\/\/www.facebook.com\/people\/monisimadelamuertees\/100046440565329\/?ref=page_internal&amp;path=monisimadelamuertees-297880507039784\" \/>\n<meta property=\"article:modified_time\" content=\"2026-02-27T08:41:24+00:00\" \/>\n<meta property=\"og:image\" content=\"https:\/\/monisimadelamuerte.es\/wp-content\/uploads\/2024\/06\/IMG-20180622-WA0001.jpg\" \/>\n\t<meta property=\"og:image:width\" content=\"1600\" \/>\n\t<meta property=\"og:image:height\" content=\"1066\" \/>\n\t<meta property=\"og:image:type\" content=\"image\/jpeg\" \/>\n<meta name=\"twitter:card\" content=\"summary_large_image\" \/>\n<meta name=\"twitter:label1\" content=\"Estimated reading time\" \/>\n\t<meta name=\"twitter:data1\" content=\"2 minutes\" \/>\n<script type=\"application\/ld+json\" class=\"yoast-schema-graph\">{\"@context\":\"https:\/\/schema.org\",\"@graph\":[{\"@type\":\"WebPage\",\"@id\":\"https:\/\/monisimadelamuerte.es\/monisima-online\/\",\"url\":\"https:\/\/monisimadelamuerte.es\/monisima-online\/\",\"name\":\"Mon\u00edsima online - Mon\u00edsima de la Muerte\",\"isPartOf\":{\"@id\":\"https:\/\/monisimadelamuerte.es\/#website\"},\"primaryImageOfPage\":{\"@id\":\"https:\/\/monisimadelamuerte.es\/monisima-online\/#primaryimage\"},\"image\":{\"@id\":\"https:\/\/monisimadelamuerte.es\/monisima-online\/#primaryimage\"},\"thumbnailUrl\":\"https:\/\/monisimadelamuerte.es\/wp-content\/uploads\/2024\/06\/IMG-20180622-WA0001.jpg\",\"datePublished\":\"2024-06-24T21:22:40+00:00\",\"dateModified\":\"2026-02-27T08:41:24+00:00\",\"breadcrumb\":{\"@id\":\"https:\/\/monisimadelamuerte.es\/monisima-online\/#breadcrumb\"},\"inLanguage\":\"en-GB\",\"potentialAction\":[{\"@type\":\"ReadAction\",\"target\":[\"https:\/\/monisimadelamuerte.es\/monisima-online\/\"]}]},{\"@type\":\"ImageObject\",\"inLanguage\":\"en-GB\",\"@id\":\"https:\/\/monisimadelamuerte.es\/monisima-online\/#primaryimage\",\"url\":\"https:\/\/monisimadelamuerte.es\/wp-content\/uploads\/2024\/06\/IMG-20180622-WA0001.jpg\",\"contentUrl\":\"https:\/\/monisimadelamuerte.es\/wp-content\/uploads\/2024\/06\/IMG-20180622-WA0001.jpg\"},{\"@type\":\"BreadcrumbList\",\"@id\":\"https:\/\/monisimadelamuerte.es\/monisima-online\/#breadcrumb\",\"itemListElement\":[{\"@type\":\"ListItem\",\"position\":1,\"name\":\"Portada\",\"item\":\"https:\/\/monisimadelamuerte.es\/\"},{\"@type\":\"ListItem\",\"position\":2,\"name\":\"Mon\u00edsima online\"}]},{\"@type\":\"WebSite\",\"@id\":\"https:\/\/monisimadelamuerte.es\/#website\",\"url\":\"https:\/\/monisimadelamuerte.es\/\",\"name\":\"monisimadelamuerte.es\",\"description\":\"\",\"potentialAction\":[{\"@type\":\"SearchAction\",\"target\":{\"@type\":\"EntryPoint\",\"urlTemplate\":\"https:\/\/monisimadelamuerte.es\/?s={search_term_string}\"},\"query-input\":{\"@type\":\"PropertyValueSpecification\",\"valueRequired\":true,\"valueName\":\"search_term_string\"}}],\"inLanguage\":\"en-GB\"}]}<\/script>\n<!-- \/ Yoast SEO plugin. -->","yoast_head_json":{"title":"Mon\u00edsima online - Mon\u00edsima de la Muerte","robots":{"index":"index","follow":"follow","max-snippet":"max-snippet:-1","max-image-preview":"max-image-preview:large","max-video-preview":"max-video-preview:-1"},"canonical":"https:\/\/monisimadelamuerte.es\/en\/monisima-online\/","og_locale":"en_GB","og_type":"article","og_title":"Mon\u00edsima online - Mon\u00edsima de la Muerte","og_description":"Mon\u00edsima online Home Mon\u00edsima online Mon\u00edsima online: tu complemento perfecto a un clic de distancia En Mon\u00edsima de la Muerte, facilitamos tu experiencia de compra ofreci\u00e9ndote asesoramiento personalizado desde la comodidad de tu hogar. \u00bfQu\u00e9 te parece si reservamos un d\u00eda y una hora para atenderte por videollamada? As\u00ed, podr\u00e1s ense\u00f1arnos tu vestido y nosotros&hellip;&nbsp;Read More &raquo;Mon\u00edsima online","og_url":"https:\/\/monisimadelamuerte.es\/en\/monisima-online\/","og_site_name":"Mon\u00edsima de la Muerte","article_publisher":"https:\/\/www.facebook.com\/people\/monisimadelamuertees\/100046440565329\/?ref=page_internal&path=monisimadelamuertees-297880507039784","article_modified_time":"2026-02-27T08:41:24+00:00","og_image":[{"width":1600,"height":1066,"url":"https:\/\/monisimadelamuerte.es\/wp-content\/uploads\/2024\/06\/IMG-20180622-WA0001.jpg","type":"image\/jpeg"}],"twitter_card":"summary_large_image","twitter_misc":{"Estimated reading time":"2 minutes"},"schema":{"@context":"https:\/\/schema.org","@graph":[{"@type":"WebPage","@id":"https:\/\/monisimadelamuerte.es\/monisima-online\/","url":"https:\/\/monisimadelamuerte.es\/monisima-online\/","name":"Mon\u00edsima online - Mon\u00edsima de la Muerte","isPartOf":{"@id":"https:\/\/monisimadelamuerte.es\/#website"},"primaryImageOfPage":{"@id":"https:\/\/monisimadelamuerte.es\/monisima-online\/#primaryimage"},"image":{"@id":"https:\/\/monisimadelamuerte.es\/monisima-online\/#primaryimage"},"thumbnailUrl":"https:\/\/monisimadelamuerte.es\/wp-content\/uploads\/2024\/06\/IMG-20180622-WA0001.jpg","datePublished":"2024-06-24T21:22:40+00:00","dateModified":"2026-02-27T08:41:24+00:00","breadcrumb":{"@id":"https:\/\/monisimadelamuerte.es\/monisima-online\/#breadcrumb"},"inLanguage":"en-GB","potentialAction":[{"@type":"ReadAction","target":["https:\/\/monisimadelamuerte.es\/monisima-online\/"]}]},{"@type":"ImageObject","inLanguage":"en-GB","@id":"https:\/\/monisimadelamuerte.es\/monisima-online\/#primaryimage","url":"https:\/\/monisimadelamuerte.es\/wp-content\/uploads\/2024\/06\/IMG-20180622-WA0001.jpg","contentUrl":"https:\/\/monisimadelamuerte.es\/wp-content\/uploads\/2024\/06\/IMG-20180622-WA0001.jpg"},{"@type":"BreadcrumbList","@id":"https:\/\/monisimadelamuerte.es\/monisima-online\/#breadcrumb","itemListElement":[{"@type":"ListItem","position":1,"name":"Portada","item":"https:\/\/monisimadelamuerte.es\/"},{"@type":"ListItem","position":2,"name":"Mon\u00edsima online"}]},{"@type":"WebSite","@id":"https:\/\/monisimadelamuerte.es\/#website","url":"https:\/\/monisimadelamuerte.es\/","name":"monisimadelamuerte.es","description":"","potentialAction":[{"@type":"SearchAction","target":{"@type":"EntryPoint","urlTemplate":"https:\/\/monisimadelamuerte.es\/?s={search_term_string}"},"query-input":{"@type":"PropertyValueSpecification","valueRequired":true,"valueName":"search_term_string"}}],"inLanguage":"en-GB"}]}},"_links":{"self":[{"href":"https:\/\/monisimadelamuerte.es\/en\/wp-json\/wp\/v2\/pages\/467","targetHints":{"allow":["GET"]}}],"collection":[{"href":"https:\/\/monisimadelamuerte.es\/en\/wp-json\/wp\/v2\/pages"}],"about":[{"href":"https:\/\/monisimadelamuerte.es\/en\/wp-json\/wp\/v2\/types\/page"}],"author":[{"embeddable":true,"href":"https:\/\/monisimadelamuerte.es\/en\/wp-json\/wp\/v2\/users\/1"}],"replies":[{"embeddable":true,"href":"https:\/\/monisimadelamuerte.es\/en\/wp-json\/wp\/v2\/comments?post=467"}],"version-history":[{"count":10,"href":"https:\/\/monisimadelamuerte.es\/en\/wp-json\/wp\/v2\/pages\/467\/revisions"}],"predecessor-version":[{"id":6559,"href":"https:\/\/monisimadelamuerte.es\/en\/wp-json\/wp\/v2\/pages\/467\/revisions\/6559"}],"wp:attachment":[{"href":"https:\/\/monisimadelamuerte.es\/en\/wp-json\/wp\/v2\/media?parent=467"}],"curies":[{"name":"wp","href":"https:\/\/api.w.org\/{rel}","templated":true}]}}