{"id":4661,"date":"2024-07-04T08:04:00","date_gmt":"2024-07-04T08:04:00","guid":{"rendered":"https:\/\/monisimadelamuerte.es\/?page_id=4661"},"modified":"2024-07-04T08:12:46","modified_gmt":"2024-07-04T08:12:46","slug":"aviso-legal","status":"publish","type":"page","link":"https:\/\/monisimadelamuerte.es\/en\/aviso-legal\/","title":{"rendered":"Legal notice"},"content":{"rendered":"<div data-elementor-type=\"wp-page\" data-elementor-id=\"4661\" class=\"elementor elementor-4661\" data-elementor-post-type=\"page\">\n\t\t\t\t\t\t<section class=\"elementor-section elementor-top-section elementor-element elementor-element-1965d444 elementor-section-height-min-height elementor-section-boxed elementor-section-height-default elementor-section-items-middle\" data-id=\"1965d444\" data-element_type=\"section\" data-e-type=\"section\" data-settings=\"{&quot;background_background&quot;:&quot;classic&quot;}\">\n\t\t\t\t\t\t\t<div class=\"elementor-background-overlay\"><\/div>\n\t\t\t\t\t\t\t<div class=\"elementor-container elementor-column-gap-default\">\n\t\t\t\t\t<div class=\"elementor-column elementor-col-100 elementor-top-column elementor-element elementor-element-6f186478\" data-id=\"6f186478\" data-element_type=\"column\" data-e-type=\"column\">\n\t\t\t<div class=\"elementor-widget-wrap elementor-element-populated\">\n\t\t\t\t\t\t<div class=\"elementor-element elementor-element-4e5a846f elementor-icon-list--layout-inline elementor-align-center elementor-list-item-link-full_width elementor-invisible elementor-widget elementor-widget-icon-list\" data-id=\"4e5a846f\" data-element_type=\"widget\" data-e-type=\"widget\" data-settings=\"{&quot;_animation&quot;:&quot;fadeIn&quot;,&quot;_animation_delay&quot;:200}\" data-widget_type=\"icon-list.default\">\n\t\t\t\t<div class=\"elementor-widget-container\">\n\t\t\t\t\t\t\t<ul class=\"elementor-icon-list-items elementor-inline-items\">\n\t\t\t\t\t\t\t<li class=\"elementor-icon-list-item elementor-inline-item\">\n\t\t\t\t\t\t\t\t\t\t\t<a href=\"#\">\n\n\t\t\t\t\t\t\t\t\t\t\t<span class=\"elementor-icon-list-text\">Home<\/span>\n\t\t\t\t\t\t\t\t\t\t\t<\/a>\n\t\t\t\t\t\t\t\t\t<\/li>\n\t\t\t\t\t\t\t\t<li class=\"elementor-icon-list-item elementor-inline-item\">\n\t\t\t\t\t\t\t\t\t\t\t<a href=\"https:\/\/monisimadelamuerte.es\/en\/aviso-legal\/\">\n\n\t\t\t\t\t\t\t\t\t\t\t\t<span class=\"elementor-icon-list-icon\">\n\t\t\t\t\t\t\t<i aria-hidden=\"true\" class=\"icon icon-right-arrow\"><\/i>\t\t\t\t\t\t<\/span>\n\t\t\t\t\t\t\t\t\t\t<span class=\"elementor-icon-list-text\">LEGAL NOTICE<\/span>\n\t\t\t\t\t\t\t\t\t\t\t<\/a>\n\t\t\t\t\t\t\t\t\t<\/li>\n\t\t\t\t\t\t<\/ul>\n\t\t\t\t\t\t<\/div>\n\t\t\t\t<\/div>\n\t\t\t\t\t<\/div>\n\t\t<\/div>\n\t\t\t\t\t<\/div>\n\t\t<\/section>\n\t\t\t\t<section class=\"elementor-section elementor-top-section elementor-element elementor-element-5f1d980a elementor-reverse-tablet elementor-reverse-mobile elementor-section-boxed elementor-section-height-default elementor-section-height-default\" data-id=\"5f1d980a\" data-element_type=\"section\" data-e-type=\"section\">\n\t\t\t\t\t\t<div class=\"elementor-container elementor-column-gap-default\">\n\t\t\t\t\t<div class=\"elementor-column elementor-col-100 elementor-top-column elementor-element elementor-element-47387128\" data-id=\"47387128\" data-element_type=\"column\" data-e-type=\"column\">\n\t\t\t<div class=\"elementor-widget-wrap elementor-element-populated\">\n\t\t\t\t\t\t<div class=\"elementor-element elementor-element-7ec8865 elementor-widget elementor-widget-text-editor\" data-id=\"7ec8865\" data-element_type=\"widget\" data-e-type=\"widget\" data-widget_type=\"text-editor.default\">\n\t\t\t\t<div class=\"elementor-widget-container\">\n\t\t\t\t\t\t\t\t\t<p>In accordance with Law 34\/2002 on Information Society Services and Electronic Commerce, we inform you that this website is owned by VER\u00d3NICA ROSADO PE\u00d1A, (hereinafter &quot;THE OWNER&quot;), with CIF: 31717948M, with registered address at C\/ TOMILAR 18, 2-B 28042 MADRID; telephone 682 504 896.<\/p><p>\u00a0<\/p><p class=\"titol text-bold text-uppercase\"><strong>INTELLECTUAL AND INDUSTRIAL PROPERTY<\/strong><\/p><p>The contents of this site, including texts, images and graphic designs, belong to THE OWNER, or to third parties who have authorized their use. THE OWNER presents these contents for information and promotion purposes. THE OWNER authorizes their use exclusively for these purposes. Any use of these designs, images or texts must expressly cite their ownership by THE OWNER, who reserves the right to initiate appropriate legal action to repair any damages caused by any act that violates its intellectual or industrial property rights.<\/p><p>\u00a0<\/p><p class=\"titol text-bold text-uppercase\"><strong>DISCLAIMER<\/strong><\/p><p>THE OWNER acts with the utmost diligence to ensure that the data and information provided on its website is up-to-date at all times, although it does not guarantee or accept responsibility for the accuracy and updating of the website&#039;s content, reserving the right to modify said content at any time. THE OWNER shall also not be liable for the information that may be obtained through links included on the website.<\/p><p>Commercial relations with clients will be governed by the General Conditions that, where applicable, are established by THE OWNER in a specific document for this purpose, or by specific agreements that may be agreed with clients.<\/p><p>\u00a0<\/p><p class=\"titol text-bold text-uppercase\"><strong>TERMS OF USE<\/strong><\/p><p>The use of this website implies full acceptance of the terms of this legal notice. Any potential conflicts relating to this website shall be governed exclusively by the law of the Spanish State. Any user of the website, regardless of the territorial jurisdiction from which access is made, accepts compliance with and respect for these clauses, expressly waiving any other jurisdiction that may apply to them.<\/p>\t\t\t\t\t\t\t\t<\/div>\n\t\t\t\t<\/div>\n\t\t\t\t\t<\/div>\n\t\t<\/div>\n\t\t\t\t\t<\/div>\n\t\t<\/section>\n\t\t\t\t<\/div>","protected":false},"excerpt":{"rendered":"<p>Home LEGAL NOTICE In accordance with Law 34\/2002 on Information Society Services and Electronic Commerce, we inform you that this website is owned by VER\u00d3NICA ROSADO PE\u00d1A (hereinafter &quot;THE OWNER&quot;), with CIF: 31717948M, registered office at C\/ TOMILAR 18, 2-B 28042 MADRID; telephone number: 682 504 896. INTELLECTUAL PROPERTY\u2026&nbsp;<a href=\"https:\/\/monisimadelamuerte.es\/en\/aviso-legal\/\" rel=\"bookmark\">Read More \u00bb<span class=\"screen-reader-text\">Legal notice<\/span><\/a><\/p>","protected":false},"author":1,"featured_media":0,"parent":0,"menu_order":0,"comment_status":"closed","ping_status":"closed","template":"page-templates\/template-pagebuilder-full-width.php","meta":{"neve_meta_sidebar":"","neve_meta_container":"","neve_meta_enable_content_width":"off","neve_meta_content_width":100,"neve_meta_title_alignment":"","neve_meta_author_avatar":"","neve_post_elements_order":"","neve_meta_disable_header":"","neve_meta_disable_footer":"","neve_meta_disable_title":"","_joinchat":[],"footnotes":""},"class_list":["post-4661","page","type-page","status-publish","hentry"],"yoast_head":"<!-- This site is optimized with the Yoast SEO plugin v27.0 - https:\/\/yoast.com\/product\/yoast-seo-wordpress\/ -->\n<title>Aviso legal - Mon\u00edsima de la Muerte<\/title>\n<meta name=\"robots\" content=\"index, follow, max-snippet:-1, max-image-preview:large, max-video-preview:-1\" \/>\n<link rel=\"canonical\" href=\"https:\/\/monisimadelamuerte.es\/en\/aviso-legal\/\" \/>\n<meta property=\"og:locale\" content=\"en_GB\" \/>\n<meta property=\"og:type\" content=\"article\" \/>\n<meta property=\"og:title\" content=\"Aviso legal - Mon\u00edsima de la Muerte\" \/>\n<meta property=\"og:description\" content=\"Home AVISO LEGAL De conformidad con la Ley 34\/2002, de Servicios de la Sociedad de la Informaci\u00f3n y de Comercio Electr\u00f3nico, le informamos que esta web es titularidad de VER\u00d3NICA ROSADO PE\u00d1A, (en adelante \u201cEL TITULAR\u201d), con CIF: 31717948M, con domicilio en C\/ TOMILAR 18, 2-B 28042 MADRID; tel\u00e9fono 682 504 896. \u00a0 PROPIEDAD INTELECTUAL&hellip;&nbsp;Read More &raquo;Aviso legal\" \/>\n<meta property=\"og:url\" content=\"https:\/\/monisimadelamuerte.es\/en\/aviso-legal\/\" \/>\n<meta property=\"og:site_name\" content=\"Mon\u00edsima de la Muerte\" \/>\n<meta property=\"article:publisher\" content=\"https:\/\/www.facebook.com\/people\/monisimadelamuertees\/100046440565329\/?ref=page_internal&amp;path=monisimadelamuertees-297880507039784\" \/>\n<meta property=\"article:modified_time\" content=\"2024-07-04T08:12:46+00:00\" \/>\n<meta name=\"twitter:card\" content=\"summary_large_image\" \/>\n<meta name=\"twitter:label1\" content=\"Estimated reading time\" \/>\n\t<meta name=\"twitter:data1\" content=\"2 minutes\" \/>\n<script type=\"application\/ld+json\" class=\"yoast-schema-graph\">{\"@context\":\"https:\/\/schema.org\",\"@graph\":[{\"@type\":\"WebPage\",\"@id\":\"https:\/\/monisimadelamuerte.es\/aviso-legal\/\",\"url\":\"https:\/\/monisimadelamuerte.es\/aviso-legal\/\",\"name\":\"Aviso legal - Mon\u00edsima de la Muerte\",\"isPartOf\":{\"@id\":\"https:\/\/monisimadelamuerte.es\/#website\"},\"datePublished\":\"2024-07-04T08:04:00+00:00\",\"dateModified\":\"2024-07-04T08:12:46+00:00\",\"breadcrumb\":{\"@id\":\"https:\/\/monisimadelamuerte.es\/aviso-legal\/#breadcrumb\"},\"inLanguage\":\"en-GB\",\"potentialAction\":[{\"@type\":\"ReadAction\",\"target\":[\"https:\/\/monisimadelamuerte.es\/aviso-legal\/\"]}]},{\"@type\":\"BreadcrumbList\",\"@id\":\"https:\/\/monisimadelamuerte.es\/aviso-legal\/#breadcrumb\",\"itemListElement\":[{\"@type\":\"ListItem\",\"position\":1,\"name\":\"Portada\",\"item\":\"https:\/\/monisimadelamuerte.es\/\"},{\"@type\":\"ListItem\",\"position\":2,\"name\":\"Aviso legal\"}]},{\"@type\":\"WebSite\",\"@id\":\"https:\/\/monisimadelamuerte.es\/#website\",\"url\":\"https:\/\/monisimadelamuerte.es\/\",\"name\":\"monisimadelamuerte.es\",\"description\":\"\",\"potentialAction\":[{\"@type\":\"SearchAction\",\"target\":{\"@type\":\"EntryPoint\",\"urlTemplate\":\"https:\/\/monisimadelamuerte.es\/?s={search_term_string}\"},\"query-input\":{\"@type\":\"PropertyValueSpecification\",\"valueRequired\":true,\"valueName\":\"search_term_string\"}}],\"inLanguage\":\"en-GB\"}]}<\/script>\n<!-- \/ Yoast SEO plugin. -->","yoast_head_json":{"title":"Aviso legal - Mon\u00edsima de la Muerte","robots":{"index":"index","follow":"follow","max-snippet":"max-snippet:-1","max-image-preview":"max-image-preview:large","max-video-preview":"max-video-preview:-1"},"canonical":"https:\/\/monisimadelamuerte.es\/en\/aviso-legal\/","og_locale":"en_GB","og_type":"article","og_title":"Aviso legal - Mon\u00edsima de la Muerte","og_description":"Home AVISO LEGAL De conformidad con la Ley 34\/2002, de Servicios de la Sociedad de la Informaci\u00f3n y de Comercio Electr\u00f3nico, le informamos que esta web es titularidad de VER\u00d3NICA ROSADO PE\u00d1A, (en adelante \u201cEL TITULAR\u201d), con CIF: 31717948M, con domicilio en C\/ TOMILAR 18, 2-B 28042 MADRID; tel\u00e9fono 682 504 896. \u00a0 PROPIEDAD INTELECTUAL&hellip;&nbsp;Read More &raquo;Aviso legal","og_url":"https:\/\/monisimadelamuerte.es\/en\/aviso-legal\/","og_site_name":"Mon\u00edsima de la Muerte","article_publisher":"https:\/\/www.facebook.com\/people\/monisimadelamuertees\/100046440565329\/?ref=page_internal&path=monisimadelamuertees-297880507039784","article_modified_time":"2024-07-04T08:12:46+00:00","twitter_card":"summary_large_image","twitter_misc":{"Estimated reading time":"2 minutes"},"schema":{"@context":"https:\/\/schema.org","@graph":[{"@type":"WebPage","@id":"https:\/\/monisimadelamuerte.es\/aviso-legal\/","url":"https:\/\/monisimadelamuerte.es\/aviso-legal\/","name":"Aviso legal - Mon\u00edsima de la Muerte","isPartOf":{"@id":"https:\/\/monisimadelamuerte.es\/#website"},"datePublished":"2024-07-04T08:04:00+00:00","dateModified":"2024-07-04T08:12:46+00:00","breadcrumb":{"@id":"https:\/\/monisimadelamuerte.es\/aviso-legal\/#breadcrumb"},"inLanguage":"en-GB","potentialAction":[{"@type":"ReadAction","target":["https:\/\/monisimadelamuerte.es\/aviso-legal\/"]}]},{"@type":"BreadcrumbList","@id":"https:\/\/monisimadelamuerte.es\/aviso-legal\/#breadcrumb","itemListElement":[{"@type":"ListItem","position":1,"name":"Portada","item":"https:\/\/monisimadelamuerte.es\/"},{"@type":"ListItem","position":2,"name":"Aviso legal"}]},{"@type":"WebSite","@id":"https:\/\/monisimadelamuerte.es\/#website","url":"https:\/\/monisimadelamuerte.es\/","name":"monisimadelamuerte.es","description":"","potentialAction":[{"@type":"SearchAction","target":{"@type":"EntryPoint","urlTemplate":"https:\/\/monisimadelamuerte.es\/?s={search_term_string}"},"query-input":{"@type":"PropertyValueSpecification","valueRequired":true,"valueName":"search_term_string"}}],"inLanguage":"en-GB"}]}},"_links":{"self":[{"href":"https:\/\/monisimadelamuerte.es\/en\/wp-json\/wp\/v2\/pages\/4661","targetHints":{"allow":["GET"]}}],"collection":[{"href":"https:\/\/monisimadelamuerte.es\/en\/wp-json\/wp\/v2\/pages"}],"about":[{"href":"https:\/\/monisimadelamuerte.es\/en\/wp-json\/wp\/v2\/types\/page"}],"author":[{"embeddable":true,"href":"https:\/\/monisimadelamuerte.es\/en\/wp-json\/wp\/v2\/users\/1"}],"replies":[{"embeddable":true,"href":"https:\/\/monisimadelamuerte.es\/en\/wp-json\/wp\/v2\/comments?post=4661"}],"version-history":[{"count":10,"href":"https:\/\/monisimadelamuerte.es\/en\/wp-json\/wp\/v2\/pages\/4661\/revisions"}],"predecessor-version":[{"id":4681,"href":"https:\/\/monisimadelamuerte.es\/en\/wp-json\/wp\/v2\/pages\/4661\/revisions\/4681"}],"wp:attachment":[{"href":"https:\/\/monisimadelamuerte.es\/en\/wp-json\/wp\/v2\/media?parent=4661"}],"curies":[{"name":"wp","href":"https:\/\/api.w.org\/{rel}","templated":true}]}}