{"id":460,"date":"2024-06-24T21:16:02","date_gmt":"2024-06-24T21:16:02","guid":{"rendered":"https:\/\/monisimadelamuerte.es\/?page_id=460"},"modified":"2024-06-24T21:21:30","modified_gmt":"2024-06-24T21:21:30","slug":"monisima-experience","status":"publish","type":"page","link":"https:\/\/monisimadelamuerte.es\/en\/monisima-experience\/","title":{"rendered":"Very nice experience"},"content":{"rendered":"<div data-elementor-type=\"wp-page\" data-elementor-id=\"460\" class=\"elementor elementor-460\" data-elementor-post-type=\"page\">\n\t\t\t\t\t\t<section class=\"elementor-section elementor-top-section elementor-element elementor-element-7c265e33 elementor-section-height-min-height elementor-section-boxed elementor-section-height-default elementor-section-items-middle\" data-id=\"7c265e33\" data-element_type=\"section\" data-e-type=\"section\" data-settings=\"{&quot;background_background&quot;:&quot;classic&quot;}\">\n\t\t\t\t\t\t\t<div class=\"elementor-background-overlay\"><\/div>\n\t\t\t\t\t\t\t<div class=\"elementor-container elementor-column-gap-default\">\n\t\t\t\t\t<div class=\"elementor-column elementor-col-100 elementor-top-column elementor-element elementor-element-db9dec9\" data-id=\"db9dec9\" data-element_type=\"column\" data-e-type=\"column\">\n\t\t\t<div class=\"elementor-widget-wrap elementor-element-populated\">\n\t\t\t\t\t\t<div class=\"elementor-element elementor-element-58887619 elementor-invisible elementor-widget elementor-widget-heading\" data-id=\"58887619\" data-element_type=\"widget\" data-e-type=\"widget\" data-settings=\"{&quot;_animation&quot;:&quot;fadeIn&quot;}\" data-widget_type=\"heading.default\">\n\t\t\t\t<div class=\"elementor-widget-container\">\n\t\t\t\t\t<h2 class=\"elementor-heading-title elementor-size-default\">Very nice experience<\/h2>\t\t\t\t<\/div>\n\t\t\t\t<\/div>\n\t\t\t\t<div class=\"elementor-element elementor-element-47739415 elementor-icon-list--layout-inline elementor-align-center elementor-list-item-link-full_width elementor-invisible elementor-widget elementor-widget-icon-list\" data-id=\"47739415\" data-element_type=\"widget\" data-e-type=\"widget\" data-settings=\"{&quot;_animation&quot;:&quot;fadeIn&quot;,&quot;_animation_delay&quot;:200}\" data-widget_type=\"icon-list.default\">\n\t\t\t\t<div class=\"elementor-widget-container\">\n\t\t\t\t\t\t\t<ul class=\"elementor-icon-list-items elementor-inline-items\">\n\t\t\t\t\t\t\t<li class=\"elementor-icon-list-item elementor-inline-item\">\n\t\t\t\t\t\t\t\t\t\t\t<a href=\"#\">\n\n\t\t\t\t\t\t\t\t\t\t\t<span class=\"elementor-icon-list-text\">Home<\/span>\n\t\t\t\t\t\t\t\t\t\t\t<\/a>\n\t\t\t\t\t\t\t\t\t<\/li>\n\t\t\t\t\t\t\t\t<li class=\"elementor-icon-list-item elementor-inline-item\">\n\t\t\t\t\t\t\t\t\t\t\t<a href=\"https:\/\/monisimadelamuerte.es\/en\/monisima-experience\/\">\n\n\t\t\t\t\t\t\t\t\t\t\t\t<span class=\"elementor-icon-list-icon\">\n\t\t\t\t\t\t\t<i aria-hidden=\"true\" class=\"icon icon-right-arrow\"><\/i>\t\t\t\t\t\t<\/span>\n\t\t\t\t\t\t\t\t\t\t<span class=\"elementor-icon-list-text\">Very nice experience<\/span>\n\t\t\t\t\t\t\t\t\t\t\t<\/a>\n\t\t\t\t\t\t\t\t\t<\/li>\n\t\t\t\t\t\t<\/ul>\n\t\t\t\t\t\t<\/div>\n\t\t\t\t<\/div>\n\t\t\t\t\t<\/div>\n\t\t<\/div>\n\t\t\t\t\t<\/div>\n\t\t<\/section>\n\t\t\t\t<section class=\"elementor-section elementor-top-section elementor-element elementor-element-5aadf762 elementor-reverse-mobile elementor-section-boxed elementor-section-height-default elementor-section-height-default\" data-id=\"5aadf762\" data-element_type=\"section\" data-e-type=\"section\" data-settings=\"{&quot;background_background&quot;:&quot;classic&quot;}\">\n\t\t\t\t\t\t<div class=\"elementor-container elementor-column-gap-default\">\n\t\t\t\t\t<div class=\"elementor-column elementor-col-50 elementor-top-column elementor-element elementor-element-53f1142d\" data-id=\"53f1142d\" data-element_type=\"column\" data-e-type=\"column\">\n\t\t\t<div class=\"elementor-widget-wrap elementor-element-populated\">\n\t\t\t\t\t\t<div class=\"elementor-element elementor-element-2ac6d015 elementor-invisible elementor-widget elementor-widget-image\" data-id=\"2ac6d015\" data-element_type=\"widget\" data-e-type=\"widget\" data-settings=\"{&quot;_animation&quot;:&quot;fadeIn&quot;,&quot;_animation_delay&quot;:200}\" data-widget_type=\"image.default\">\n\t\t\t\t<div class=\"elementor-widget-container\">\n\t\t\t\t\t\t\t\t\t\t\t\t\t\t\t\t<a href=\"#\">\n\t\t\t\t\t\t\t<img fetchpriority=\"high\" decoding=\"async\" width=\"682\" height=\"1024\" src=\"https:\/\/monisimadelamuerte.es\/wp-content\/uploads\/2024\/06\/30__Esif-Fotografia_1296-682x1024.jpg\" class=\"attachment-large size-large wp-image-316\" alt=\"\" srcset=\"https:\/\/monisimadelamuerte.es\/wp-content\/uploads\/2024\/06\/30__Esif-Fotografia_1296-682x1024.jpg 682w, https:\/\/monisimadelamuerte.es\/wp-content\/uploads\/2024\/06\/30__Esif-Fotografia_1296-600x900.jpg 600w, https:\/\/monisimadelamuerte.es\/wp-content\/uploads\/2024\/06\/30__Esif-Fotografia_1296-800x1200.jpg 800w, https:\/\/monisimadelamuerte.es\/wp-content\/uploads\/2024\/06\/30__Esif-Fotografia_1296-200x300.jpg 200w, https:\/\/monisimadelamuerte.es\/wp-content\/uploads\/2024\/06\/30__Esif-Fotografia_1296-768x1152.jpg 768w, https:\/\/monisimadelamuerte.es\/wp-content\/uploads\/2024\/06\/30__Esif-Fotografia_1296-1024x1536.jpg 1024w, https:\/\/monisimadelamuerte.es\/wp-content\/uploads\/2024\/06\/30__Esif-Fotografia_1296.jpg 1333w\" sizes=\"(max-width: 682px) 100vw, 682px\" \/>\t\t\t\t\t\t\t\t<\/a>\n\t\t\t\t\t\t\t\t\t\t\t\t\t\t\t<\/div>\n\t\t\t\t<\/div>\n\t\t\t\t\t<\/div>\n\t\t<\/div>\n\t\t\t\t<div class=\"elementor-column elementor-col-50 elementor-top-column elementor-element elementor-element-699af84b\" data-id=\"699af84b\" data-element_type=\"column\" data-e-type=\"column\">\n\t\t\t<div class=\"elementor-widget-wrap elementor-element-populated\">\n\t\t\t\t\t\t<div class=\"elementor-element elementor-element-1efe16d4 elementor-invisible elementor-widget elementor-widget-heading\" data-id=\"1efe16d4\" data-element_type=\"widget\" data-e-type=\"widget\" data-settings=\"{&quot;_animation&quot;:&quot;fadeIn&quot;}\" data-widget_type=\"heading.default\">\n\t\t\t\t<div class=\"elementor-widget-container\">\n\t\t\t\t\t<h1 class=\"elementor-heading-title elementor-size-default\">Mon\u00edsima experience: a unique experience in Madrid<\/h1>\t\t\t\t<\/div>\n\t\t\t\t<\/div>\n\t\t\t\t<div class=\"elementor-element elementor-element-1283224 elementor-widget elementor-widget-text-editor\" data-id=\"1283224\" data-element_type=\"widget\" data-e-type=\"widget\" data-widget_type=\"text-editor.default\">\n\t\t\t\t<div class=\"elementor-widget-container\">\n\t\t\t\t\t\t\t\t\t<p><span style=\"font-weight: 400;\">At Mon\u00edsima de la Muerte, we bring fashion and style straight to your door. If you live in Madrid and are looking for an original and fun way to complete your look with your friends or family, our personal advice service at home is the perfect solution.\u00a0 \u00a0 \u00a0\u00a0<\/span><\/p>\t\t\t\t\t\t\t\t<\/div>\n\t\t\t\t<\/div>\n\t\t\t\t<div class=\"elementor-element elementor-element-34c5fcc elementor-widget elementor-widget-button\" data-id=\"34c5fcc\" data-element_type=\"widget\" data-e-type=\"widget\" data-widget_type=\"button.default\">\n\t\t\t\t<div class=\"elementor-widget-container\">\n\t\t\t\t\t\t\t\t\t<div class=\"elementor-button-wrapper\">\n\t\t\t\t\t<a class=\"elementor-button elementor-button-link elementor-size-sm\" href=\"https:\/\/monisimadelamuerte.es\/en\/contacto\/\">\n\t\t\t\t\t\t<span class=\"elementor-button-content-wrapper\">\n\t\t\t\t\t\t\t\t\t<span class=\"elementor-button-text\">CONTACT US<\/span>\n\t\t\t\t\t<\/span>\n\t\t\t\t\t<\/a>\n\t\t\t\t<\/div>\n\t\t\t\t\t\t\t\t<\/div>\n\t\t\t\t<\/div>\n\t\t\t\t\t<\/div>\n\t\t<\/div>\n\t\t\t\t\t<\/div>\n\t\t<\/section>\n\t\t\t\t<section class=\"elementor-section elementor-top-section elementor-element elementor-element-e7792c4 elementor-section-boxed elementor-section-height-default elementor-section-height-default\" data-id=\"e7792c4\" data-element_type=\"section\" data-e-type=\"section\" data-settings=\"{&quot;background_background&quot;:&quot;classic&quot;}\">\n\t\t\t\t\t\t<div class=\"elementor-container elementor-column-gap-default\">\n\t\t\t\t\t<div class=\"elementor-column elementor-col-100 elementor-top-column elementor-element elementor-element-d753684\" data-id=\"d753684\" data-element_type=\"column\" data-e-type=\"column\">\n\t\t\t<div class=\"elementor-widget-wrap elementor-element-populated\">\n\t\t\t\t\t\t<div class=\"elementor-element elementor-element-1a5d0c5 elementor-invisible elementor-widget elementor-widget-heading\" data-id=\"1a5d0c5\" data-element_type=\"widget\" data-e-type=\"widget\" data-settings=\"{&quot;_animation&quot;:&quot;fadeIn&quot;,&quot;_animation_delay&quot;:200}\" data-widget_type=\"heading.default\">\n\t\t\t\t<div class=\"elementor-widget-container\">\n\t\t\t\t\t<h2 class=\"elementor-heading-title elementor-size-default\">How our service works<\/h2>\t\t\t\t<\/div>\n\t\t\t\t<\/div>\n\t\t\t\t<div class=\"elementor-element elementor-element-51f737c elementor-widget elementor-widget-text-editor\" data-id=\"51f737c\" data-element_type=\"widget\" data-e-type=\"widget\" data-widget_type=\"text-editor.default\">\n\t\t\t\t<div class=\"elementor-widget-container\">\n\t\t\t\t\t\t\t\t\t<p><span style=\"font-weight: 400;\">Don&#039;t think twice and live a unique fashion experience with Mon\u00edsima de la Muerte. Contact us for more details and let us help you create unforgettable memories while you find the perfect accessory for every occasion.<\/span><\/p>\t\t\t\t\t\t\t\t<\/div>\n\t\t\t\t<\/div>\n\t\t\t\t<section class=\"elementor-section elementor-inner-section elementor-element elementor-element-f1d0b92 elementor-section-boxed elementor-section-height-default elementor-section-height-default\" data-id=\"f1d0b92\" data-element_type=\"section\" data-e-type=\"section\">\n\t\t\t\t\t\t<div class=\"elementor-container elementor-column-gap-default\">\n\t\t\t\t\t<div class=\"elementor-column elementor-col-25 elementor-inner-column elementor-element elementor-element-3740977 elementor-invisible\" data-id=\"3740977\" data-element_type=\"column\" data-e-type=\"column\" data-settings=\"{&quot;animation&quot;:&quot;fadeIn&quot;,&quot;animation_delay&quot;:400,&quot;background_background&quot;:&quot;classic&quot;}\">\n\t\t\t<div class=\"elementor-widget-wrap elementor-element-populated\">\n\t\t\t\t\t\t<div class=\"elementor-element elementor-element-a195b6c elementor-widget elementor-widget-elementskit-header-info\" data-id=\"a195b6c\" data-element_type=\"widget\" data-e-type=\"widget\" data-widget_type=\"elementskit-header-info.default\">\n\t\t\t\t<div class=\"elementor-widget-container\">\n\t\t\t\t\t<div class=\"ekit-wid-con\" >        <ul class=\"ekit-header-info\">\n                                    <li>\n                            <a > \n                                                                Group of friends or family                            <\/a>\n                        <\/li>\n\n                            <\/ul>\n        <\/div>\t\t\t\t<\/div>\n\t\t\t\t<\/div>\n\t\t\t\t<div class=\"elementor-element elementor-element-a75b6a6 elementor-widget elementor-widget-text-editor\" data-id=\"a75b6a6\" data-element_type=\"widget\" data-e-type=\"widget\" data-widget_type=\"text-editor.default\">\n\t\t\t\t<div class=\"elementor-widget-container\">\n\t\t\t\t\t\t\t\t\t<p><span style=\"font-weight: 400;\">Gather your group of friends or family and get ready for an unforgettable experience. Once everyone has their dresses, we&#039;ll take care of the rest.<\/span><\/p>\t\t\t\t\t\t\t\t<\/div>\n\t\t\t\t<\/div>\n\t\t\t\t\t<\/div>\n\t\t<\/div>\n\t\t\t\t<div class=\"elementor-column elementor-col-25 elementor-inner-column elementor-element elementor-element-8551b10 elementor-invisible\" data-id=\"8551b10\" data-element_type=\"column\" data-e-type=\"column\" data-settings=\"{&quot;animation&quot;:&quot;fadeIn&quot;,&quot;animation_delay&quot;:500,&quot;background_background&quot;:&quot;classic&quot;}\">\n\t\t\t<div class=\"elementor-widget-wrap elementor-element-populated\">\n\t\t\t\t\t\t<div class=\"elementor-element elementor-element-2b0bc21 elementor-widget elementor-widget-elementskit-header-info\" data-id=\"2b0bc21\" data-element_type=\"widget\" data-e-type=\"widget\" data-widget_type=\"elementskit-header-info.default\">\n\t\t\t\t<div class=\"elementor-widget-container\">\n\t\t\t\t\t<div class=\"ekit-wid-con\" >        <ul class=\"ekit-header-info\">\n                                    <li>\n                            <a > \n                                                                Personalized study                            <\/a>\n                        <\/li>\n\n                            <\/ul>\n        <\/div>\t\t\t\t<\/div>\n\t\t\t\t<\/div>\n\t\t\t\t<div class=\"elementor-element elementor-element-90c8767 elementor-widget elementor-widget-text-editor\" data-id=\"90c8767\" data-element_type=\"widget\" data-e-type=\"widget\" data-widget_type=\"text-editor.default\">\n\t\t\t\t<div class=\"elementor-widget-container\">\n\t\t\t\t\t\t\t\t\t<p><span style=\"font-weight: 400;\">Before the visit, we carry out a detailed study of your dresses and personal styles. This allows us to select the perfect accessories that will suit each of you.<\/span><\/p>\t\t\t\t\t\t\t\t<\/div>\n\t\t\t\t<\/div>\n\t\t\t\t\t<\/div>\n\t\t<\/div>\n\t\t\t\t<div class=\"elementor-column elementor-col-25 elementor-inner-column elementor-element elementor-element-5b8297c elementor-invisible\" data-id=\"5b8297c\" data-element_type=\"column\" data-e-type=\"column\" data-settings=\"{&quot;animation&quot;:&quot;fadeIn&quot;,&quot;animation_delay&quot;:500,&quot;background_background&quot;:&quot;classic&quot;}\">\n\t\t\t<div class=\"elementor-widget-wrap elementor-element-populated\">\n\t\t\t\t\t\t<div class=\"elementor-element elementor-element-620ab95 elementor-widget elementor-widget-elementskit-header-info\" data-id=\"620ab95\" data-element_type=\"widget\" data-e-type=\"widget\" data-widget_type=\"elementskit-header-info.default\">\n\t\t\t\t<div class=\"elementor-widget-container\">\n\t\t\t\t\t<div class=\"ekit-wid-con\" >        <ul class=\"ekit-header-info\">\n                                    <li>\n                            <a > \n                                                                Home visit                            <\/a>\n                        <\/li>\n\n                            <\/ul>\n        <\/div>\t\t\t\t<\/div>\n\t\t\t\t<\/div>\n\t\t\t\t<div class=\"elementor-element elementor-element-c3be75f elementor-widget elementor-widget-text-editor\" data-id=\"c3be75f\" data-element_type=\"widget\" data-e-type=\"widget\" data-widget_type=\"text-editor.default\">\n\t\t\t\t<div class=\"elementor-widget-container\">\n\t\t\t\t\t\t\t\t\t<p><span style=\"font-weight: 400;\">Mon\u00edsima de la Muerte will come to your home in Madrid. We will bring an exclusive selection of accessories that will help you complete your look without you having to leave home.<\/span><\/p>\t\t\t\t\t\t\t\t<\/div>\n\t\t\t\t<\/div>\n\t\t\t\t\t<\/div>\n\t\t<\/div>\n\t\t\t\t<div class=\"elementor-column elementor-col-25 elementor-inner-column elementor-element elementor-element-2245bb0 elementor-invisible\" data-id=\"2245bb0\" data-element_type=\"column\" data-e-type=\"column\" data-settings=\"{&quot;animation&quot;:&quot;fadeIn&quot;,&quot;animation_delay&quot;:600,&quot;background_background&quot;:&quot;classic&quot;}\">\n\t\t\t<div class=\"elementor-widget-wrap elementor-element-populated\">\n\t\t\t\t\t\t<div class=\"elementor-element elementor-element-f25d282 elementor-widget elementor-widget-elementskit-header-info\" data-id=\"f25d282\" data-element_type=\"widget\" data-e-type=\"widget\" data-widget_type=\"elementskit-header-info.default\">\n\t\t\t\t<div class=\"elementor-widget-container\">\n\t\t\t\t\t<div class=\"ekit-wid-con\" >        <ul class=\"ekit-header-info\">\n                                    <li>\n                            <a > \n                                                                Unforgettable experience                            <\/a>\n                        <\/li>\n\n                            <\/ul>\n        <\/div>\t\t\t\t<\/div>\n\t\t\t\t<\/div>\n\t\t\t\t<div class=\"elementor-element elementor-element-67ebab6 elementor-widget elementor-widget-text-editor\" data-id=\"67ebab6\" data-element_type=\"widget\" data-e-type=\"widget\" data-widget_type=\"text-editor.default\">\n\t\t\t\t<div class=\"elementor-widget-container\">\n\t\t\t\t\t\t\t\t\t<p><span style=\"font-weight: 400;\">We will have an original and fun time, trying and choosing the ideal accessories for each one. Our goal is for you to enjoy a unique experience and feel special and elegant.<\/span><\/p>\t\t\t\t\t\t\t\t<\/div>\n\t\t\t\t<\/div>\n\t\t\t\t\t<\/div>\n\t\t<\/div>\n\t\t\t\t\t<\/div>\n\t\t<\/section>\n\t\t\t\t\t<\/div>\n\t\t<\/div>\n\t\t\t\t\t<\/div>\n\t\t<\/section>\n\t\t\t\t<\/div>","protected":false},"excerpt":{"rendered":"<p>Mon\u00edsima experience Home Mon\u00edsima experience Mon\u00edsima experience: a unique experience in Madrid At Mon\u00edsima de la Muerte, we bring fashion and style directly to your door. If you live in Madrid and are looking for an original and fun way to complete your look with friends or family, our personalized advice service\u2026&nbsp;<a href=\"https:\/\/monisimadelamuerte.es\/en\/monisima-experience\/\" rel=\"bookmark\">Read More \u00bb<span class=\"screen-reader-text\">Very nice experience<\/span><\/a><\/p>","protected":false},"author":1,"featured_media":0,"parent":0,"menu_order":0,"comment_status":"closed","ping_status":"closed","template":"page-templates\/template-pagebuilder-full-width.php","meta":{"neve_meta_sidebar":"","neve_meta_container":"","neve_meta_enable_content_width":"off","neve_meta_content_width":100,"neve_meta_title_alignment":"","neve_meta_author_avatar":"","neve_post_elements_order":"","neve_meta_disable_header":"","neve_meta_disable_footer":"","neve_meta_disable_title":"","_joinchat":[],"footnotes":""},"class_list":["post-460","page","type-page","status-publish","hentry"],"yoast_head":"<!-- This site is optimized with the Yoast SEO plugin v27.0 - https:\/\/yoast.com\/product\/yoast-seo-wordpress\/ -->\n<title>Mon\u00edsima experience - Mon\u00edsima de la Muerte<\/title>\n<meta name=\"robots\" content=\"index, follow, max-snippet:-1, max-image-preview:large, max-video-preview:-1\" \/>\n<link rel=\"canonical\" href=\"https:\/\/monisimadelamuerte.es\/en\/monisima-experience\/\" \/>\n<meta property=\"og:locale\" content=\"en_GB\" \/>\n<meta property=\"og:type\" content=\"article\" \/>\n<meta property=\"og:title\" content=\"Mon\u00edsima experience - Mon\u00edsima de la Muerte\" \/>\n<meta property=\"og:description\" content=\"Mon\u00edsima experience &nbsp; Home Mon\u00edsima experience Mon\u00edsima experience: una experiencia \u00fanica en madrid En Mon\u00edsima de la Muerte, llevamos la moda y el estilo directamente a tu puerta. Si vives en Madrid y buscas una forma original y divertida de completar tu look junto a tus amigas o familiares, nuestro servicio de asesoramiento personal a&hellip;&nbsp;Read More &raquo;Mon\u00edsima experience\" \/>\n<meta property=\"og:url\" content=\"https:\/\/monisimadelamuerte.es\/en\/monisima-experience\/\" \/>\n<meta property=\"og:site_name\" content=\"Mon\u00edsima de la Muerte\" \/>\n<meta property=\"article:publisher\" content=\"https:\/\/www.facebook.com\/people\/monisimadelamuertees\/100046440565329\/?ref=page_internal&amp;path=monisimadelamuertees-297880507039784\" \/>\n<meta property=\"article:modified_time\" content=\"2024-06-24T21:21:30+00:00\" \/>\n<meta property=\"og:image\" content=\"https:\/\/monisimadelamuerte.es\/wp-content\/uploads\/2024\/06\/30__Esif-Fotografia_1296-682x1024.jpg\" \/>\n<meta name=\"twitter:card\" content=\"summary_large_image\" \/>\n<meta name=\"twitter:label1\" content=\"Estimated reading time\" \/>\n\t<meta name=\"twitter:data1\" content=\"1 minute\" \/>\n<script type=\"application\/ld+json\" class=\"yoast-schema-graph\">{\"@context\":\"https:\/\/schema.org\",\"@graph\":[{\"@type\":\"WebPage\",\"@id\":\"https:\/\/monisimadelamuerte.es\/monisima-experience\/\",\"url\":\"https:\/\/monisimadelamuerte.es\/monisima-experience\/\",\"name\":\"Mon\u00edsima experience - Mon\u00edsima de la Muerte\",\"isPartOf\":{\"@id\":\"https:\/\/monisimadelamuerte.es\/#website\"},\"primaryImageOfPage\":{\"@id\":\"https:\/\/monisimadelamuerte.es\/monisima-experience\/#primaryimage\"},\"image\":{\"@id\":\"https:\/\/monisimadelamuerte.es\/monisima-experience\/#primaryimage\"},\"thumbnailUrl\":\"https:\/\/monisimadelamuerte.es\/wp-content\/uploads\/2024\/06\/30__Esif-Fotografia_1296-682x1024.jpg\",\"datePublished\":\"2024-06-24T21:16:02+00:00\",\"dateModified\":\"2024-06-24T21:21:30+00:00\",\"breadcrumb\":{\"@id\":\"https:\/\/monisimadelamuerte.es\/monisima-experience\/#breadcrumb\"},\"inLanguage\":\"en-GB\",\"potentialAction\":[{\"@type\":\"ReadAction\",\"target\":[\"https:\/\/monisimadelamuerte.es\/monisima-experience\/\"]}]},{\"@type\":\"ImageObject\",\"inLanguage\":\"en-GB\",\"@id\":\"https:\/\/monisimadelamuerte.es\/monisima-experience\/#primaryimage\",\"url\":\"https:\/\/monisimadelamuerte.es\/wp-content\/uploads\/2024\/06\/30__Esif-Fotografia_1296-682x1024.jpg\",\"contentUrl\":\"https:\/\/monisimadelamuerte.es\/wp-content\/uploads\/2024\/06\/30__Esif-Fotografia_1296-682x1024.jpg\"},{\"@type\":\"BreadcrumbList\",\"@id\":\"https:\/\/monisimadelamuerte.es\/monisima-experience\/#breadcrumb\",\"itemListElement\":[{\"@type\":\"ListItem\",\"position\":1,\"name\":\"Portada\",\"item\":\"https:\/\/monisimadelamuerte.es\/\"},{\"@type\":\"ListItem\",\"position\":2,\"name\":\"Mon\u00edsima experience\"}]},{\"@type\":\"WebSite\",\"@id\":\"https:\/\/monisimadelamuerte.es\/#website\",\"url\":\"https:\/\/monisimadelamuerte.es\/\",\"name\":\"monisimadelamuerte.es\",\"description\":\"\",\"potentialAction\":[{\"@type\":\"SearchAction\",\"target\":{\"@type\":\"EntryPoint\",\"urlTemplate\":\"https:\/\/monisimadelamuerte.es\/?s={search_term_string}\"},\"query-input\":{\"@type\":\"PropertyValueSpecification\",\"valueRequired\":true,\"valueName\":\"search_term_string\"}}],\"inLanguage\":\"en-GB\"}]}<\/script>\n<!-- \/ Yoast SEO plugin. -->","yoast_head_json":{"title":"Mon\u00edsima experience - Mon\u00edsima de la Muerte","robots":{"index":"index","follow":"follow","max-snippet":"max-snippet:-1","max-image-preview":"max-image-preview:large","max-video-preview":"max-video-preview:-1"},"canonical":"https:\/\/monisimadelamuerte.es\/en\/monisima-experience\/","og_locale":"en_GB","og_type":"article","og_title":"Mon\u00edsima experience - Mon\u00edsima de la Muerte","og_description":"Mon\u00edsima experience &nbsp; Home Mon\u00edsima experience Mon\u00edsima experience: una experiencia \u00fanica en madrid En Mon\u00edsima de la Muerte, llevamos la moda y el estilo directamente a tu puerta. Si vives en Madrid y buscas una forma original y divertida de completar tu look junto a tus amigas o familiares, nuestro servicio de asesoramiento personal a&hellip;&nbsp;Read More &raquo;Mon\u00edsima experience","og_url":"https:\/\/monisimadelamuerte.es\/en\/monisima-experience\/","og_site_name":"Mon\u00edsima de la Muerte","article_publisher":"https:\/\/www.facebook.com\/people\/monisimadelamuertees\/100046440565329\/?ref=page_internal&path=monisimadelamuertees-297880507039784","article_modified_time":"2024-06-24T21:21:30+00:00","og_image":[{"url":"https:\/\/monisimadelamuerte.es\/wp-content\/uploads\/2024\/06\/30__Esif-Fotografia_1296-682x1024.jpg","type":"","width":"","height":""}],"twitter_card":"summary_large_image","twitter_misc":{"Estimated reading time":"1 minute"},"schema":{"@context":"https:\/\/schema.org","@graph":[{"@type":"WebPage","@id":"https:\/\/monisimadelamuerte.es\/monisima-experience\/","url":"https:\/\/monisimadelamuerte.es\/monisima-experience\/","name":"Mon\u00edsima experience - Mon\u00edsima de la Muerte","isPartOf":{"@id":"https:\/\/monisimadelamuerte.es\/#website"},"primaryImageOfPage":{"@id":"https:\/\/monisimadelamuerte.es\/monisima-experience\/#primaryimage"},"image":{"@id":"https:\/\/monisimadelamuerte.es\/monisima-experience\/#primaryimage"},"thumbnailUrl":"https:\/\/monisimadelamuerte.es\/wp-content\/uploads\/2024\/06\/30__Esif-Fotografia_1296-682x1024.jpg","datePublished":"2024-06-24T21:16:02+00:00","dateModified":"2024-06-24T21:21:30+00:00","breadcrumb":{"@id":"https:\/\/monisimadelamuerte.es\/monisima-experience\/#breadcrumb"},"inLanguage":"en-GB","potentialAction":[{"@type":"ReadAction","target":["https:\/\/monisimadelamuerte.es\/monisima-experience\/"]}]},{"@type":"ImageObject","inLanguage":"en-GB","@id":"https:\/\/monisimadelamuerte.es\/monisima-experience\/#primaryimage","url":"https:\/\/monisimadelamuerte.es\/wp-content\/uploads\/2024\/06\/30__Esif-Fotografia_1296-682x1024.jpg","contentUrl":"https:\/\/monisimadelamuerte.es\/wp-content\/uploads\/2024\/06\/30__Esif-Fotografia_1296-682x1024.jpg"},{"@type":"BreadcrumbList","@id":"https:\/\/monisimadelamuerte.es\/monisima-experience\/#breadcrumb","itemListElement":[{"@type":"ListItem","position":1,"name":"Portada","item":"https:\/\/monisimadelamuerte.es\/"},{"@type":"ListItem","position":2,"name":"Mon\u00edsima experience"}]},{"@type":"WebSite","@id":"https:\/\/monisimadelamuerte.es\/#website","url":"https:\/\/monisimadelamuerte.es\/","name":"monisimadelamuerte.es","description":"","potentialAction":[{"@type":"SearchAction","target":{"@type":"EntryPoint","urlTemplate":"https:\/\/monisimadelamuerte.es\/?s={search_term_string}"},"query-input":{"@type":"PropertyValueSpecification","valueRequired":true,"valueName":"search_term_string"}}],"inLanguage":"en-GB"}]}},"_links":{"self":[{"href":"https:\/\/monisimadelamuerte.es\/en\/wp-json\/wp\/v2\/pages\/460","targetHints":{"allow":["GET"]}}],"collection":[{"href":"https:\/\/monisimadelamuerte.es\/en\/wp-json\/wp\/v2\/pages"}],"about":[{"href":"https:\/\/monisimadelamuerte.es\/en\/wp-json\/wp\/v2\/types\/page"}],"author":[{"embeddable":true,"href":"https:\/\/monisimadelamuerte.es\/en\/wp-json\/wp\/v2\/users\/1"}],"replies":[{"embeddable":true,"href":"https:\/\/monisimadelamuerte.es\/en\/wp-json\/wp\/v2\/comments?post=460"}],"version-history":[{"count":4,"href":"https:\/\/monisimadelamuerte.es\/en\/wp-json\/wp\/v2\/pages\/460\/revisions"}],"predecessor-version":[{"id":465,"href":"https:\/\/monisimadelamuerte.es\/en\/wp-json\/wp\/v2\/pages\/460\/revisions\/465"}],"wp:attachment":[{"href":"https:\/\/monisimadelamuerte.es\/en\/wp-json\/wp\/v2\/media?parent=460"}],"curies":[{"name":"wp","href":"https:\/\/api.w.org\/{rel}","templated":true}]}}